{"id":8326,"date":"2020-11-04T09:36:06","date_gmt":"2020-11-04T09:36:06","guid":{"rendered":"https:\/\/toofabric.com\/?page_id=8326"},"modified":"2023-03-14T12:01:04","modified_gmt":"2023-03-14T12:01:04","slug":"hvem-vi-er","status":"publish","type":"page","link":"https:\/\/toofabric.com\/da\/hvem-vi-er\/","title":{"rendered":"Hvem vi er"},"content":{"rendered":"\t\t<div data-elementor-type=\"wp-page\" data-elementor-id=\"8326\" class=\"elementor elementor-8326\" data-elementor-post-type=\"page\">\n\t\t\t\t<div class=\"elementor-element elementor-element-fcf8e93 e-flex e-con-boxed e-con e-parent\" data-id=\"fcf8e93\" data-element_type=\"container\" data-e-type=\"container\" data-settings=\"{&quot;jet_parallax_layout_list&quot;:[]}\">\n\t\t\t\t\t<div class=\"e-con-inner\">\n\t\t<div class=\"elementor-element elementor-element-6c38d0a e-con-full e-flex e-con e-child\" data-id=\"6c38d0a\" data-element_type=\"container\" data-e-type=\"container\" data-settings=\"{&quot;jet_parallax_layout_list&quot;:[]}\">\n\t\t\t\t<div class=\"elementor-element elementor-element-0f6aa07 premium-header-inline premium-box-lq__none elementor-widget elementor-widget-premium-addon-dual-header\" data-id=\"0f6aa07\" data-element_type=\"widget\" data-e-type=\"widget\" data-widget_type=\"premium-addon-dual-header.default\">\n\t\t\t\t\t\n\t\t<div class=\"elementor-widget-container\">\n\t\t\t\t\t<h1 class=\"premium-dual-header-first-header premium-dual-header-first-clip\"><span class=\"premium-dual-header-first-span\">Hvem vi er <\/span><\/h1> \t\t\t\t<\/div>\n\n\t\t\t\t\t\t<\/div>\n\t\t\t\t<div class=\"elementor-element elementor-element-6d218c2 elementor-widget elementor-widget-text-editor\" data-id=\"6d218c2\" data-element_type=\"widget\" data-e-type=\"widget\" data-widget_type=\"text-editor.default\">\n\t\t\t\t<div class=\"elementor-widget-container\">\n\t\t\t\t\t\t\t\t\t<p>Hvad med at fort\u00e6lle dit brands position med et mere personligt pr\u00e6g af visioner? Vi er klar til at g\u00f8re dine dr\u00f8mme til virkelighed ved at tilbyde skr\u00e6ddersyet produktion af T-shirts, hoodies og joggere med vores specialistteams kreativitet.<\/p>\t\t\t\t\t\t\t\t<\/div>\n\t\t\t\t<\/div>\n\t\t<div class=\"elementor-element elementor-element-b4ca512 e-con-full e-flex e-con e-child\" data-id=\"b4ca512\" data-element_type=\"container\" data-e-type=\"container\" data-settings=\"{&quot;jet_parallax_layout_list&quot;:[]}\">\n\t\t\t\t<div class=\"elementor-element elementor-element-ea7c03f elementor-widget-tablet__width-initial elementor-widget-mobile__width-auto premium-lq__none elementor-widget elementor-widget-premium-addon-button\" data-id=\"ea7c03f\" data-element_type=\"widget\" data-e-type=\"widget\" data-widget_type=\"premium-addon-button.default\">\n\t\t\t\t<div class=\"elementor-widget-container\">\n\t\t\t\t\t\n\n\t\t<a class=\"premium-button premium-button-none premium-btn-lg premium-button-none\" href=\"https:\/\/toofabric.com\/da\/produkter\/\">\n\t\t\t<div class=\"premium-button-text-icon-wrapper\">\n\t\t\t\t\n\t\t\t\t\t\t\t\t\t<span >\n\t\t\t\t\t\tSe produkter\t\t\t\t\t<\/span>\n\t\t\t\t\t\t\t<\/div>\n\n\t\t\t\n\t\t\t\n\t\t\t\n\t\t<\/a>\n\n\n\t\t\t\t\t\t<\/div>\n\t\t\t\t<\/div>\n\t\t\t\t<div class=\"elementor-element elementor-element-4f34fc9 elementor-widget-mobile__width-auto premium-lq__none elementor-widget elementor-widget-premium-addon-button\" data-id=\"4f34fc9\" data-element_type=\"widget\" data-e-type=\"widget\" data-widget_type=\"premium-addon-button.default\">\n\t\t\t\t<div class=\"elementor-widget-container\">\n\t\t\t\t\t\n\n\t\t<a class=\"premium-button premium-button-none premium-btn-lg premium-button-none\" href=\"https:\/\/toofabric.com\/da\/kontakt\/\">\n\t\t\t<div class=\"premium-button-text-icon-wrapper\">\n\t\t\t\t\n\t\t\t\t\t\t\t\t\t<span >\n\t\t\t\t\t\tKontakt salg\t\t\t\t\t<\/span>\n\t\t\t\t\t\t\t<\/div>\n\n\t\t\t\n\t\t\t\n\t\t\t\n\t\t<\/a>\n\n\n\t\t\t\t\t\t<\/div>\n\t\t\t\t<\/div>\n\t\t\t\t<\/div>\n\t\t\t\t<\/div>\n\t\t<div class=\"elementor-element elementor-element-c13edb3 e-con-full e-flex e-con e-child\" data-id=\"c13edb3\" data-element_type=\"container\" data-e-type=\"container\" data-settings=\"{&quot;jet_parallax_layout_list&quot;:[]}\">\n\t\t\t\t<div class=\"elementor-element elementor-element-abf6467 elementor-widget elementor-widget-image\" data-id=\"abf6467\" data-element_type=\"widget\" data-e-type=\"widget\" data-widget_type=\"image.default\">\n\t\t\t\t<div class=\"elementor-widget-container\">\n\t\t\t\t\t\t\t\t\t\t\t\t\t\t\t<img fetchpriority=\"high\" decoding=\"async\" width=\"945\" height=\"634\" src=\"https:\/\/toofabric.com\/wp-content\/uploads\/2023\/01\/Too-Fabric-Who-We-Are-Custom-T-shirt-and-Hoodie-Manufacturer-1.jpg\" class=\"attachment-large size-large wp-image-23505\" alt=\"Hvem vi er | Too Fabric | Brugerdefineret t\u00f8jproducent i Tyrkiet\" srcset=\"https:\/\/toofabric.com\/wp-content\/uploads\/2023\/01\/Too-Fabric-Who-We-Are-Custom-T-shirt-and-Hoodie-Manufacturer-1.jpg 945w, https:\/\/toofabric.com\/wp-content\/uploads\/2023\/01\/Too-Fabric-Who-We-Are-Custom-T-shirt-and-Hoodie-Manufacturer-1-300x201.jpg 300w, https:\/\/toofabric.com\/wp-content\/uploads\/2023\/01\/Too-Fabric-Who-We-Are-Custom-T-shirt-and-Hoodie-Manufacturer-1-768x515.jpg 768w\" sizes=\"(max-width: 945px) 100vw, 945px\" \/>\t\t\t\t\t\t\t\t\t\t\t\t\t\t\t<\/div>\n\t\t\t\t<\/div>\n\t\t\t\t<\/div>\n\t\t\t\t\t<\/div>\n\t\t\t\t<\/div>\n\t\t<div class=\"elementor-element elementor-element-8f544af e-flex e-con-boxed e-con e-parent\" data-id=\"8f544af\" data-element_type=\"container\" data-e-type=\"container\" data-settings=\"{&quot;background_background&quot;:&quot;classic&quot;,&quot;jet_parallax_layout_list&quot;:[]}\">\n\t\t\t\t\t<div class=\"e-con-inner\">\n\t\t<div class=\"elementor-element elementor-element-d67c7ba e-con-full elementor-hidden-tablet e-flex e-con e-child\" data-id=\"d67c7ba\" data-element_type=\"container\" data-e-type=\"container\" data-settings=\"{&quot;jet_parallax_layout_list&quot;:[]}\">\n\t\t\t\t<div class=\"elementor-element elementor-element-c6e2aeb elementor-widget elementor-widget-image\" data-id=\"c6e2aeb\" data-element_type=\"widget\" data-e-type=\"widget\" data-widget_type=\"image.default\">\n\t\t\t\t<div class=\"elementor-widget-container\">\n\t\t\t\t\t\t\t\t\t\t\t\t\t\t\t<img decoding=\"async\" width=\"627\" height=\"577\" src=\"https:\/\/toofabric.com\/wp-content\/uploads\/2023\/01\/Too-Fabric-Who-We-Are-Custom-T-shirt-and-Hoodie-Manufacturer-2.png\" class=\"attachment-full size-full wp-image-23491\" alt=\"Hvem vi er | Too Fabric | Brugerdefineret t\u00f8jproducent i Tyrkiet\" srcset=\"https:\/\/toofabric.com\/wp-content\/uploads\/2023\/01\/Too-Fabric-Who-We-Are-Custom-T-shirt-and-Hoodie-Manufacturer-2.png 627w, https:\/\/toofabric.com\/wp-content\/uploads\/2023\/01\/Too-Fabric-Who-We-Are-Custom-T-shirt-and-Hoodie-Manufacturer-2-300x276.png 300w\" sizes=\"(max-width: 627px) 100vw, 627px\" \/>\t\t\t\t\t\t\t\t\t\t\t\t\t\t\t<\/div>\n\t\t\t\t<\/div>\n\t\t\t\t<\/div>\n\t\t<div class=\"elementor-element elementor-element-9d21743 e-con-full e-flex e-con e-child\" data-id=\"9d21743\" data-element_type=\"container\" data-e-type=\"container\" data-settings=\"{&quot;jet_parallax_layout_list&quot;:[]}\">\n\t\t\t\t<div class=\"elementor-element elementor-element-27f3273 premium-header-inline premium-box-lq__none elementor-widget elementor-widget-premium-addon-dual-header\" data-id=\"27f3273\" data-element_type=\"widget\" data-e-type=\"widget\" data-widget_type=\"premium-addon-dual-header.default\">\n\t\t\t\t\t\n\t\t<div class=\"elementor-widget-container\">\n\t\t\t\t\t<h2 class=\"premium-dual-header-first-header premium-dual-header-first-clip\"><span class=\"premium-dual-header-first-span\">Forbedre din kendskabet til dit brand <\/span><\/h2> \t\t\t\t<\/div>\n\n\t\t\t\t\t\t<\/div>\n\t\t\t\t<div class=\"elementor-element elementor-element-190cb39 elementor-widget elementor-widget-text-editor\" data-id=\"190cb39\" data-element_type=\"widget\" data-e-type=\"widget\" data-widget_type=\"text-editor.default\">\n\t\t\t\t<div class=\"elementor-widget-container\">\n\t\t\t\t\t\t\t\t\t<p>Vi leverer service af h\u00f8j kvalitet med klipning, trykning og broderi, syning, strygning og emballering samt kvalitetskontrol med vores 60 kvalificerede medarbejdere ved at l\u00e6gge v\u00e6gt p\u00e5 arbejdsforhold og sociale rettigheder p\u00e5 vores produktionsomr\u00e5de p\u00e5 1000 m\u00b2 i Istanbul. Vi arbejder inden for mange omr\u00e5der, herunder modet\u00f8j, arbejdst\u00f8j, skoleuniformer og reklameartikler samt produktion af sofistikeret t\u00f8j.<\/p><p>Vores team af passionerede og erfarne fagfolk er dedikeret til at hj\u00e6lpe dig med at skabe et unikt, i\u00f8jnefaldende design, der afspejler dit m\u00e6rkes mission og v\u00e6rdier. Vores f\u00f8rsteklasses kundeservice er her for at sikre, at dit t\u00f8j skiller sig ud fra de andre. Med vores teams kreative vision kan du stole p\u00e5, at dit t\u00f8j bliver fremstillet med kvalitet og pr\u00e6cision.<\/p><p>Vi er her for at hj\u00e6lpe dig med at skabe din perfekte bekl\u00e6dning. Uanset om du \u00f8nsker at skabe noget helt nyt og unikt, eller om du \u00f8nsker at lave et par justeringer p\u00e5 et eksisterende design, er vores team klar og villig til at hj\u00e6lpe dig med at bringe dit design til live. Vi ser frem til at arbejde sammen med dig og hj\u00e6lpe dig med at g\u00f8re din vision til virkelighed.<\/p>\t\t\t\t\t\t\t\t<\/div>\n\t\t\t\t<\/div>\n\t\t\t\t<\/div>\n\t\t\t\t\t<\/div>\n\t\t\t\t<\/div>\n\t\t<div class=\"elementor-element elementor-element-228b3f3 e-flex e-con-boxed e-con e-parent\" data-id=\"228b3f3\" data-element_type=\"container\" data-e-type=\"container\" data-settings=\"{&quot;background_background&quot;:&quot;classic&quot;,&quot;jet_parallax_layout_list&quot;:[]}\">\n\t\t\t\t\t<div class=\"e-con-inner\">\n\t\t<div class=\"elementor-element elementor-element-2457be3 e-con-full elementor-hidden-mobile e-flex e-con e-child\" data-id=\"2457be3\" data-element_type=\"container\" data-e-type=\"container\" data-settings=\"{&quot;jet_parallax_layout_list&quot;:[]}\">\n\t\t\t\t<div class=\"elementor-element elementor-element-6695522 elementor-widget-mobile__width-initial elementor-widget-tablet__width-initial elementor-widget elementor-widget-image\" data-id=\"6695522\" data-element_type=\"widget\" data-e-type=\"widget\" data-widget_type=\"image.default\">\n\t\t\t\t<div class=\"elementor-widget-container\">\n\t\t\t\t\t\t\t\t\t\t\t\t\t\t\t<img decoding=\"async\" src=\"https:\/\/toofabric.com\/wp-content\/uploads\/2022\/08\/Too-Fabric-Clock.png\" title=\"Too Fabric | Brugerdefineret t\u00f8jproducent i Tyrkiet\" alt=\"Too Fabric | Brugerdefineret t\u00f8jproducent i Tyrkiet\" loading=\"lazy\" \/>\t\t\t\t\t\t\t\t\t\t\t\t\t\t\t<\/div>\n\t\t\t\t<\/div>\n\t\t\t\t<\/div>\n\t\t<div class=\"elementor-element elementor-element-27e9af2 e-flex e-con-boxed e-con e-child\" data-id=\"27e9af2\" data-element_type=\"container\" data-e-type=\"container\" data-settings=\"{&quot;jet_parallax_layout_list&quot;:[]}\">\n\t\t\t\t\t<div class=\"e-con-inner\">\n\t\t\t\t<div class=\"elementor-element elementor-element-aae353f elementor-widget__width-initial premium-header-inline premium-box-lq__none elementor-widget elementor-widget-premium-addon-dual-header\" data-id=\"aae353f\" data-element_type=\"widget\" data-e-type=\"widget\" data-widget_type=\"premium-addon-dual-header.default\">\n\t\t\t\t\t\n\t\t<div class=\"elementor-widget-container\">\n\t\t\t\t\t<h2 class=\"premium-dual-header-first-header premium-dual-header-first-clip\"><span class=\"premium-dual-header-first-span\">Gennemsnitlig svartid: 1 time <\/span><\/h2> \t\t\t\t<\/div>\n\n\t\t\t\t\t\t<\/div>\n\t\t\t\t<div class=\"elementor-element elementor-element-1d745c1 elementor-widget elementor-widget-text-editor\" data-id=\"1d745c1\" data-element_type=\"widget\" data-e-type=\"widget\" data-widget_type=\"text-editor.default\">\n\t\t\t\t<div class=\"elementor-widget-container\">\n\t\t\t\t\t\t\t\t\t<p>Vi besvarer vores kunder p\u00e5 kun 1 time i arbejdstiden.<br \/>Den hurtigste og nemmeste m\u00e5de at oprette dit projekt p\u00e5!<\/p>\t\t\t\t\t\t\t\t<\/div>\n\t\t\t\t<\/div>\n\t\t\t\t<div class=\"elementor-element elementor-element-67db700 pa-icon-pos-after premium-lq__none elementor-widget elementor-widget-premium-addon-button\" data-id=\"67db700\" data-element_type=\"widget\" data-e-type=\"widget\" data-widget_type=\"premium-addon-button.default\">\n\t\t\t\t<div class=\"elementor-widget-container\">\n\t\t\t\t\t\n\n\t\t<a class=\"premium-button premium-button-none premium-btn-lg premium-button-none\" href=\"https:\/\/toofabric.com\/da\/kontakt\/\">\n\t\t\t<div class=\"premium-button-text-icon-wrapper\">\n\t\t\t\t\n\t\t\t\t\t\t\t\t\t\t\t\t\t\t\t\t\t\t<svg class=\"svg-inline--fas-fa-angle-right premium-drawable-icon premium-svg-nodraw\" aria-hidden='true' xmlns='http:\/\/www.w3.org\/2000\/svg' viewBox='0 0 256 512'><path d=\"M224.3 273l-136 136c-9.4 9.4-24.6 9.4-33.9 0l-22.6-22.6c-9.4-9.4-9.4-24.6 0-33.9l96.4-96.4-96.4-96.4c-9.4-9.4-9.4-24.6 0-33.9L54.3 103c9.4-9.4 24.6-9.4 33.9 0l136 136c9.5 9.4 9.5 24.6.1 34z\"><\/path><\/svg>\t\t\t\t\t\t\t\t\t\t\t\t\t\t\t\n\t\t\t\t\t\t\t\t\t<span >\n\t\t\t\t\t\tKontakt salg\t\t\t\t\t<\/span>\n\t\t\t\t\t\t\t<\/div>\n\n\t\t\t\n\t\t\t\n\t\t\t\n\t\t<\/a>\n\n\n\t\t\t\t\t\t<\/div>\n\t\t\t\t<\/div>\n\t\t\t\t\t<\/div>\n\t\t\t\t<\/div>\n\t\t\t\t\t<\/div>\n\t\t\t\t<\/div>\n\t\t<div class=\"elementor-element elementor-element-6139ee6 e-con-full elementor-hidden-desktop elementor-hidden-tablet e-flex e-con e-parent\" data-id=\"6139ee6\" data-element_type=\"container\" data-e-type=\"container\" data-settings=\"{&quot;jet_parallax_layout_list&quot;:[]}\">\n\t\t\t\t<div class=\"elementor-element elementor-element-4ea79f6 elementor-shape-circle e-grid-align-right elementor-grid-0 elementor-invisible elementor-widget elementor-widget-social-icons\" data-id=\"4ea79f6\" data-element_type=\"widget\" data-e-type=\"widget\" data-settings=\"{&quot;motion_fx_motion_fx_scrolling&quot;:&quot;yes&quot;,&quot;sticky&quot;:&quot;bottom&quot;,&quot;sticky_offset&quot;:20,&quot;_animation&quot;:&quot;fadeIn&quot;,&quot;motion_fx_devices&quot;:[&quot;desktop&quot;,&quot;tablet&quot;,&quot;mobile&quot;],&quot;sticky_on&quot;:[&quot;desktop&quot;,&quot;tablet&quot;,&quot;mobile&quot;],&quot;sticky_effects_offset&quot;:0,&quot;sticky_anchor_link_offset&quot;:0}\" data-widget_type=\"social-icons.default\">\n\t\t\t\t<div class=\"elementor-widget-container\">\n\t\t\t\t\t\t\t<div class=\"elementor-social-icons-wrapper elementor-grid\">\n\t\t\t\t\t\t\t<span class=\"elementor-grid-item\">\n\t\t\t\t\t<a class=\"elementor-icon elementor-social-icon elementor-social-icon-whatsapp elementor-repeater-item-fd23a32\" href=\"https:\/\/wa.me\/905456264401\" target=\"_blank\">\n\t\t\t\t\t\t<span class=\"elementor-screen-only\">Whatsapp<\/span>\n\t\t\t\t\t\t<i aria-hidden=\"true\" class=\"fab fa-whatsapp\"><\/i>\t\t\t\t\t<\/a>\n\t\t\t\t<\/span>\n\t\t\t\t\t<\/div>\n\t\t\t\t\t\t<\/div>\n\t\t\t\t<\/div>\n\t\t\t\t<\/div>\n\t\t\t\t<\/div>\n\t\t","protected":false},"excerpt":{"rendered":"<p>Hvem vi er Hvad med at fort\u00e6lle dit brands position med et mere personligt pr\u00e6g af visioner? Vi er klar til at g\u00f8re dine dr\u00f8mme til virkelighed ved at tilbyde skr\u00e6ddersyet produktion af T-shirts, hoodies og joggere med vores specialistteams kreativitet. Se produkter Kontakt salg Forbedre din kendskabet til dit brand Vi leverer service af &#8230; <a title=\"Hvem vi er\" class=\"read-more\" href=\"https:\/\/toofabric.com\/da\/hvem-vi-er\/\" aria-label=\"Read more about Hvem vi er\">L\u00e6s mere <\/a><\/p>\n","protected":false},"author":1,"featured_media":37421,"parent":0,"menu_order":0,"comment_status":"closed","ping_status":"closed","template":"","meta":{"inline_featured_image":false,"footnotes":""},"class_list":["post-8326","page","type-page","status-publish","has-post-thumbnail"],"yoast_head":"<!-- This site is optimized with the Yoast SEO plugin v27.4 - https:\/\/yoast.com\/product\/yoast-seo-wordpress\/ -->\n<title>Hvem vi er | Too Fabric | Brugerdefineret t\u00f8jproducent i Tyrkiet<\/title>\n<meta name=\"description\" content=\"Hvad med at fort\u00e6lle dit brands position med et mere personligt pr\u00e6g af visioner? Vi tilbyder skr\u00e6ddersyet produktion af T-shirts og hoodies.\" \/>\n<meta name=\"robots\" content=\"index, follow, max-snippet:-1, max-image-preview:large, max-video-preview:-1\" \/>\n<link rel=\"canonical\" href=\"https:\/\/toofabric.com\/da\/hvem-vi-er\/\" \/>\n<meta property=\"og:locale\" content=\"da_DK\" \/>\n<meta property=\"og:type\" content=\"article\" \/>\n<meta property=\"og:title\" content=\"Hvem vi er | Too Fabric | Brugerdefineret t\u00f8jproducent i Tyrkiet\" \/>\n<meta property=\"og:description\" content=\"Hvad med at fort\u00e6lle dit brands position med et mere personligt pr\u00e6g af visioner? Vi tilbyder skr\u00e6ddersyet produktion af T-shirts og hoodies.\" \/>\n<meta property=\"og:url\" content=\"https:\/\/toofabric.com\/da\/hvem-vi-er\/\" \/>\n<meta property=\"og:site_name\" content=\"Too Fabric\" \/>\n<meta property=\"article:modified_time\" content=\"2023-03-14T12:01:04+00:00\" \/>\n<meta property=\"og:image\" content=\"https:\/\/toofabric.com\/wp-content\/uploads\/2023\/01\/Too-Fabric-Who-We-Are-Custom-T-shirt-and-Hoodie-Manufacturer-1.jpg\" \/>\n\t<meta property=\"og:image:width\" content=\"945\" \/>\n\t<meta property=\"og:image:height\" content=\"634\" \/>\n\t<meta property=\"og:image:type\" content=\"image\/jpeg\" \/>\n<meta name=\"twitter:card\" content=\"summary_large_image\" \/>\n<meta name=\"twitter:label1\" content=\"Estimeret l\u00e6setid\" \/>\n\t<meta name=\"twitter:data1\" content=\"2 minutter\" \/>\n<script type=\"application\/ld+json\" class=\"yoast-schema-graph\">{\"@context\":\"https:\\\/\\\/schema.org\",\"@graph\":[{\"@type\":\"WebPage\",\"@id\":\"https:\\\/\\\/toofabric.com\\\/da\\\/hvem-vi-er\\\/\",\"url\":\"https:\\\/\\\/toofabric.com\\\/da\\\/hvem-vi-er\\\/\",\"name\":\"Hvem vi er | Too Fabric | Brugerdefineret t\u00f8jproducent i Tyrkiet\",\"isPartOf\":{\"@id\":\"https:\\\/\\\/toofabric.com\\\/da\\\/#website\"},\"primaryImageOfPage\":{\"@id\":\"https:\\\/\\\/toofabric.com\\\/da\\\/hvem-vi-er\\\/#primaryimage\"},\"image\":{\"@id\":\"https:\\\/\\\/toofabric.com\\\/da\\\/hvem-vi-er\\\/#primaryimage\"},\"thumbnailUrl\":\"https:\\\/\\\/toofabric.com\\\/wp-content\\\/uploads\\\/2024\\\/07\\\/4050KirmiziS-5.jpg\",\"datePublished\":\"2020-11-04T09:36:06+00:00\",\"dateModified\":\"2023-03-14T12:01:04+00:00\",\"description\":\"Hvad med at fort\u00e6lle dit brands position med et mere personligt pr\u00e6g af visioner? Vi tilbyder skr\u00e6ddersyet produktion af T-shirts og hoodies.\",\"breadcrumb\":{\"@id\":\"https:\\\/\\\/toofabric.com\\\/da\\\/hvem-vi-er\\\/#breadcrumb\"},\"inLanguage\":\"da-DK\",\"potentialAction\":[{\"@type\":\"ReadAction\",\"target\":[\"https:\\\/\\\/toofabric.com\\\/da\\\/hvem-vi-er\\\/\"]}]},{\"@type\":\"ImageObject\",\"inLanguage\":\"da-DK\",\"@id\":\"https:\\\/\\\/toofabric.com\\\/da\\\/hvem-vi-er\\\/#primaryimage\",\"url\":\"https:\\\/\\\/toofabric.com\\\/wp-content\\\/uploads\\\/2024\\\/07\\\/4050KirmiziS-5.jpg\",\"contentUrl\":\"https:\\\/\\\/toofabric.com\\\/wp-content\\\/uploads\\\/2024\\\/07\\\/4050KirmiziS-5.jpg\",\"width\":1200,\"height\":1800,\"caption\":\"4050 (Red) | Too Fabric | Wholesale Lingerie Manufacturer\"},{\"@type\":\"BreadcrumbList\",\"@id\":\"https:\\\/\\\/toofabric.com\\\/da\\\/hvem-vi-er\\\/#breadcrumb\",\"itemListElement\":[{\"@type\":\"ListItem\",\"position\":1,\"name\":\"Home\",\"item\":\"https:\\\/\\\/toofabric.com\\\/da\\\/brugerdefineret-toejproducent-i-tyrkiet\\\/\"},{\"@type\":\"ListItem\",\"position\":2,\"name\":\"Hvem vi er\"}]},{\"@type\":\"WebSite\",\"@id\":\"https:\\\/\\\/toofabric.com\\\/da\\\/#website\",\"url\":\"https:\\\/\\\/toofabric.com\\\/da\\\/\",\"name\":\"Too Fabric\",\"description\":\"Custom Clothing Manufacturer\",\"publisher\":{\"@id\":\"https:\\\/\\\/toofabric.com\\\/da\\\/#organization\"},\"potentialAction\":[{\"@type\":\"SearchAction\",\"target\":{\"@type\":\"EntryPoint\",\"urlTemplate\":\"https:\\\/\\\/toofabric.com\\\/da\\\/?s={search_term_string}\"},\"query-input\":{\"@type\":\"PropertyValueSpecification\",\"valueRequired\":true,\"valueName\":\"search_term_string\"}}],\"inLanguage\":\"da-DK\"},{\"@type\":\"Organization\",\"@id\":\"https:\\\/\\\/toofabric.com\\\/da\\\/#organization\",\"name\":\"Too Fabric\",\"url\":\"https:\\\/\\\/toofabric.com\\\/da\\\/\",\"logo\":{\"@type\":\"ImageObject\",\"inLanguage\":\"da-DK\",\"@id\":\"https:\\\/\\\/toofabric.com\\\/da\\\/#\\\/schema\\\/logo\\\/image\\\/\",\"url\":\"https:\\\/\\\/toofabric.com\\\/wp-content\\\/uploads\\\/2019\\\/08\\\/Too-Fabric-1.svg\",\"contentUrl\":\"https:\\\/\\\/toofabric.com\\\/wp-content\\\/uploads\\\/2019\\\/08\\\/Too-Fabric-1.svg\",\"width\":1,\"height\":1,\"caption\":\"Too Fabric\"},\"image\":{\"@id\":\"https:\\\/\\\/toofabric.com\\\/da\\\/#\\\/schema\\\/logo\\\/image\\\/\"},\"sameAs\":[\"https:\\\/\\\/www.instagram.com\\\/toofabric\\\/\",\"https:\\\/\\\/tr.linkedin.com\\\/company\\\/too-fabric?trk=public_profile_topcard_current_company\",\"https:\\\/\\\/www.youtube.com\\\/channel\\\/UCSlIhMOl6lVRT7kZd8_iBRg\"]}]}<\/script>\n<!-- \/ Yoast SEO plugin. -->","yoast_head_json":{"title":"Hvem vi er | Too Fabric | Brugerdefineret t\u00f8jproducent i Tyrkiet","description":"Hvad med at fort\u00e6lle dit brands position med et mere personligt pr\u00e6g af visioner? Vi tilbyder skr\u00e6ddersyet produktion af T-shirts og hoodies.","robots":{"index":"index","follow":"follow","max-snippet":"max-snippet:-1","max-image-preview":"max-image-preview:large","max-video-preview":"max-video-preview:-1"},"canonical":"https:\/\/toofabric.com\/da\/hvem-vi-er\/","og_locale":"da_DK","og_type":"article","og_title":"Hvem vi er | Too Fabric | Brugerdefineret t\u00f8jproducent i Tyrkiet","og_description":"Hvad med at fort\u00e6lle dit brands position med et mere personligt pr\u00e6g af visioner? Vi tilbyder skr\u00e6ddersyet produktion af T-shirts og hoodies.","og_url":"https:\/\/toofabric.com\/da\/hvem-vi-er\/","og_site_name":"Too Fabric","article_modified_time":"2023-03-14T12:01:04+00:00","og_image":[{"width":945,"height":634,"url":"https:\/\/toofabric.com\/wp-content\/uploads\/2023\/01\/Too-Fabric-Who-We-Are-Custom-T-shirt-and-Hoodie-Manufacturer-1.jpg","type":"image\/jpeg"}],"twitter_card":"summary_large_image","twitter_misc":{"Estimeret l\u00e6setid":"2 minutter"},"schema":{"@context":"https:\/\/schema.org","@graph":[{"@type":"WebPage","@id":"https:\/\/toofabric.com\/da\/hvem-vi-er\/","url":"https:\/\/toofabric.com\/da\/hvem-vi-er\/","name":"Hvem vi er | Too Fabric | Brugerdefineret t\u00f8jproducent i Tyrkiet","isPartOf":{"@id":"https:\/\/toofabric.com\/da\/#website"},"primaryImageOfPage":{"@id":"https:\/\/toofabric.com\/da\/hvem-vi-er\/#primaryimage"},"image":{"@id":"https:\/\/toofabric.com\/da\/hvem-vi-er\/#primaryimage"},"thumbnailUrl":"https:\/\/toofabric.com\/wp-content\/uploads\/2024\/07\/4050KirmiziS-5.jpg","datePublished":"2020-11-04T09:36:06+00:00","dateModified":"2023-03-14T12:01:04+00:00","description":"Hvad med at fort\u00e6lle dit brands position med et mere personligt pr\u00e6g af visioner? Vi tilbyder skr\u00e6ddersyet produktion af T-shirts og hoodies.","breadcrumb":{"@id":"https:\/\/toofabric.com\/da\/hvem-vi-er\/#breadcrumb"},"inLanguage":"da-DK","potentialAction":[{"@type":"ReadAction","target":["https:\/\/toofabric.com\/da\/hvem-vi-er\/"]}]},{"@type":"ImageObject","inLanguage":"da-DK","@id":"https:\/\/toofabric.com\/da\/hvem-vi-er\/#primaryimage","url":"https:\/\/toofabric.com\/wp-content\/uploads\/2024\/07\/4050KirmiziS-5.jpg","contentUrl":"https:\/\/toofabric.com\/wp-content\/uploads\/2024\/07\/4050KirmiziS-5.jpg","width":1200,"height":1800,"caption":"4050 (Red) | Too Fabric | Wholesale Lingerie Manufacturer"},{"@type":"BreadcrumbList","@id":"https:\/\/toofabric.com\/da\/hvem-vi-er\/#breadcrumb","itemListElement":[{"@type":"ListItem","position":1,"name":"Home","item":"https:\/\/toofabric.com\/da\/brugerdefineret-toejproducent-i-tyrkiet\/"},{"@type":"ListItem","position":2,"name":"Hvem vi er"}]},{"@type":"WebSite","@id":"https:\/\/toofabric.com\/da\/#website","url":"https:\/\/toofabric.com\/da\/","name":"Too Fabric","description":"Custom Clothing Manufacturer","publisher":{"@id":"https:\/\/toofabric.com\/da\/#organization"},"potentialAction":[{"@type":"SearchAction","target":{"@type":"EntryPoint","urlTemplate":"https:\/\/toofabric.com\/da\/?s={search_term_string}"},"query-input":{"@type":"PropertyValueSpecification","valueRequired":true,"valueName":"search_term_string"}}],"inLanguage":"da-DK"},{"@type":"Organization","@id":"https:\/\/toofabric.com\/da\/#organization","name":"Too Fabric","url":"https:\/\/toofabric.com\/da\/","logo":{"@type":"ImageObject","inLanguage":"da-DK","@id":"https:\/\/toofabric.com\/da\/#\/schema\/logo\/image\/","url":"https:\/\/toofabric.com\/wp-content\/uploads\/2019\/08\/Too-Fabric-1.svg","contentUrl":"https:\/\/toofabric.com\/wp-content\/uploads\/2019\/08\/Too-Fabric-1.svg","width":1,"height":1,"caption":"Too Fabric"},"image":{"@id":"https:\/\/toofabric.com\/da\/#\/schema\/logo\/image\/"},"sameAs":["https:\/\/www.instagram.com\/toofabric\/","https:\/\/tr.linkedin.com\/company\/too-fabric?trk=public_profile_topcard_current_company","https:\/\/www.youtube.com\/channel\/UCSlIhMOl6lVRT7kZd8_iBRg"]}]}},"_links":{"self":[{"href":"https:\/\/toofabric.com\/da\/wp-json\/wp\/v2\/pages\/8326","targetHints":{"allow":["GET"]}}],"collection":[{"href":"https:\/\/toofabric.com\/da\/wp-json\/wp\/v2\/pages"}],"about":[{"href":"https:\/\/toofabric.com\/da\/wp-json\/wp\/v2\/types\/page"}],"author":[{"embeddable":true,"href":"https:\/\/toofabric.com\/da\/wp-json\/wp\/v2\/users\/1"}],"replies":[{"embeddable":true,"href":"https:\/\/toofabric.com\/da\/wp-json\/wp\/v2\/comments?post=8326"}],"version-history":[{"count":0,"href":"https:\/\/toofabric.com\/da\/wp-json\/wp\/v2\/pages\/8326\/revisions"}],"wp:featuredmedia":[{"embeddable":true,"href":"https:\/\/toofabric.com\/da\/wp-json\/wp\/v2\/media\/37421"}],"wp:attachment":[{"href":"https:\/\/toofabric.com\/da\/wp-json\/wp\/v2\/media?parent=8326"}],"curies":[{"name":"wp","href":"https:\/\/api.w.org\/{rel}","templated":true}]}}