{"id":8451,"date":"2020-11-04T11:55:55","date_gmt":"2020-11-04T11:55:55","guid":{"rendered":"https:\/\/toofabric.com\/?page_id=8451"},"modified":"2026-03-18T09:48:12","modified_gmt":"2026-03-18T09:48:12","slug":"kontakt","status":"publish","type":"page","link":"https:\/\/toofabric.com\/da\/kontakt\/","title":{"rendered":"Kontakt"},"content":{"rendered":"\t\t<div data-elementor-type=\"wp-post\" data-elementor-id=\"8451\" class=\"elementor elementor-8451\" data-elementor-post-type=\"page\">\n\t\t\t\t<div class=\"elementor-element elementor-element-eb76f44 e-flex e-con-boxed e-con e-parent\" data-id=\"eb76f44\" data-element_type=\"container\" data-e-type=\"container\" data-settings=\"{&quot;jet_parallax_layout_list&quot;:[]}\">\n\t\t\t\t\t<div class=\"e-con-inner\">\n\t\t<div class=\"elementor-element elementor-element-d37329a e-con-full e-flex e-con e-child\" data-id=\"d37329a\" data-element_type=\"container\" data-e-type=\"container\" data-settings=\"{&quot;jet_parallax_layout_list&quot;:[]}\">\n\t\t\t\t<div class=\"elementor-element elementor-element-d3b3dc4 premium-header-inline premium-box-lq__none elementor-widget elementor-widget-premium-addon-dual-header\" data-id=\"d3b3dc4\" data-element_type=\"widget\" data-e-type=\"widget\" data-widget_type=\"premium-addon-dual-header.default\">\n\t\t\t\t\t\n\t\t<div class=\"elementor-widget-container\">\n\t\t\t\t\t<h1 class=\"premium-dual-header-first-header premium-dual-header-first-clip\"><span class=\"premium-dual-header-first-span\">Kontakt <\/span><\/h1> \t\t\t\t<\/div>\n\n\t\t\t\t\t\t<\/div>\n\t\t\t\t<div class=\"elementor-element elementor-element-bbb7b6d elementor-widget elementor-widget-text-editor\" data-id=\"bbb7b6d\" data-element_type=\"widget\" data-e-type=\"widget\" data-widget_type=\"text-editor.default\">\n\t\t\t\t<div class=\"elementor-widget-container\">\n\t\t\t\t\t\t\t\t\t<p style=\"text-align: center;\">Kozyatagi Mh. Kircicegi Sk. No: 1, Istanbul, Turkey<\/p>\t\t\t\t\t\t\t\t<\/div>\n\t\t\t\t<\/div>\n\t\t\t\t<div class=\"elementor-element elementor-element-7c2a03c elementor-align-start elementor-list-item-link-full_width elementor-widget elementor-widget-icon-list\" data-id=\"7c2a03c\" data-element_type=\"widget\" data-e-type=\"widget\" data-widget_type=\"icon-list.default\">\n\t\t\t\t<div class=\"elementor-widget-container\">\n\t\t\t\t\t\t\t<ul class=\"elementor-icon-list-items\">\n\t\t\t\t\t\t\t<li class=\"elementor-icon-list-item\">\n\t\t\t\t\t\t\t\t\t\t\t<span class=\"elementor-icon-list-icon\">\n\t\t\t\t\t\t\t<i aria-hidden=\"true\" class=\"fas fa-mobile-alt\"><\/i>\t\t\t\t\t\t<\/span>\n\t\t\t\t\t\t\t\t\t\t<span class=\"elementor-icon-list-text\">+90 545 626 44 01<\/span>\n\t\t\t\t\t\t\t\t\t<\/li>\n\t\t\t\t\t\t\t\t<li class=\"elementor-icon-list-item\">\n\t\t\t\t\t\t\t\t\t\t\t<span class=\"elementor-icon-list-icon\">\n\t\t\t\t\t\t\t<i aria-hidden=\"true\" class=\"fas fa-paper-plane\"><\/i>\t\t\t\t\t\t<\/span>\n\t\t\t\t\t\t\t\t\t\t<span class=\"elementor-icon-list-text\">info@toofabric.com<\/span>\n\t\t\t\t\t\t\t\t\t<\/li>\n\t\t\t\t\t\t<\/ul>\n\t\t\t\t\t\t<\/div>\n\t\t\t\t<\/div>\n\t\t\t\t<div class=\"elementor-element elementor-element-2e2f972 elementor-widget elementor-widget-text-editor\" data-id=\"2e2f972\" data-element_type=\"widget\" data-e-type=\"widget\" data-widget_type=\"text-editor.default\">\n\t\t\t\t<div class=\"elementor-widget-container\">\n\t\t\t\t\t\t\t\t\t<p style=\"text-align: center;\"><span style=\"text-decoration: underline;\">Vores tjenester tilbydes kun p\u00e5 engelsk.<\/span><\/p>\t\t\t\t\t\t\t\t<\/div>\n\t\t\t\t<\/div>\n\t\t\t\t<\/div>\n\t\t\t\t\t<\/div>\n\t\t\t\t<\/div>\n\t\t<div class=\"elementor-element elementor-element-5fe5d3a e-con-full e-flex e-con e-parent\" data-id=\"5fe5d3a\" data-element_type=\"container\" data-e-type=\"container\" data-settings=\"{&quot;jet_parallax_layout_list&quot;:[]}\">\n\t\t\t\t<div class=\"elementor-element elementor-element-136fa2a elementor-widget elementor-widget-google_maps\" data-id=\"136fa2a\" data-element_type=\"widget\" data-e-type=\"widget\" data-widget_type=\"google_maps.default\">\n\t\t\t\t<div class=\"elementor-widget-container\">\n\t\t\t\t\t\t\t<div class=\"elementor-custom-embed\">\n\t\t\t<iframe loading=\"lazy\"\n\t\t\t\t\tsrc=\"https:\/\/www.google.com\/maps\/embed\/v1\/place?key=AIzaSyAVltOynQae-V1dun6qlOpWJFCXXLKN0fo&#038;q=Too%20Fabric&#038;zoom=8\"\n\t\t\t\t\ttitle=\"Too Fabric\"\n\t\t\t\t\taria-label=\"Too Fabric\"\n\t\t\t><\/iframe>\n\t\t<\/div>\n\t\t\t\t\t\t<\/div>\n\t\t\t\t<\/div>\n\t\t\t\t<\/div>\n\t\t<div class=\"elementor-element elementor-element-9b47e87 e-flex e-con-boxed e-con e-parent\" data-id=\"9b47e87\" data-element_type=\"container\" data-e-type=\"container\" data-settings=\"{&quot;background_background&quot;:&quot;classic&quot;,&quot;jet_parallax_layout_list&quot;:[]}\">\n\t\t\t\t\t<div class=\"e-con-inner\">\n\t\t<div class=\"elementor-element elementor-element-1d44f4a e-con-full e-flex e-con e-child\" data-id=\"1d44f4a\" data-element_type=\"container\" data-e-type=\"container\" data-settings=\"{&quot;background_background&quot;:&quot;classic&quot;,&quot;jet_parallax_layout_list&quot;:[]}\">\n\t\t\t\t<div class=\"elementor-element elementor-element-3fb88c5 elementor-widget__width-initial premium-header-inline premium-box-lq__none elementor-widget elementor-widget-premium-addon-dual-header\" data-id=\"3fb88c5\" data-element_type=\"widget\" data-e-type=\"widget\" data-widget_type=\"premium-addon-dual-header.default\">\n\t\t\t\t\t\n\t\t<div class=\"elementor-widget-container\">\n\t\t\t\t\t<h2 class=\"premium-dual-header-first-header premium-dual-header-first-clip\"><span class=\"premium-dual-header-first-span\">Kom i kontakt <\/span><\/h2> \t\t\t\t<\/div>\n\n\t\t\t\t\t\t<\/div>\n\t\t\t\t<div class=\"elementor-element elementor-element-8a01e19 elementor-widget elementor-widget-text-editor\" data-id=\"8a01e19\" data-element_type=\"widget\" data-e-type=\"widget\" data-widget_type=\"text-editor.default\">\n\t\t\t\t<div class=\"elementor-widget-container\">\n\t\t\t\t\t\t\t\t\t<p>Send venligst f\u00f8lgende oplysninger, s\u00e5 vi kan sende dig et pristilbud efter at have forst\u00e5et dine behov:<\/p><ul><li>Bestillingsm\u00e6ngde pr. stil og stoffarve<\/li><li>Design og logoer<\/li><li>Logost\u00f8rrelser (bredde-h\u00f8jde)<\/li><li>Logoplaceringer<\/li><li>Logoapplikationer (broderi eller trykning)<\/li><li>Stoftype<\/li><\/ul>\t\t\t\t\t\t\t\t<\/div>\n\t\t\t\t<\/div>\n\t\t\t\t<div class=\"elementor-element elementor-element-9bebb23 elementor-button-align-center elementor-widget elementor-widget-form\" data-id=\"9bebb23\" data-element_type=\"widget\" data-e-type=\"widget\" data-settings=\"{&quot;step_next_label&quot;:&quot;Next&quot;,&quot;step_previous_label&quot;:&quot;Previous&quot;,&quot;button_width&quot;:&quot;100&quot;,&quot;step_type&quot;:&quot;number_text&quot;,&quot;step_icon_shape&quot;:&quot;circle&quot;}\" data-widget_type=\"form.default\">\n\t\t\t\t<div class=\"elementor-widget-container\">\n\t\t\t\t\t\t\t<form class=\"elementor-form\" method=\"post\" name=\"New Form\" aria-label=\"New Form\">\n\t\t\t<input type=\"hidden\" name=\"post_id\" value=\"8451\"\/>\n\t\t\t<input type=\"hidden\" name=\"form_id\" value=\"9bebb23\"\/>\n\t\t\t<input type=\"hidden\" name=\"referer_title\" value=\"Kontakt | Too Fabric | Brugerdefineret t\u00f8jproducent i Tyrkiet\" \/>\n\n\t\t\t\t\t\t\t<input type=\"hidden\" name=\"queried_id\" value=\"8451\"\/>\n\t\t\t\n\t\t\t<div class=\"elementor-form-fields-wrapper elementor-labels-\">\n\t\t\t\t\t\t\t\t<div class=\"elementor-field-type-text elementor-field-group elementor-column elementor-field-group-name elementor-col-100 elementor-field-required\">\n\t\t\t\t\t\t\t\t\t\t\t\t<label for=\"form-field-name\" class=\"elementor-field-label elementor-screen-only\">\n\t\t\t\t\t\t\t\tNavn\t\t\t\t\t\t\t<\/label>\n\t\t\t\t\t\t\t\t\t\t\t\t\t\t<input size=\"1\" type=\"text\" name=\"form_fields[name]\" id=\"form-field-name\" class=\"elementor-field elementor-size-sm  elementor-field-textual\" placeholder=\"Navn\" required=\"required\">\n\t\t\t\t\t\t\t\t\t\t\t<\/div>\n\t\t\t\t\t\t\t\t<div class=\"elementor-field-type-email elementor-field-group elementor-column elementor-field-group-email elementor-col-100 elementor-field-required\">\n\t\t\t\t\t\t\t\t\t\t\t\t<label for=\"form-field-email\" class=\"elementor-field-label elementor-screen-only\">\n\t\t\t\t\t\t\t\tE-mail\t\t\t\t\t\t\t<\/label>\n\t\t\t\t\t\t\t\t\t\t\t\t\t\t<input size=\"1\" type=\"email\" name=\"form_fields[email]\" id=\"form-field-email\" class=\"elementor-field elementor-size-sm  elementor-field-textual\" placeholder=\"E-mail\" required=\"required\">\n\t\t\t\t\t\t\t\t\t\t\t<\/div>\n\t\t\t\t\t\t\t\t<div class=\"elementor-field-type-tel elementor-field-group elementor-column elementor-field-group-field_1 elementor-col-100 elementor-field-required\">\n\t\t\t\t\t\t\t\t\t\t\t\t<label for=\"form-field-field_1\" class=\"elementor-field-label elementor-screen-only\">\n\t\t\t\t\t\t\t\tTelefonnummer\t\t\t\t\t\t\t<\/label>\n\t\t\t\t\t\t\t\t<input size=\"1\" type=\"tel\" name=\"form_fields[field_1]\" id=\"form-field-field_1\" class=\"elementor-field elementor-size-sm  elementor-field-textual\" placeholder=\"Telefonnummer\" required=\"required\" pattern=\"[0-9()#&amp;+*-=.]+\" title=\"Kun tal og telefonkarakterer (#,-,*, o.s.v.) accepteres.\">\n\n\t\t\t\t\t\t<\/div>\n\t\t\t\t\t\t\t\t<div class=\"elementor-field-type-textarea elementor-field-group elementor-column elementor-field-group-field_2 elementor-col-100 elementor-field-required\">\n\t\t\t\t\t\t\t\t\t\t\t\t<label for=\"form-field-field_2\" class=\"elementor-field-label elementor-screen-only\">\n\t\t\t\t\t\t\t\tBesked\t\t\t\t\t\t\t<\/label>\n\t\t\t\t\t\t<textarea class=\"elementor-field-textual elementor-field  elementor-size-sm\" name=\"form_fields[field_2]\" id=\"form-field-field_2\" rows=\"4\" placeholder=\"Besked\" required=\"required\"><\/textarea>\t\t\t\t<\/div>\n\t\t\t\t\t\t\t\t<div class=\"elementor-field-type-upload elementor-field-group elementor-column elementor-field-group-field_3 elementor-col-100\">\n\t\t\t\t\t\t\t\t\t\t\t\t<label for=\"form-field-field_3\" class=\"elementor-field-label elementor-screen-only\">\n\t\t\t\t\t\t\t\tUpload\t\t\t\t\t\t\t<\/label>\n\t\t\t\t\t\t\t\t<input type=\"file\" name=\"form_fields[field_3][]\" id=\"form-field-field_3\" class=\"elementor-field elementor-size-sm  elementor-upload-field\" multiple=\"multiple\" data-maxsize=\"2\" data-maxsize-message=\"Denne fil overskrider den maksimalt tilladte st\u00f8rrelse.\">\n\n\t\t\t\t\t\t<\/div>\n\t\t\t\t\t\t\t\t<div class=\"elementor-field-group elementor-column elementor-field-type-submit elementor-col-100 e-form__buttons\">\n\t\t\t\t\t<button class=\"elementor-button elementor-size-md\" type=\"submit\">\n\t\t\t\t\t\t<span class=\"elementor-button-content-wrapper\">\n\t\t\t\t\t\t\t\t\t\t\t\t\t\t\t\t\t\t\t\t\t\t<span class=\"elementor-button-text\">Send besked<\/span>\n\t\t\t\t\t\t\t\t\t\t\t\t\t<\/span>\n\t\t\t\t\t<\/button>\n\t\t\t\t<\/div>\n\t\t\t<\/div>\n\t\t<\/form>\n\t\t\t\t\t\t<\/div>\n\t\t\t\t<\/div>\n\t\t\t\t<\/div>\n\t\t\t\t\t<\/div>\n\t\t\t\t<\/div>\n\t\t<div class=\"elementor-element elementor-element-8c94d55 e-con-full elementor-hidden-desktop elementor-hidden-tablet e-flex e-con e-parent\" data-id=\"8c94d55\" data-element_type=\"container\" data-e-type=\"container\" data-settings=\"{&quot;jet_parallax_layout_list&quot;:[]}\">\n\t\t\t\t<div class=\"elementor-element elementor-element-1add96a elementor-shape-circle e-grid-align-right elementor-grid-0 elementor-invisible elementor-widget elementor-widget-social-icons\" data-id=\"1add96a\" data-element_type=\"widget\" data-e-type=\"widget\" data-settings=\"{&quot;motion_fx_motion_fx_scrolling&quot;:&quot;yes&quot;,&quot;sticky&quot;:&quot;bottom&quot;,&quot;sticky_offset&quot;:20,&quot;_animation&quot;:&quot;fadeIn&quot;,&quot;motion_fx_devices&quot;:[&quot;desktop&quot;,&quot;tablet&quot;,&quot;mobile&quot;],&quot;sticky_on&quot;:[&quot;desktop&quot;,&quot;tablet&quot;,&quot;mobile&quot;],&quot;sticky_effects_offset&quot;:0,&quot;sticky_anchor_link_offset&quot;:0}\" data-widget_type=\"social-icons.default\">\n\t\t\t\t<div class=\"elementor-widget-container\">\n\t\t\t\t\t\t\t<div class=\"elementor-social-icons-wrapper elementor-grid\">\n\t\t\t\t\t\t\t<span class=\"elementor-grid-item\">\n\t\t\t\t\t<a class=\"elementor-icon elementor-social-icon elementor-social-icon-whatsapp elementor-repeater-item-fd23a32\" href=\"https:\/\/wa.me\/905456264401\" target=\"_blank\">\n\t\t\t\t\t\t<span class=\"elementor-screen-only\">Whatsapp<\/span>\n\t\t\t\t\t\t<i aria-hidden=\"true\" class=\"fab fa-whatsapp\"><\/i>\t\t\t\t\t<\/a>\n\t\t\t\t<\/span>\n\t\t\t\t\t<\/div>\n\t\t\t\t\t\t<\/div>\n\t\t\t\t<\/div>\n\t\t\t\t<\/div>\n\t\t\t\t<\/div>\n\t\t","protected":false},"excerpt":{"rendered":"<p>Kontakt Kozyatagi Mh. Kircicegi Sk. No: 1, Istanbul, Turkey +90 545 626 44 01 info@toofabric.com Vores tjenester tilbydes kun p\u00e5 engelsk. Kom i kontakt Send venligst f\u00f8lgende oplysninger, s\u00e5 vi kan sende dig et pristilbud efter at have forst\u00e5et dine behov: Bestillingsm\u00e6ngde pr. stil og stoffarve Design og logoer Logost\u00f8rrelser (bredde-h\u00f8jde) Logoplaceringer Logoapplikationer (broderi eller &#8230; <a title=\"Kontakt\" class=\"read-more\" href=\"https:\/\/toofabric.com\/da\/kontakt\/\" aria-label=\"Read more about Kontakt\">L\u00e6s mere <\/a><\/p>\n","protected":false},"author":1,"featured_media":19582,"parent":0,"menu_order":0,"comment_status":"closed","ping_status":"closed","template":"","meta":{"inline_featured_image":false,"footnotes":""},"class_list":["post-8451","page","type-page","status-publish","has-post-thumbnail"],"yoast_head":"<!-- This site is optimized with the Yoast SEO plugin v27.4 - https:\/\/yoast.com\/product\/yoast-seo-wordpress\/ -->\n<title>Kontakt | Too Fabric | Brugerdefineret t\u00f8jproducent i Tyrkiet<\/title>\n<meta name=\"description\" content=\"Kontakt os nu! F\u00e5 et tilbud og g\u00f8r dit brand eksklusivt! Vi ser frem til at modtage din e-mail eller dit opkald.\" \/>\n<meta name=\"robots\" content=\"index, follow, max-snippet:-1, max-image-preview:large, max-video-preview:-1\" \/>\n<link rel=\"canonical\" href=\"https:\/\/toofabric.com\/da\/kontakt\/\" \/>\n<meta property=\"og:locale\" content=\"da_DK\" \/>\n<meta property=\"og:type\" content=\"article\" \/>\n<meta property=\"og:title\" content=\"Kontakt | Too Fabric | Brugerdefineret t\u00f8jproducent i Tyrkiet\" \/>\n<meta property=\"og:description\" content=\"Kontakt os nu! F\u00e5 et tilbud og g\u00f8r dit brand eksklusivt! Vi ser frem til at modtage din e-mail eller dit opkald.\" \/>\n<meta property=\"og:url\" content=\"https:\/\/toofabric.com\/da\/kontakt\/\" \/>\n<meta property=\"og:site_name\" content=\"Too Fabric\" \/>\n<meta property=\"article:modified_time\" content=\"2026-03-18T09:48:12+00:00\" \/>\n<meta property=\"og:image\" content=\"https:\/\/toofabric.com\/wp-content\/uploads\/2022\/08\/Too-Fabric-Mobile-Logo.png\" \/>\n\t<meta property=\"og:image:width\" content=\"300\" \/>\n\t<meta property=\"og:image:height\" content=\"279\" \/>\n\t<meta property=\"og:image:type\" content=\"image\/png\" \/>\n<meta name=\"twitter:card\" content=\"summary_large_image\" \/>\n<meta name=\"twitter:label1\" content=\"Estimeret l\u00e6setid\" \/>\n\t<meta name=\"twitter:data1\" content=\"1 minut\" \/>\n<script type=\"application\/ld+json\" class=\"yoast-schema-graph\">{\"@context\":\"https:\\\/\\\/schema.org\",\"@graph\":[{\"@type\":\"WebPage\",\"@id\":\"https:\\\/\\\/toofabric.com\\\/da\\\/kontakt\\\/\",\"url\":\"https:\\\/\\\/toofabric.com\\\/da\\\/kontakt\\\/\",\"name\":\"Kontakt | Too Fabric | Brugerdefineret t\u00f8jproducent i Tyrkiet\",\"isPartOf\":{\"@id\":\"https:\\\/\\\/toofabric.com\\\/da\\\/#website\"},\"primaryImageOfPage\":{\"@id\":\"https:\\\/\\\/toofabric.com\\\/da\\\/kontakt\\\/#primaryimage\"},\"image\":{\"@id\":\"https:\\\/\\\/toofabric.com\\\/da\\\/kontakt\\\/#primaryimage\"},\"thumbnailUrl\":\"https:\\\/\\\/toofabric.com\\\/wp-content\\\/uploads\\\/2022\\\/08\\\/Too-Fabric-Mobile-Logo.png\",\"datePublished\":\"2020-11-04T11:55:55+00:00\",\"dateModified\":\"2026-03-18T09:48:12+00:00\",\"description\":\"Kontakt os nu! F\u00e5 et tilbud og g\u00f8r dit brand eksklusivt! Vi ser frem til at modtage din e-mail eller dit opkald.\",\"breadcrumb\":{\"@id\":\"https:\\\/\\\/toofabric.com\\\/da\\\/kontakt\\\/#breadcrumb\"},\"inLanguage\":\"da-DK\",\"potentialAction\":[{\"@type\":\"ReadAction\",\"target\":[\"https:\\\/\\\/toofabric.com\\\/da\\\/kontakt\\\/\"]}]},{\"@type\":\"ImageObject\",\"inLanguage\":\"da-DK\",\"@id\":\"https:\\\/\\\/toofabric.com\\\/da\\\/kontakt\\\/#primaryimage\",\"url\":\"https:\\\/\\\/toofabric.com\\\/wp-content\\\/uploads\\\/2022\\\/08\\\/Too-Fabric-Mobile-Logo.png\",\"contentUrl\":\"https:\\\/\\\/toofabric.com\\\/wp-content\\\/uploads\\\/2022\\\/08\\\/Too-Fabric-Mobile-Logo.png\",\"width\":300,\"height\":279,\"caption\":\"Too Fabric | Brugerdefineret t\u00f8jproducent i Tyrkiet\"},{\"@type\":\"BreadcrumbList\",\"@id\":\"https:\\\/\\\/toofabric.com\\\/da\\\/kontakt\\\/#breadcrumb\",\"itemListElement\":[{\"@type\":\"ListItem\",\"position\":1,\"name\":\"Home\",\"item\":\"https:\\\/\\\/toofabric.com\\\/da\\\/brugerdefineret-toejproducent-i-tyrkiet\\\/\"},{\"@type\":\"ListItem\",\"position\":2,\"name\":\"Kontakt\"}]},{\"@type\":\"WebSite\",\"@id\":\"https:\\\/\\\/toofabric.com\\\/da\\\/#website\",\"url\":\"https:\\\/\\\/toofabric.com\\\/da\\\/\",\"name\":\"Too Fabric\",\"description\":\"Custom Clothing Manufacturer\",\"publisher\":{\"@id\":\"https:\\\/\\\/toofabric.com\\\/da\\\/#organization\"},\"potentialAction\":[{\"@type\":\"SearchAction\",\"target\":{\"@type\":\"EntryPoint\",\"urlTemplate\":\"https:\\\/\\\/toofabric.com\\\/da\\\/?s={search_term_string}\"},\"query-input\":{\"@type\":\"PropertyValueSpecification\",\"valueRequired\":true,\"valueName\":\"search_term_string\"}}],\"inLanguage\":\"da-DK\"},{\"@type\":\"Organization\",\"@id\":\"https:\\\/\\\/toofabric.com\\\/da\\\/#organization\",\"name\":\"Too Fabric\",\"url\":\"https:\\\/\\\/toofabric.com\\\/da\\\/\",\"logo\":{\"@type\":\"ImageObject\",\"inLanguage\":\"da-DK\",\"@id\":\"https:\\\/\\\/toofabric.com\\\/da\\\/#\\\/schema\\\/logo\\\/image\\\/\",\"url\":\"https:\\\/\\\/toofabric.com\\\/wp-content\\\/uploads\\\/2019\\\/08\\\/Too-Fabric-1.svg\",\"contentUrl\":\"https:\\\/\\\/toofabric.com\\\/wp-content\\\/uploads\\\/2019\\\/08\\\/Too-Fabric-1.svg\",\"width\":1,\"height\":1,\"caption\":\"Too Fabric\"},\"image\":{\"@id\":\"https:\\\/\\\/toofabric.com\\\/da\\\/#\\\/schema\\\/logo\\\/image\\\/\"},\"sameAs\":[\"https:\\\/\\\/www.instagram.com\\\/toofabric\\\/\",\"https:\\\/\\\/tr.linkedin.com\\\/company\\\/too-fabric?trk=public_profile_topcard_current_company\",\"https:\\\/\\\/www.youtube.com\\\/channel\\\/UCSlIhMOl6lVRT7kZd8_iBRg\"]}]}<\/script>\n<!-- \/ Yoast SEO plugin. -->","yoast_head_json":{"title":"Kontakt | Too Fabric | Brugerdefineret t\u00f8jproducent i Tyrkiet","description":"Kontakt os nu! F\u00e5 et tilbud og g\u00f8r dit brand eksklusivt! Vi ser frem til at modtage din e-mail eller dit opkald.","robots":{"index":"index","follow":"follow","max-snippet":"max-snippet:-1","max-image-preview":"max-image-preview:large","max-video-preview":"max-video-preview:-1"},"canonical":"https:\/\/toofabric.com\/da\/kontakt\/","og_locale":"da_DK","og_type":"article","og_title":"Kontakt | Too Fabric | Brugerdefineret t\u00f8jproducent i Tyrkiet","og_description":"Kontakt os nu! F\u00e5 et tilbud og g\u00f8r dit brand eksklusivt! Vi ser frem til at modtage din e-mail eller dit opkald.","og_url":"https:\/\/toofabric.com\/da\/kontakt\/","og_site_name":"Too Fabric","article_modified_time":"2026-03-18T09:48:12+00:00","og_image":[{"width":300,"height":279,"url":"https:\/\/toofabric.com\/wp-content\/uploads\/2022\/08\/Too-Fabric-Mobile-Logo.png","type":"image\/png"}],"twitter_card":"summary_large_image","twitter_misc":{"Estimeret l\u00e6setid":"1 minut"},"schema":{"@context":"https:\/\/schema.org","@graph":[{"@type":"WebPage","@id":"https:\/\/toofabric.com\/da\/kontakt\/","url":"https:\/\/toofabric.com\/da\/kontakt\/","name":"Kontakt | Too Fabric | Brugerdefineret t\u00f8jproducent i Tyrkiet","isPartOf":{"@id":"https:\/\/toofabric.com\/da\/#website"},"primaryImageOfPage":{"@id":"https:\/\/toofabric.com\/da\/kontakt\/#primaryimage"},"image":{"@id":"https:\/\/toofabric.com\/da\/kontakt\/#primaryimage"},"thumbnailUrl":"https:\/\/toofabric.com\/wp-content\/uploads\/2022\/08\/Too-Fabric-Mobile-Logo.png","datePublished":"2020-11-04T11:55:55+00:00","dateModified":"2026-03-18T09:48:12+00:00","description":"Kontakt os nu! F\u00e5 et tilbud og g\u00f8r dit brand eksklusivt! Vi ser frem til at modtage din e-mail eller dit opkald.","breadcrumb":{"@id":"https:\/\/toofabric.com\/da\/kontakt\/#breadcrumb"},"inLanguage":"da-DK","potentialAction":[{"@type":"ReadAction","target":["https:\/\/toofabric.com\/da\/kontakt\/"]}]},{"@type":"ImageObject","inLanguage":"da-DK","@id":"https:\/\/toofabric.com\/da\/kontakt\/#primaryimage","url":"https:\/\/toofabric.com\/wp-content\/uploads\/2022\/08\/Too-Fabric-Mobile-Logo.png","contentUrl":"https:\/\/toofabric.com\/wp-content\/uploads\/2022\/08\/Too-Fabric-Mobile-Logo.png","width":300,"height":279,"caption":"Too Fabric | Brugerdefineret t\u00f8jproducent i Tyrkiet"},{"@type":"BreadcrumbList","@id":"https:\/\/toofabric.com\/da\/kontakt\/#breadcrumb","itemListElement":[{"@type":"ListItem","position":1,"name":"Home","item":"https:\/\/toofabric.com\/da\/brugerdefineret-toejproducent-i-tyrkiet\/"},{"@type":"ListItem","position":2,"name":"Kontakt"}]},{"@type":"WebSite","@id":"https:\/\/toofabric.com\/da\/#website","url":"https:\/\/toofabric.com\/da\/","name":"Too Fabric","description":"Custom Clothing Manufacturer","publisher":{"@id":"https:\/\/toofabric.com\/da\/#organization"},"potentialAction":[{"@type":"SearchAction","target":{"@type":"EntryPoint","urlTemplate":"https:\/\/toofabric.com\/da\/?s={search_term_string}"},"query-input":{"@type":"PropertyValueSpecification","valueRequired":true,"valueName":"search_term_string"}}],"inLanguage":"da-DK"},{"@type":"Organization","@id":"https:\/\/toofabric.com\/da\/#organization","name":"Too Fabric","url":"https:\/\/toofabric.com\/da\/","logo":{"@type":"ImageObject","inLanguage":"da-DK","@id":"https:\/\/toofabric.com\/da\/#\/schema\/logo\/image\/","url":"https:\/\/toofabric.com\/wp-content\/uploads\/2019\/08\/Too-Fabric-1.svg","contentUrl":"https:\/\/toofabric.com\/wp-content\/uploads\/2019\/08\/Too-Fabric-1.svg","width":1,"height":1,"caption":"Too Fabric"},"image":{"@id":"https:\/\/toofabric.com\/da\/#\/schema\/logo\/image\/"},"sameAs":["https:\/\/www.instagram.com\/toofabric\/","https:\/\/tr.linkedin.com\/company\/too-fabric?trk=public_profile_topcard_current_company","https:\/\/www.youtube.com\/channel\/UCSlIhMOl6lVRT7kZd8_iBRg"]}]}},"_links":{"self":[{"href":"https:\/\/toofabric.com\/da\/wp-json\/wp\/v2\/pages\/8451","targetHints":{"allow":["GET"]}}],"collection":[{"href":"https:\/\/toofabric.com\/da\/wp-json\/wp\/v2\/pages"}],"about":[{"href":"https:\/\/toofabric.com\/da\/wp-json\/wp\/v2\/types\/page"}],"author":[{"embeddable":true,"href":"https:\/\/toofabric.com\/da\/wp-json\/wp\/v2\/users\/1"}],"replies":[{"embeddable":true,"href":"https:\/\/toofabric.com\/da\/wp-json\/wp\/v2\/comments?post=8451"}],"version-history":[{"count":0,"href":"https:\/\/toofabric.com\/da\/wp-json\/wp\/v2\/pages\/8451\/revisions"}],"wp:featuredmedia":[{"embeddable":true,"href":"https:\/\/toofabric.com\/da\/wp-json\/wp\/v2\/media\/19582"}],"wp:attachment":[{"href":"https:\/\/toofabric.com\/da\/wp-json\/wp\/v2\/media?parent=8451"}],"curies":[{"name":"wp","href":"https:\/\/api.w.org\/{rel}","templated":true}]}}