{"id":6295,"date":"2020-08-10T10:47:02","date_gmt":"2020-08-10T10:47:02","guid":{"rendered":"https:\/\/toofabric.com\/?page_id=6295"},"modified":"2023-03-22T19:57:17","modified_gmt":"2023-03-22T19:57:17","slug":"wer-wir-sind","status":"publish","type":"page","link":"https:\/\/toofabric.com\/de\/wer-wir-sind\/","title":{"rendered":"Wer Wir Sind"},"content":{"rendered":"\t\t<div data-elementor-type=\"wp-page\" data-elementor-id=\"6295\" class=\"elementor elementor-6295\" data-elementor-post-type=\"page\">\n\t\t\t\t<div class=\"elementor-element elementor-element-759e34e e-flex e-con-boxed e-con e-parent\" data-id=\"759e34e\" data-element_type=\"container\" data-e-type=\"container\" data-settings=\"{&quot;jet_parallax_layout_list&quot;:[]}\">\n\t\t\t\t\t<div class=\"e-con-inner\">\n\t\t<div class=\"elementor-element elementor-element-be6d49f e-con-full e-flex e-con e-child\" data-id=\"be6d49f\" data-element_type=\"container\" data-e-type=\"container\" data-settings=\"{&quot;jet_parallax_layout_list&quot;:[]}\">\n\t\t\t\t<div class=\"elementor-element elementor-element-990eba9 premium-header-inline premium-box-lq__none elementor-widget elementor-widget-premium-addon-dual-header\" data-id=\"990eba9\" data-element_type=\"widget\" data-e-type=\"widget\" data-widget_type=\"premium-addon-dual-header.default\">\n\t\t\t\t\t\n\t\t<div class=\"elementor-widget-container\">\n\t\t\t\t\t<h1 class=\"premium-dual-header-first-header premium-dual-header-first-clip\"><span class=\"premium-dual-header-first-span\">Wer wir sind <\/span><\/h1> \t\t\t\t<\/div>\n\n\t\t\t\t\t\t<\/div>\n\t\t\t\t<div class=\"elementor-element elementor-element-52e8b33 elementor-widget elementor-widget-text-editor\" data-id=\"52e8b33\" data-element_type=\"widget\" data-e-type=\"widget\" data-widget_type=\"text-editor.default\">\n\t\t\t\t<div class=\"elementor-widget-container\">\n\t\t\t\t\t\t\t\t\t<p>Wie w\u00e4re es, wenn Sie die Vision Ihrer Marke mit einem pers\u00f6nlicheren Touch versehen k\u00f6nnten? Wir sind bereit, Ihre Tr\u00e4ume wahr werden zu lassen, indem wir mit der Kreativit\u00e4t unseres Spezialistenteams T-Shirts, Hoodies und Jogginghosen nach Ma\u00df herstellen.<\/p>\t\t\t\t\t\t\t\t<\/div>\n\t\t\t\t<\/div>\n\t\t<div class=\"elementor-element elementor-element-c0291ca e-con-full e-flex e-con e-child\" data-id=\"c0291ca\" data-element_type=\"container\" data-e-type=\"container\" data-settings=\"{&quot;jet_parallax_layout_list&quot;:[]}\">\n\t\t\t\t<div class=\"elementor-element elementor-element-7f70b00 elementor-widget-tablet__width-initial elementor-widget-mobile__width-auto premium-lq__none elementor-widget elementor-widget-premium-addon-button\" data-id=\"7f70b00\" data-element_type=\"widget\" data-e-type=\"widget\" data-widget_type=\"premium-addon-button.default\">\n\t\t\t\t<div class=\"elementor-widget-container\">\n\t\t\t\t\t\n\n\t\t<a class=\"premium-button premium-button-none premium-btn-lg premium-button-none\" href=\"https:\/\/toofabric.com\/de\/produkte\/\">\n\t\t\t<div class=\"premium-button-text-icon-wrapper\">\n\t\t\t\t\n\t\t\t\t\t\t\t\t\t<span >\n\t\t\t\t\t\tProdukte ansehen\t\t\t\t\t<\/span>\n\t\t\t\t\t\t\t<\/div>\n\n\t\t\t\n\t\t\t\n\t\t\t\n\t\t<\/a>\n\n\n\t\t\t\t\t\t<\/div>\n\t\t\t\t<\/div>\n\t\t\t\t<div class=\"elementor-element elementor-element-88f928d elementor-widget-mobile__width-auto premium-lq__none elementor-widget elementor-widget-premium-addon-button\" data-id=\"88f928d\" data-element_type=\"widget\" data-e-type=\"widget\" data-widget_type=\"premium-addon-button.default\">\n\t\t\t\t<div class=\"elementor-widget-container\">\n\t\t\t\t\t\n\n\t\t<a class=\"premium-button premium-button-none premium-btn-lg premium-button-none\" href=\"https:\/\/toofabric.com\/de\/kontakt\/\">\n\t\t\t<div class=\"premium-button-text-icon-wrapper\">\n\t\t\t\t\n\t\t\t\t\t\t\t\t\t<span >\n\t\t\t\t\t\tAngebot einholen\t\t\t\t\t<\/span>\n\t\t\t\t\t\t\t<\/div>\n\n\t\t\t\n\t\t\t\n\t\t\t\n\t\t<\/a>\n\n\n\t\t\t\t\t\t<\/div>\n\t\t\t\t<\/div>\n\t\t\t\t<\/div>\n\t\t\t\t<\/div>\n\t\t<div class=\"elementor-element elementor-element-2cdbd9b e-con-full e-flex e-con e-child\" data-id=\"2cdbd9b\" data-element_type=\"container\" data-e-type=\"container\" data-settings=\"{&quot;jet_parallax_layout_list&quot;:[]}\">\n\t\t\t\t<div class=\"elementor-element elementor-element-785a5a1 elementor-widget elementor-widget-image\" data-id=\"785a5a1\" data-element_type=\"widget\" data-e-type=\"widget\" data-widget_type=\"image.default\">\n\t\t\t\t<div class=\"elementor-widget-container\">\n\t\t\t\t\t\t\t\t\t\t\t\t\t\t\t<img fetchpriority=\"high\" decoding=\"async\" width=\"945\" height=\"634\" src=\"https:\/\/toofabric.com\/wp-content\/uploads\/2023\/01\/Too-Fabric-Who-We-Are-Custom-T-shirt-and-Hoodie-Manufacturer-1.jpg\" class=\"attachment-large size-large wp-image-23504\" alt=\"Too Fabric - Who We Are Custom - T-shirt and Hoodie Manufacturer\" srcset=\"https:\/\/toofabric.com\/wp-content\/uploads\/2023\/01\/Too-Fabric-Who-We-Are-Custom-T-shirt-and-Hoodie-Manufacturer-1.jpg 945w, https:\/\/toofabric.com\/wp-content\/uploads\/2023\/01\/Too-Fabric-Who-We-Are-Custom-T-shirt-and-Hoodie-Manufacturer-1-300x201.jpg 300w, https:\/\/toofabric.com\/wp-content\/uploads\/2023\/01\/Too-Fabric-Who-We-Are-Custom-T-shirt-and-Hoodie-Manufacturer-1-768x515.jpg 768w\" sizes=\"(max-width: 945px) 100vw, 945px\" \/>\t\t\t\t\t\t\t\t\t\t\t\t\t\t\t<\/div>\n\t\t\t\t<\/div>\n\t\t\t\t<\/div>\n\t\t\t\t\t<\/div>\n\t\t\t\t<\/div>\n\t\t<div class=\"elementor-element elementor-element-e4c2c8d e-flex e-con-boxed e-con e-parent\" data-id=\"e4c2c8d\" data-element_type=\"container\" data-e-type=\"container\" data-settings=\"{&quot;background_background&quot;:&quot;classic&quot;,&quot;jet_parallax_layout_list&quot;:[]}\">\n\t\t\t\t\t<div class=\"e-con-inner\">\n\t\t<div class=\"elementor-element elementor-element-1520dcd e-con-full elementor-hidden-tablet e-flex e-con e-child\" data-id=\"1520dcd\" data-element_type=\"container\" data-e-type=\"container\" data-settings=\"{&quot;jet_parallax_layout_list&quot;:[]}\">\n\t\t\t\t<div class=\"elementor-element elementor-element-e0ede50 elementor-widget elementor-widget-image\" data-id=\"e0ede50\" data-element_type=\"widget\" data-e-type=\"widget\" data-widget_type=\"image.default\">\n\t\t\t\t<div class=\"elementor-widget-container\">\n\t\t\t\t\t\t\t\t\t\t\t\t\t\t\t<img decoding=\"async\" width=\"627\" height=\"577\" src=\"https:\/\/toofabric.com\/wp-content\/uploads\/2023\/01\/Too-Fabric-Who-We-Are-Custom-T-shirt-and-Hoodie-Manufacturer-2.png\" class=\"attachment-full size-full wp-image-23490\" alt=\"Too Fabric - Who We Are Custom - T-shirt and Hoodie Manufacturer\" srcset=\"https:\/\/toofabric.com\/wp-content\/uploads\/2023\/01\/Too-Fabric-Who-We-Are-Custom-T-shirt-and-Hoodie-Manufacturer-2.png 627w, https:\/\/toofabric.com\/wp-content\/uploads\/2023\/01\/Too-Fabric-Who-We-Are-Custom-T-shirt-and-Hoodie-Manufacturer-2-300x276.png 300w\" sizes=\"(max-width: 627px) 100vw, 627px\" \/>\t\t\t\t\t\t\t\t\t\t\t\t\t\t\t<\/div>\n\t\t\t\t<\/div>\n\t\t\t\t<\/div>\n\t\t<div class=\"elementor-element elementor-element-fb09d8d e-con-full e-flex e-con e-child\" data-id=\"fb09d8d\" data-element_type=\"container\" data-e-type=\"container\" data-settings=\"{&quot;jet_parallax_layout_list&quot;:[]}\">\n\t\t\t\t<div class=\"elementor-element elementor-element-473217d premium-header-inline premium-box-lq__none elementor-widget elementor-widget-premium-addon-dual-header\" data-id=\"473217d\" data-element_type=\"widget\" data-e-type=\"widget\" data-widget_type=\"premium-addon-dual-header.default\">\n\t\t\t\t\t\n\t\t<div class=\"elementor-widget-container\">\n\t\t\t\t\t<h2 class=\"premium-dual-header-first-header premium-dual-header-first-clip\"><span class=\"premium-dual-header-first-span\">Verbessern Sie Ihre Markenbekanntheit <\/span><\/h2> \t\t\t\t<\/div>\n\n\t\t\t\t\t\t<\/div>\n\t\t\t\t<div class=\"elementor-element elementor-element-5fe0cc5 elementor-widget elementor-widget-text-editor\" data-id=\"5fe0cc5\" data-element_type=\"widget\" data-e-type=\"widget\" data-widget_type=\"text-editor.default\">\n\t\t\t\t<div class=\"elementor-widget-container\">\n\t\t\t\t\t\t\t\t\t<p>Auf einer Produktionsfl\u00e4che von 1000 m\u00b2 in Istanbul bieten wir mit unseren 60 qualifizierten Mitarbeitern hochwertige Dienstleistungen in den Bereichen Zuschnitt, Druck und Stickerei, N\u00e4hen, B\u00fcgeln und Verpackung sowie Qualit\u00e4tskontrolle an. Dabei legen wir gro\u00dfen Wert auf Arbeitsbedingungen und soziale Rechte. Wir sind in vielen Bereichen t\u00e4tig, darunter Modekleidung, Arbeitskleidung, Schuluniformen und Werbeartikel sowie die Herstellung von anspruchsvoller Kleidung.<\/p><p>Unser Team aus leidenschaftlichen und erfahrenen Fachleuten ist bestrebt, Ihnen bei der Erstellung eines einzigartigen, auff\u00e4lligen Designs zu helfen, das die Mission und die Werte Ihrer Marke widerspiegelt. Unser erstklassiger Kundenservice sorgt daf\u00fcr, dass sich Ihre Kleidung von anderen abhebt. Dank der kreativen Vision unseres Teams k\u00f6nnen Sie sich darauf verlassen, dass Ihre Kleidung mit Qualit\u00e4t und Pr\u00e4zision hergestellt wird.<\/p><p>Wir helfen Ihnen, Ihre perfekte Kleidung zu entwerfen. Ganz gleich, ob Sie etwas v\u00f6llig Neues und Einzigartiges entwerfen oder ein bestehendes Design ein wenig ab\u00e4ndern m\u00f6chten. Unser Team ist bereit, Ihnen dabei zu helfen, Ihr Design zum Leben zu erwecken. Wir freuen uns auf die Zusammenarbeit mit Ihnen und helfen Ihnen, Ihre Vision zu verwirklichen.<\/p>\t\t\t\t\t\t\t\t<\/div>\n\t\t\t\t<\/div>\n\t\t\t\t<\/div>\n\t\t\t\t\t<\/div>\n\t\t\t\t<\/div>\n\t\t<div class=\"elementor-element elementor-element-9601a72 e-flex e-con-boxed e-con e-parent\" data-id=\"9601a72\" data-element_type=\"container\" data-e-type=\"container\" data-settings=\"{&quot;background_background&quot;:&quot;classic&quot;,&quot;jet_parallax_layout_list&quot;:[]}\">\n\t\t\t\t\t<div class=\"e-con-inner\">\n\t\t<div class=\"elementor-element elementor-element-6b47197 e-con-full elementor-hidden-mobile e-flex e-con e-child\" data-id=\"6b47197\" data-element_type=\"container\" data-e-type=\"container\" data-settings=\"{&quot;jet_parallax_layout_list&quot;:[]}\">\n\t\t\t\t<div class=\"elementor-element elementor-element-5ff1fc0 elementor-widget-mobile__width-initial elementor-widget-tablet__width-initial elementor-widget elementor-widget-image\" data-id=\"5ff1fc0\" data-element_type=\"widget\" data-e-type=\"widget\" data-widget_type=\"image.default\">\n\t\t\t\t<div class=\"elementor-widget-container\">\n\t\t\t\t\t\t\t\t\t\t\t\t\t\t\t<img decoding=\"async\" src=\"https:\/\/toofabric.com\/wp-content\/uploads\/2022\/08\/Too-Fabric-Clock.png\" title=\"Too Fabric Custom T-shirt and Hoodie Manufacturer\" alt=\"Too Fabric Custom T-shirt and Hoodie Manufacturer\" loading=\"lazy\" \/>\t\t\t\t\t\t\t\t\t\t\t\t\t\t\t<\/div>\n\t\t\t\t<\/div>\n\t\t\t\t<\/div>\n\t\t<div class=\"elementor-element elementor-element-aeef1ff e-flex e-con-boxed e-con e-child\" data-id=\"aeef1ff\" data-element_type=\"container\" data-e-type=\"container\" data-settings=\"{&quot;jet_parallax_layout_list&quot;:[]}\">\n\t\t\t\t\t<div class=\"e-con-inner\">\n\t\t\t\t<div class=\"elementor-element elementor-element-36198a8 elementor-widget__width-initial premium-header-inline premium-box-lq__none elementor-widget elementor-widget-premium-addon-dual-header\" data-id=\"36198a8\" data-element_type=\"widget\" data-e-type=\"widget\" data-widget_type=\"premium-addon-dual-header.default\">\n\t\t\t\t\t\n\t\t<div class=\"elementor-widget-container\">\n\t\t\t\t\t<h2 class=\"premium-dual-header-first-header premium-dual-header-first-clip\"><span class=\"premium-dual-header-first-span\">Durchschnittliche Antwortzeit:<br>1 Stunde <\/span><\/h2> \t\t\t\t<\/div>\n\n\t\t\t\t\t\t<\/div>\n\t\t\t\t<div class=\"elementor-element elementor-element-c0ea529 elementor-widget elementor-widget-text-editor\" data-id=\"c0ea529\" data-element_type=\"widget\" data-e-type=\"widget\" data-widget_type=\"text-editor.default\">\n\t\t\t\t<div class=\"elementor-widget-container\">\n\t\t\t\t\t\t\t\t\t<p>Wir antworten unseren Kunden in nur 1 Stunde w\u00e4hrend unserer Gesch\u00e4ftszeiten.<br \/>Der schnellste und einfachste Weg, Ihr Projekt zu erstellen!<\/p>\t\t\t\t\t\t\t\t<\/div>\n\t\t\t\t<\/div>\n\t\t\t\t<div class=\"elementor-element elementor-element-c7a5374 pa-icon-pos-after premium-lq__none elementor-widget elementor-widget-premium-addon-button\" data-id=\"c7a5374\" data-element_type=\"widget\" data-e-type=\"widget\" data-widget_type=\"premium-addon-button.default\">\n\t\t\t\t<div class=\"elementor-widget-container\">\n\t\t\t\t\t\n\n\t\t<a class=\"premium-button premium-button-none premium-btn-lg premium-button-none\" href=\"https:\/\/toofabric.com\/de\/kontakt\/\">\n\t\t\t<div class=\"premium-button-text-icon-wrapper\">\n\t\t\t\t\n\t\t\t\t\t\t\t\t\t\t\t\t\t\t\t\t\t\t<svg class=\"svg-inline--fas-fa-angle-right premium-drawable-icon premium-svg-nodraw\" aria-hidden='true' xmlns='http:\/\/www.w3.org\/2000\/svg' viewBox='0 0 256 512'><path d=\"M224.3 273l-136 136c-9.4 9.4-24.6 9.4-33.9 0l-22.6-22.6c-9.4-9.4-9.4-24.6 0-33.9l96.4-96.4-96.4-96.4c-9.4-9.4-9.4-24.6 0-33.9L54.3 103c9.4-9.4 24.6-9.4 33.9 0l136 136c9.5 9.4 9.5 24.6.1 34z\"><\/path><\/svg>\t\t\t\t\t\t\t\t\t\t\t\t\t\t\t\n\t\t\t\t\t\t\t\t\t<span >\n\t\t\t\t\t\tKontakt zum Vertrieb\t\t\t\t\t<\/span>\n\t\t\t\t\t\t\t<\/div>\n\n\t\t\t\n\t\t\t\n\t\t\t\n\t\t<\/a>\n\n\n\t\t\t\t\t\t<\/div>\n\t\t\t\t<\/div>\n\t\t\t\t\t<\/div>\n\t\t\t\t<\/div>\n\t\t\t\t\t<\/div>\n\t\t\t\t<\/div>\n\t\t\t\t<\/div>\n\t\t","protected":false},"excerpt":{"rendered":"<p>Wer wir sind Wie w\u00e4re es, wenn Sie die Vision Ihrer Marke mit einem pers\u00f6nlicheren Touch versehen k\u00f6nnten? Wir sind bereit, Ihre Tr\u00e4ume wahr werden zu lassen, indem wir mit der Kreativit\u00e4t unseres Spezialistenteams T-Shirts, Hoodies und Jogginghosen nach Ma\u00df herstellen. Produkte ansehen Angebot einholen Verbessern Sie Ihre Markenbekanntheit Auf einer Produktionsfl\u00e4che von 1000 m\u00b2 &#8230; <a title=\"Wer Wir Sind\" class=\"read-more\" href=\"https:\/\/toofabric.com\/de\/wer-wir-sind\/\" aria-label=\"Mehr Informationen \u00fcber Wer Wir Sind\">Weiterlesen<\/a><\/p>\n","protected":false},"author":1,"featured_media":0,"parent":0,"menu_order":0,"comment_status":"closed","ping_status":"closed","template":"","meta":{"inline_featured_image":false,"footnotes":""},"class_list":["post-6295","page","type-page","status-publish"],"yoast_head":"<!-- This site is optimized with the Yoast SEO plugin v27.4 - https:\/\/yoast.com\/product\/yoast-seo-wordpress\/ -->\n<title>Wer Wir Sind | Too Fabric | Hersteller von Ma\u00dfkonfektion in der T\u00fcrkei<\/title>\n<meta name=\"description\" content=\"Ganz gleich, ob Sie etwas v\u00f6llig Neues und Einzigartiges entwerfen oder ein bestehendes Design ein wenig ab\u00e4ndern m\u00f6chten.\" \/>\n<meta name=\"robots\" content=\"index, follow, max-snippet:-1, max-image-preview:large, max-video-preview:-1\" \/>\n<link rel=\"canonical\" href=\"https:\/\/toofabric.com\/de\/wer-wir-sind\/\" \/>\n<meta property=\"og:locale\" content=\"de_DE\" \/>\n<meta property=\"og:type\" content=\"article\" \/>\n<meta property=\"og:title\" content=\"Wer Wir Sind | Too Fabric | Hersteller von Ma\u00dfkonfektion in der T\u00fcrkei\" \/>\n<meta property=\"og:description\" content=\"Ganz gleich, ob Sie etwas v\u00f6llig Neues und Einzigartiges entwerfen oder ein bestehendes Design ein wenig ab\u00e4ndern m\u00f6chten.\" \/>\n<meta property=\"og:url\" content=\"https:\/\/toofabric.com\/de\/wer-wir-sind\/\" \/>\n<meta property=\"og:site_name\" content=\"Too Fabric\" \/>\n<meta property=\"article:modified_time\" content=\"2023-03-22T19:57:17+00:00\" \/>\n<meta property=\"og:image\" content=\"https:\/\/toofabric.com\/wp-content\/uploads\/2023\/01\/Too-Fabric-Who-We-Are-Custom-T-shirt-and-Hoodie-Manufacturer-1.jpg\" \/>\n\t<meta property=\"og:image:width\" content=\"945\" \/>\n\t<meta property=\"og:image:height\" content=\"634\" \/>\n\t<meta property=\"og:image:type\" content=\"image\/jpeg\" \/>\n<meta name=\"twitter:card\" content=\"summary_large_image\" \/>\n<meta name=\"twitter:label1\" content=\"Gesch\u00e4tzte Lesezeit\" \/>\n\t<meta name=\"twitter:data1\" content=\"2\u00a0Minuten\" \/>\n<script type=\"application\/ld+json\" class=\"yoast-schema-graph\">{\"@context\":\"https:\\\/\\\/schema.org\",\"@graph\":[{\"@type\":\"WebPage\",\"@id\":\"https:\\\/\\\/toofabric.com\\\/de\\\/wer-wir-sind\\\/\",\"url\":\"https:\\\/\\\/toofabric.com\\\/de\\\/wer-wir-sind\\\/\",\"name\":\"Wer Wir Sind | Too Fabric | Hersteller von Ma\u00dfkonfektion in der T\u00fcrkei\",\"isPartOf\":{\"@id\":\"https:\\\/\\\/toofabric.com\\\/de\\\/#website\"},\"primaryImageOfPage\":{\"@id\":\"https:\\\/\\\/toofabric.com\\\/de\\\/wer-wir-sind\\\/#primaryimage\"},\"image\":{\"@id\":\"https:\\\/\\\/toofabric.com\\\/de\\\/wer-wir-sind\\\/#primaryimage\"},\"thumbnailUrl\":\"https:\\\/\\\/toofabric.com\\\/wp-content\\\/uploads\\\/2023\\\/01\\\/Too-Fabric-Who-We-Are-Custom-T-shirt-and-Hoodie-Manufacturer-1.jpg\",\"datePublished\":\"2020-08-10T10:47:02+00:00\",\"dateModified\":\"2023-03-22T19:57:17+00:00\",\"description\":\"Ganz gleich, ob Sie etwas v\u00f6llig Neues und Einzigartiges entwerfen oder ein bestehendes Design ein wenig ab\u00e4ndern m\u00f6chten.\",\"breadcrumb\":{\"@id\":\"https:\\\/\\\/toofabric.com\\\/de\\\/wer-wir-sind\\\/#breadcrumb\"},\"inLanguage\":\"de\",\"potentialAction\":[{\"@type\":\"ReadAction\",\"target\":[\"https:\\\/\\\/toofabric.com\\\/de\\\/wer-wir-sind\\\/\"]}]},{\"@type\":\"ImageObject\",\"inLanguage\":\"de\",\"@id\":\"https:\\\/\\\/toofabric.com\\\/de\\\/wer-wir-sind\\\/#primaryimage\",\"url\":\"https:\\\/\\\/toofabric.com\\\/wp-content\\\/uploads\\\/2023\\\/01\\\/Too-Fabric-Who-We-Are-Custom-T-shirt-and-Hoodie-Manufacturer-1.jpg\",\"contentUrl\":\"https:\\\/\\\/toofabric.com\\\/wp-content\\\/uploads\\\/2023\\\/01\\\/Too-Fabric-Who-We-Are-Custom-T-shirt-and-Hoodie-Manufacturer-1.jpg\"},{\"@type\":\"BreadcrumbList\",\"@id\":\"https:\\\/\\\/toofabric.com\\\/de\\\/wer-wir-sind\\\/#breadcrumb\",\"itemListElement\":[{\"@type\":\"ListItem\",\"position\":1,\"name\":\"Home\",\"item\":\"https:\\\/\\\/toofabric.com\\\/de\\\/\"},{\"@type\":\"ListItem\",\"position\":2,\"name\":\"Wer Wir Sind\"}]},{\"@type\":\"WebSite\",\"@id\":\"https:\\\/\\\/toofabric.com\\\/de\\\/#website\",\"url\":\"https:\\\/\\\/toofabric.com\\\/de\\\/\",\"name\":\"Too Fabric\",\"description\":\"Custom Clothing Manufacturer\",\"publisher\":{\"@id\":\"https:\\\/\\\/toofabric.com\\\/de\\\/#organization\"},\"potentialAction\":[{\"@type\":\"SearchAction\",\"target\":{\"@type\":\"EntryPoint\",\"urlTemplate\":\"https:\\\/\\\/toofabric.com\\\/de\\\/?s={search_term_string}\"},\"query-input\":{\"@type\":\"PropertyValueSpecification\",\"valueRequired\":true,\"valueName\":\"search_term_string\"}}],\"inLanguage\":\"de\"},{\"@type\":\"Organization\",\"@id\":\"https:\\\/\\\/toofabric.com\\\/de\\\/#organization\",\"name\":\"Too Fabric\",\"url\":\"https:\\\/\\\/toofabric.com\\\/de\\\/\",\"logo\":{\"@type\":\"ImageObject\",\"inLanguage\":\"de\",\"@id\":\"https:\\\/\\\/toofabric.com\\\/de\\\/#\\\/schema\\\/logo\\\/image\\\/\",\"url\":\"https:\\\/\\\/toofabric.com\\\/wp-content\\\/uploads\\\/2019\\\/08\\\/Too-Fabric-1.svg\",\"contentUrl\":\"https:\\\/\\\/toofabric.com\\\/wp-content\\\/uploads\\\/2019\\\/08\\\/Too-Fabric-1.svg\",\"width\":1,\"height\":1,\"caption\":\"Too Fabric\"},\"image\":{\"@id\":\"https:\\\/\\\/toofabric.com\\\/de\\\/#\\\/schema\\\/logo\\\/image\\\/\"},\"sameAs\":[\"https:\\\/\\\/www.instagram.com\\\/toofabric\\\/\",\"https:\\\/\\\/tr.linkedin.com\\\/company\\\/too-fabric?trk=public_profile_topcard_current_company\",\"https:\\\/\\\/www.youtube.com\\\/channel\\\/UCSlIhMOl6lVRT7kZd8_iBRg\"]}]}<\/script>\n<!-- \/ Yoast SEO plugin. -->","yoast_head_json":{"title":"Wer Wir Sind | Too Fabric | Hersteller von Ma\u00dfkonfektion in der T\u00fcrkei","description":"Ganz gleich, ob Sie etwas v\u00f6llig Neues und Einzigartiges entwerfen oder ein bestehendes Design ein wenig ab\u00e4ndern m\u00f6chten.","robots":{"index":"index","follow":"follow","max-snippet":"max-snippet:-1","max-image-preview":"max-image-preview:large","max-video-preview":"max-video-preview:-1"},"canonical":"https:\/\/toofabric.com\/de\/wer-wir-sind\/","og_locale":"de_DE","og_type":"article","og_title":"Wer Wir Sind | Too Fabric | Hersteller von Ma\u00dfkonfektion in der T\u00fcrkei","og_description":"Ganz gleich, ob Sie etwas v\u00f6llig Neues und Einzigartiges entwerfen oder ein bestehendes Design ein wenig ab\u00e4ndern m\u00f6chten.","og_url":"https:\/\/toofabric.com\/de\/wer-wir-sind\/","og_site_name":"Too Fabric","article_modified_time":"2023-03-22T19:57:17+00:00","og_image":[{"width":945,"height":634,"url":"https:\/\/toofabric.com\/wp-content\/uploads\/2023\/01\/Too-Fabric-Who-We-Are-Custom-T-shirt-and-Hoodie-Manufacturer-1.jpg","type":"image\/jpeg"}],"twitter_card":"summary_large_image","twitter_misc":{"Gesch\u00e4tzte Lesezeit":"2\u00a0Minuten"},"schema":{"@context":"https:\/\/schema.org","@graph":[{"@type":"WebPage","@id":"https:\/\/toofabric.com\/de\/wer-wir-sind\/","url":"https:\/\/toofabric.com\/de\/wer-wir-sind\/","name":"Wer Wir Sind | Too Fabric | Hersteller von Ma\u00dfkonfektion in der T\u00fcrkei","isPartOf":{"@id":"https:\/\/toofabric.com\/de\/#website"},"primaryImageOfPage":{"@id":"https:\/\/toofabric.com\/de\/wer-wir-sind\/#primaryimage"},"image":{"@id":"https:\/\/toofabric.com\/de\/wer-wir-sind\/#primaryimage"},"thumbnailUrl":"https:\/\/toofabric.com\/wp-content\/uploads\/2023\/01\/Too-Fabric-Who-We-Are-Custom-T-shirt-and-Hoodie-Manufacturer-1.jpg","datePublished":"2020-08-10T10:47:02+00:00","dateModified":"2023-03-22T19:57:17+00:00","description":"Ganz gleich, ob Sie etwas v\u00f6llig Neues und Einzigartiges entwerfen oder ein bestehendes Design ein wenig ab\u00e4ndern m\u00f6chten.","breadcrumb":{"@id":"https:\/\/toofabric.com\/de\/wer-wir-sind\/#breadcrumb"},"inLanguage":"de","potentialAction":[{"@type":"ReadAction","target":["https:\/\/toofabric.com\/de\/wer-wir-sind\/"]}]},{"@type":"ImageObject","inLanguage":"de","@id":"https:\/\/toofabric.com\/de\/wer-wir-sind\/#primaryimage","url":"https:\/\/toofabric.com\/wp-content\/uploads\/2023\/01\/Too-Fabric-Who-We-Are-Custom-T-shirt-and-Hoodie-Manufacturer-1.jpg","contentUrl":"https:\/\/toofabric.com\/wp-content\/uploads\/2023\/01\/Too-Fabric-Who-We-Are-Custom-T-shirt-and-Hoodie-Manufacturer-1.jpg"},{"@type":"BreadcrumbList","@id":"https:\/\/toofabric.com\/de\/wer-wir-sind\/#breadcrumb","itemListElement":[{"@type":"ListItem","position":1,"name":"Home","item":"https:\/\/toofabric.com\/de\/"},{"@type":"ListItem","position":2,"name":"Wer Wir Sind"}]},{"@type":"WebSite","@id":"https:\/\/toofabric.com\/de\/#website","url":"https:\/\/toofabric.com\/de\/","name":"Too Fabric","description":"Custom Clothing Manufacturer","publisher":{"@id":"https:\/\/toofabric.com\/de\/#organization"},"potentialAction":[{"@type":"SearchAction","target":{"@type":"EntryPoint","urlTemplate":"https:\/\/toofabric.com\/de\/?s={search_term_string}"},"query-input":{"@type":"PropertyValueSpecification","valueRequired":true,"valueName":"search_term_string"}}],"inLanguage":"de"},{"@type":"Organization","@id":"https:\/\/toofabric.com\/de\/#organization","name":"Too Fabric","url":"https:\/\/toofabric.com\/de\/","logo":{"@type":"ImageObject","inLanguage":"de","@id":"https:\/\/toofabric.com\/de\/#\/schema\/logo\/image\/","url":"https:\/\/toofabric.com\/wp-content\/uploads\/2019\/08\/Too-Fabric-1.svg","contentUrl":"https:\/\/toofabric.com\/wp-content\/uploads\/2019\/08\/Too-Fabric-1.svg","width":1,"height":1,"caption":"Too Fabric"},"image":{"@id":"https:\/\/toofabric.com\/de\/#\/schema\/logo\/image\/"},"sameAs":["https:\/\/www.instagram.com\/toofabric\/","https:\/\/tr.linkedin.com\/company\/too-fabric?trk=public_profile_topcard_current_company","https:\/\/www.youtube.com\/channel\/UCSlIhMOl6lVRT7kZd8_iBRg"]}]}},"_links":{"self":[{"href":"https:\/\/toofabric.com\/de\/wp-json\/wp\/v2\/pages\/6295","targetHints":{"allow":["GET"]}}],"collection":[{"href":"https:\/\/toofabric.com\/de\/wp-json\/wp\/v2\/pages"}],"about":[{"href":"https:\/\/toofabric.com\/de\/wp-json\/wp\/v2\/types\/page"}],"author":[{"embeddable":true,"href":"https:\/\/toofabric.com\/de\/wp-json\/wp\/v2\/users\/1"}],"replies":[{"embeddable":true,"href":"https:\/\/toofabric.com\/de\/wp-json\/wp\/v2\/comments?post=6295"}],"version-history":[{"count":0,"href":"https:\/\/toofabric.com\/de\/wp-json\/wp\/v2\/pages\/6295\/revisions"}],"wp:attachment":[{"href":"https:\/\/toofabric.com\/de\/wp-json\/wp\/v2\/media?parent=6295"}],"curies":[{"name":"wp","href":"https:\/\/api.w.org\/{rel}","templated":true}]}}