{"id":31514,"date":"2023-10-01T17:47:35","date_gmt":"2023-10-01T17:47:35","guid":{"rendered":"https:\/\/toofabric.com\/?page_id=31514"},"modified":"2023-10-01T21:05:04","modified_gmt":"2023-10-01T21:05:04","slug":"quienes-somos","status":"publish","type":"page","link":"https:\/\/toofabric.com\/es\/quienes-somos\/","title":{"rendered":"Qui\u00e9nes somos"},"content":{"rendered":"\t\t<div data-elementor-type=\"wp-page\" data-elementor-id=\"31514\" class=\"elementor elementor-31514\" data-elementor-post-type=\"page\">\n\t\t\t\t<div class=\"elementor-element elementor-element-c2d648f e-flex e-con-boxed e-con e-parent\" data-id=\"c2d648f\" data-element_type=\"container\" data-e-type=\"container\" data-settings=\"{&quot;jet_parallax_layout_list&quot;:[]}\">\n\t\t\t\t\t<div class=\"e-con-inner\">\n\t\t<div class=\"elementor-element elementor-element-5d41bb0 e-con-full e-flex e-con e-child\" data-id=\"5d41bb0\" data-element_type=\"container\" data-e-type=\"container\" data-settings=\"{&quot;jet_parallax_layout_list&quot;:[]}\">\n\t\t\t\t<div class=\"elementor-element elementor-element-cf69b6a premium-header-inline premium-box-lq__none elementor-widget elementor-widget-premium-addon-dual-header\" data-id=\"cf69b6a\" data-element_type=\"widget\" data-e-type=\"widget\" data-widget_type=\"premium-addon-dual-header.default\">\n\t\t\t\t\t\n\t\t<div class=\"elementor-widget-container\">\n\t\t\t\t\t<h1 class=\"premium-dual-header-first-header premium-dual-header-first-clip\"><span class=\"premium-dual-header-first-span\">Qui\u00e9nes somos <\/span><\/h1> \t\t\t\t<\/div>\n\n\t\t\t\t\t\t<\/div>\n\t\t\t\t<div class=\"elementor-element elementor-element-5a61819 elementor-widget elementor-widget-text-editor\" data-id=\"5a61819\" data-element_type=\"widget\" data-e-type=\"widget\" data-widget_type=\"text-editor.default\">\n\t\t\t\t<div class=\"elementor-widget-container\">\n\t\t\t\t\t\t\t\t\t<p>\u00bfQu\u00e9 tal si cuentas la posici\u00f3n de tu marca con una visi\u00f3n m\u00e1s personalizada? Estamos listos para hacer tus sue\u00f1os realidad ofreci\u00e9ndote producci\u00f3n personalizada de camisetas, sudaderas con capucha y pantalones jogger con la creatividad de nuestro equipo especializado.<\/p>\t\t\t\t\t\t\t\t<\/div>\n\t\t\t\t<\/div>\n\t\t<div class=\"elementor-element elementor-element-edf5eaf e-con-full e-flex e-con e-child\" data-id=\"edf5eaf\" data-element_type=\"container\" data-e-type=\"container\" data-settings=\"{&quot;jet_parallax_layout_list&quot;:[]}\">\n\t\t\t\t<div class=\"elementor-element elementor-element-713e7b8 elementor-widget-tablet__width-initial elementor-widget-mobile__width-auto premium-lq__none elementor-widget elementor-widget-premium-addon-button\" data-id=\"713e7b8\" data-element_type=\"widget\" data-e-type=\"widget\" data-widget_type=\"premium-addon-button.default\">\n\t\t\t\t<div class=\"elementor-widget-container\">\n\t\t\t\t\t\n\n\t\t<a class=\"premium-button premium-button-none premium-btn-lg premium-button-none\" href=\"https:\/\/toofabric.com\/es\/productos\/\">\n\t\t\t<div class=\"premium-button-text-icon-wrapper\">\n\t\t\t\t\n\t\t\t\t\t\t\t\t\t<span >\n\t\t\t\t\t\tVer productos\t\t\t\t\t<\/span>\n\t\t\t\t\t\t\t<\/div>\n\n\t\t\t\n\t\t\t\n\t\t\t\n\t\t<\/a>\n\n\n\t\t\t\t\t\t<\/div>\n\t\t\t\t<\/div>\n\t\t\t\t<div class=\"elementor-element elementor-element-20d84d7 elementor-widget-mobile__width-auto premium-lq__none elementor-widget elementor-widget-premium-addon-button\" data-id=\"20d84d7\" data-element_type=\"widget\" data-e-type=\"widget\" data-widget_type=\"premium-addon-button.default\">\n\t\t\t\t<div class=\"elementor-widget-container\">\n\t\t\t\t\t\n\n\t\t<a class=\"premium-button premium-button-none premium-btn-lg premium-button-none\" href=\"https:\/\/toofabric.com\/es\/contacto\/\">\n\t\t\t<div class=\"premium-button-text-icon-wrapper\">\n\t\t\t\t\n\t\t\t\t\t\t\t\t\t<span >\n\t\t\t\t\t\tContactar a ventas\t\t\t\t\t<\/span>\n\t\t\t\t\t\t\t<\/div>\n\n\t\t\t\n\t\t\t\n\t\t\t\n\t\t<\/a>\n\n\n\t\t\t\t\t\t<\/div>\n\t\t\t\t<\/div>\n\t\t\t\t<\/div>\n\t\t\t\t<\/div>\n\t\t<div class=\"elementor-element elementor-element-f82d0d5 e-con-full e-flex e-con e-child\" data-id=\"f82d0d5\" data-element_type=\"container\" data-e-type=\"container\" data-settings=\"{&quot;jet_parallax_layout_list&quot;:[]}\">\n\t\t\t\t<div class=\"elementor-element elementor-element-4fae972 elementor-widget elementor-widget-image\" data-id=\"4fae972\" data-element_type=\"widget\" data-e-type=\"widget\" data-widget_type=\"image.default\">\n\t\t\t\t<div class=\"elementor-widget-container\">\n\t\t\t\t\t\t\t\t\t\t\t\t\t\t\t<img fetchpriority=\"high\" decoding=\"async\" width=\"945\" height=\"634\" src=\"https:\/\/toofabric.com\/wp-content\/uploads\/2023\/01\/Too-Fabric-Who-We-Are-Custom-T-shirt-and-Hoodie-Manufacturer-1.jpg\" class=\"attachment-large size-large wp-image-31518\" alt=\"Too Fabric | Qui\u00e9nes somos | Fabricante de camisetas y sudaderas personalizadas en Turqu\u00eda\" srcset=\"https:\/\/toofabric.com\/wp-content\/uploads\/2023\/01\/Too-Fabric-Who-We-Are-Custom-T-shirt-and-Hoodie-Manufacturer-1.jpg 945w, https:\/\/toofabric.com\/wp-content\/uploads\/2023\/01\/Too-Fabric-Who-We-Are-Custom-T-shirt-and-Hoodie-Manufacturer-1-300x201.jpg 300w, https:\/\/toofabric.com\/wp-content\/uploads\/2023\/01\/Too-Fabric-Who-We-Are-Custom-T-shirt-and-Hoodie-Manufacturer-1-768x515.jpg 768w\" sizes=\"(max-width: 945px) 100vw, 945px\" \/>\t\t\t\t\t\t\t\t\t\t\t\t\t\t\t<\/div>\n\t\t\t\t<\/div>\n\t\t\t\t<\/div>\n\t\t\t\t\t<\/div>\n\t\t\t\t<\/div>\n\t\t<div class=\"elementor-element elementor-element-1c73d15 e-flex e-con-boxed e-con e-parent\" data-id=\"1c73d15\" data-element_type=\"container\" data-e-type=\"container\" data-settings=\"{&quot;background_background&quot;:&quot;classic&quot;,&quot;jet_parallax_layout_list&quot;:[]}\">\n\t\t\t\t\t<div class=\"e-con-inner\">\n\t\t<div class=\"elementor-element elementor-element-7a8adb3 e-con-full elementor-hidden-tablet e-flex e-con e-child\" data-id=\"7a8adb3\" data-element_type=\"container\" data-e-type=\"container\" data-settings=\"{&quot;jet_parallax_layout_list&quot;:[]}\">\n\t\t\t\t<div class=\"elementor-element elementor-element-bc2f05b elementor-widget elementor-widget-image\" data-id=\"bc2f05b\" data-element_type=\"widget\" data-e-type=\"widget\" data-widget_type=\"image.default\">\n\t\t\t\t<div class=\"elementor-widget-container\">\n\t\t\t\t\t\t\t\t\t\t\t\t\t\t\t<img decoding=\"async\" width=\"627\" height=\"577\" src=\"https:\/\/toofabric.com\/wp-content\/uploads\/2023\/01\/Too-Fabric-Who-We-Are-Custom-T-shirt-and-Hoodie-Manufacturer-2.png\" class=\"attachment-full size-full wp-image-31723\" alt=\"Too Fabric | Qui\u00e9nes somos | Fabricante de camisetas y sudaderas personalizadas en Turqu\u00eda\" srcset=\"https:\/\/toofabric.com\/wp-content\/uploads\/2023\/01\/Too-Fabric-Who-We-Are-Custom-T-shirt-and-Hoodie-Manufacturer-2.png 627w, https:\/\/toofabric.com\/wp-content\/uploads\/2023\/01\/Too-Fabric-Who-We-Are-Custom-T-shirt-and-Hoodie-Manufacturer-2-300x276.png 300w\" sizes=\"(max-width: 627px) 100vw, 627px\" \/>\t\t\t\t\t\t\t\t\t\t\t\t\t\t\t<\/div>\n\t\t\t\t<\/div>\n\t\t\t\t<\/div>\n\t\t<div class=\"elementor-element elementor-element-ed60b45 e-con-full e-flex e-con e-child\" data-id=\"ed60b45\" data-element_type=\"container\" data-e-type=\"container\" data-settings=\"{&quot;jet_parallax_layout_list&quot;:[]}\">\n\t\t\t\t<div class=\"elementor-element elementor-element-f346e54 premium-header-inline premium-box-lq__none elementor-widget elementor-widget-premium-addon-dual-header\" data-id=\"f346e54\" data-element_type=\"widget\" data-e-type=\"widget\" data-widget_type=\"premium-addon-dual-header.default\">\n\t\t\t\t\t\n\t\t<div class=\"elementor-widget-container\">\n\t\t\t\t\t<h2 class=\"premium-dual-header-first-header premium-dual-header-first-clip\"><span class=\"premium-dual-header-first-span\">Mejora el reconocimiento<br>de tu marca <\/span><\/h2> \t\t\t\t<\/div>\n\n\t\t\t\t\t\t<\/div>\n\t\t\t\t<div class=\"elementor-element elementor-element-1557381 elementor-widget elementor-widget-text-editor\" data-id=\"1557381\" data-element_type=\"widget\" data-e-type=\"widget\" data-widget_type=\"text-editor.default\">\n\t\t\t\t<div class=\"elementor-widget-container\">\n\t\t\t\t\t\t\t\t\t<p>Ofrecemos un servicio de alta calidad con corte, impresi\u00f3n y bordado, costura, planchado y embalaje y unidades de control de calidad con nuestros 60 empleados calificados, dando importancia a las condiciones de trabajo y los derechos sociales en nuestra \u00e1rea de producci\u00f3n de 1000 m\u00b2 ubicada en Estambul. Trabajamos en muchas \u00e1reas, incluyendo ropa de moda, ropa de trabajo, uniformes escolares y art\u00edculos promocionales, as\u00ed como en la producci\u00f3n de ropa sofisticada.<\/p><p>Nuestro equipo de profesionales apasionados y experimentados est\u00e1 dedicado a ayudarte a crear un dise\u00f1o \u00fanico y llamativo que refleje la misi\u00f3n y valores de tu marca. Nuestro servicio al cliente de primera clase est\u00e1 aqu\u00ed para asegurarse de que tu ropa se destaque del resto. Con la visi\u00f3n creativa de nuestro equipo, puedes confiar en que tu ropa se fabricar\u00e1 con calidad y precisi\u00f3n.<\/p><p>Estamos aqu\u00ed para ayudarte a crear tus prendas perfectas. Ya sea que quieras crear algo totalmente nuevo y \u00fanico o quieras hacer algunos ajustes a un dise\u00f1o existente, nuestro equipo est\u00e1 listo y dispuesto a ayudarte a darle vida a tu dise\u00f1o. Esperamos trabajar contigo y ayudarte a hacer realidad tu visi\u00f3n.<\/p>\t\t\t\t\t\t\t\t<\/div>\n\t\t\t\t<\/div>\n\t\t\t\t<\/div>\n\t\t\t\t\t<\/div>\n\t\t\t\t<\/div>\n\t\t<div class=\"elementor-element elementor-element-fe01e3e e-flex e-con-boxed e-con e-parent\" data-id=\"fe01e3e\" data-element_type=\"container\" data-e-type=\"container\" data-settings=\"{&quot;background_background&quot;:&quot;classic&quot;,&quot;jet_parallax_layout_list&quot;:[]}\">\n\t\t\t\t\t<div class=\"e-con-inner\">\n\t\t<div class=\"elementor-element elementor-element-df1465d e-con-full elementor-hidden-mobile e-flex e-con e-child\" data-id=\"df1465d\" data-element_type=\"container\" data-e-type=\"container\" data-settings=\"{&quot;jet_parallax_layout_list&quot;:[]}\">\n\t\t\t\t<div class=\"elementor-element elementor-element-664fba1 elementor-widget-mobile__width-initial elementor-widget-tablet__width-initial elementor-widget elementor-widget-image\" data-id=\"664fba1\" data-element_type=\"widget\" data-e-type=\"widget\" data-widget_type=\"image.default\">\n\t\t\t\t<div class=\"elementor-widget-container\">\n\t\t\t\t\t\t\t\t\t\t\t\t\t\t\t<img decoding=\"async\" src=\"https:\/\/toofabric.com\/wp-content\/uploads\/2022\/08\/Too-Fabric-Clock.png\" title=\"Too Fabric Custom T-shirt and Hoodie Manufacturer\" alt=\"Too Fabric Custom T-shirt and Hoodie Manufacturer\" loading=\"lazy\" \/>\t\t\t\t\t\t\t\t\t\t\t\t\t\t\t<\/div>\n\t\t\t\t<\/div>\n\t\t\t\t<\/div>\n\t\t<div class=\"elementor-element elementor-element-1b5fb87 e-flex e-con-boxed e-con e-child\" data-id=\"1b5fb87\" data-element_type=\"container\" data-e-type=\"container\" data-settings=\"{&quot;jet_parallax_layout_list&quot;:[]}\">\n\t\t\t\t\t<div class=\"e-con-inner\">\n\t\t\t\t<div class=\"elementor-element elementor-element-7b7d3bb elementor-widget__width-initial premium-header-inline premium-box-lq__none elementor-widget elementor-widget-premium-addon-dual-header\" data-id=\"7b7d3bb\" data-element_type=\"widget\" data-e-type=\"widget\" data-widget_type=\"premium-addon-dual-header.default\">\n\t\t\t\t\t\n\t\t<div class=\"elementor-widget-container\">\n\t\t\t\t\t<h2 class=\"premium-dual-header-first-header premium-dual-header-first-clip\"><span class=\"premium-dual-header-first-span\">Tiempo promedio de respuesta: 1 hora <\/span><\/h2> \t\t\t\t<\/div>\n\n\t\t\t\t\t\t<\/div>\n\t\t\t\t<div class=\"elementor-element elementor-element-d6ce2d0 elementor-widget elementor-widget-text-editor\" data-id=\"d6ce2d0\" data-element_type=\"widget\" data-e-type=\"widget\" data-widget_type=\"text-editor.default\">\n\t\t\t\t<div class=\"elementor-widget-container\">\n\t\t\t\t\t\t\t\t\t<p>Respondemos a nuestros clientes en solo 1 hora durante el horario laboral.<br \/>\u00a1La forma m\u00e1s r\u00e1pida y sencilla de crear tu proyecto!<\/p>\t\t\t\t\t\t\t\t<\/div>\n\t\t\t\t<\/div>\n\t\t\t\t<div class=\"elementor-element elementor-element-31c5e2a pa-icon-pos-after premium-lq__none elementor-widget elementor-widget-premium-addon-button\" data-id=\"31c5e2a\" data-element_type=\"widget\" data-e-type=\"widget\" data-widget_type=\"premium-addon-button.default\">\n\t\t\t\t<div class=\"elementor-widget-container\">\n\t\t\t\t\t\n\n\t\t<a class=\"premium-button premium-button-none premium-btn-lg premium-button-none\" href=\"https:\/\/toofabric.com\/es\/contacto\/\">\n\t\t\t<div class=\"premium-button-text-icon-wrapper\">\n\t\t\t\t\n\t\t\t\t\t\t\t\t\t\t\t\t\t\t\t\t\t\t<svg class=\"svg-inline--fas-fa-angle-right premium-drawable-icon premium-svg-nodraw\" aria-hidden='true' xmlns='http:\/\/www.w3.org\/2000\/svg' viewBox='0 0 256 512'><path d=\"M224.3 273l-136 136c-9.4 9.4-24.6 9.4-33.9 0l-22.6-22.6c-9.4-9.4-9.4-24.6 0-33.9l96.4-96.4-96.4-96.4c-9.4-9.4-9.4-24.6 0-33.9L54.3 103c9.4-9.4 24.6-9.4 33.9 0l136 136c9.5 9.4 9.5 24.6.1 34z\"><\/path><\/svg>\t\t\t\t\t\t\t\t\t\t\t\t\t\t\t\n\t\t\t\t\t\t\t\t\t<span >\n\t\t\t\t\t\tContactar a ventas\t\t\t\t\t<\/span>\n\t\t\t\t\t\t\t<\/div>\n\n\t\t\t\n\t\t\t\n\t\t\t\n\t\t<\/a>\n\n\n\t\t\t\t\t\t<\/div>\n\t\t\t\t<\/div>\n\t\t\t\t\t<\/div>\n\t\t\t\t<\/div>\n\t\t\t\t\t<\/div>\n\t\t\t\t<\/div>\n\t\t\t\t<\/div>\n\t\t","protected":false},"excerpt":{"rendered":"<p>Qui\u00e9nes somos \u00bfQu\u00e9 tal si cuentas la posici\u00f3n de tu marca con una visi\u00f3n m\u00e1s personalizada? Estamos listos para hacer tus sue\u00f1os realidad ofreci\u00e9ndote producci\u00f3n personalizada de camisetas, sudaderas con capucha y pantalones jogger con la creatividad de nuestro equipo especializado. Ver productos Contactar a ventas Mejora el reconocimientode tu marca Ofrecemos un servicio de &#8230; <a title=\"Qui\u00e9nes somos\" class=\"read-more\" href=\"https:\/\/toofabric.com\/es\/quienes-somos\/\" aria-label=\"Leer m\u00e1s sobre Qui\u00e9nes somos\">Leer m\u00e1s<\/a><\/p>\n","protected":false},"author":1,"featured_media":37427,"parent":0,"menu_order":0,"comment_status":"closed","ping_status":"closed","template":"","meta":{"inline_featured_image":false,"footnotes":""},"class_list":["post-31514","page","type-page","status-publish","has-post-thumbnail"],"yoast_head":"<!-- This site is optimized with the Yoast SEO plugin v27.3 - https:\/\/yoast.com\/product\/yoast-seo-wordpress\/ -->\n<title>Qui\u00e9nes somos | Too Fabric | Fabricante de Ropa Personalizada en Turqu\u00eda<\/title>\n<meta name=\"description\" content=\"Estamos listos para materializar tus sue\u00f1os con producci\u00f3n personalizada de camisetas y sudaderas, gracias a nuestro equipo especializado.\" \/>\n<meta name=\"robots\" content=\"index, follow, max-snippet:-1, max-image-preview:large, max-video-preview:-1\" \/>\n<link rel=\"canonical\" href=\"https:\/\/toofabric.com\/es\/quienes-somos\/\" \/>\n<meta property=\"og:locale\" content=\"es_ES\" \/>\n<meta property=\"og:type\" content=\"article\" \/>\n<meta property=\"og:title\" content=\"Qui\u00e9nes somos | Too Fabric | Fabricante de Ropa Personalizada en Turqu\u00eda\" \/>\n<meta property=\"og:description\" content=\"Estamos listos para materializar tus sue\u00f1os con producci\u00f3n personalizada de camisetas y sudaderas, gracias a nuestro equipo especializado.\" \/>\n<meta property=\"og:url\" content=\"https:\/\/toofabric.com\/es\/quienes-somos\/\" \/>\n<meta property=\"og:site_name\" content=\"Too Fabric\" \/>\n<meta property=\"article:modified_time\" content=\"2023-10-01T21:05:04+00:00\" \/>\n<meta property=\"og:image\" content=\"https:\/\/toofabric.com\/wp-content\/uploads\/2023\/01\/Too-Fabric-Who-We-Are-Custom-T-shirt-and-Hoodie-Manufacturer-1.jpg\" \/>\n\t<meta property=\"og:image:width\" content=\"945\" \/>\n\t<meta property=\"og:image:height\" content=\"634\" \/>\n\t<meta property=\"og:image:type\" content=\"image\/jpeg\" \/>\n<meta name=\"twitter:card\" content=\"summary_large_image\" \/>\n<meta name=\"twitter:label1\" content=\"Tiempo de lectura\" \/>\n\t<meta name=\"twitter:data1\" content=\"2 minutos\" \/>\n<script type=\"application\/ld+json\" class=\"yoast-schema-graph\">{\"@context\":\"https:\\\/\\\/schema.org\",\"@graph\":[{\"@type\":\"WebPage\",\"@id\":\"https:\\\/\\\/toofabric.com\\\/es\\\/quienes-somos\\\/\",\"url\":\"https:\\\/\\\/toofabric.com\\\/es\\\/quienes-somos\\\/\",\"name\":\"Qui\u00e9nes somos | Too Fabric | Fabricante de Ropa Personalizada en Turqu\u00eda\",\"isPartOf\":{\"@id\":\"https:\\\/\\\/toofabric.com\\\/es\\\/#website\"},\"primaryImageOfPage\":{\"@id\":\"https:\\\/\\\/toofabric.com\\\/es\\\/quienes-somos\\\/#primaryimage\"},\"image\":{\"@id\":\"https:\\\/\\\/toofabric.com\\\/es\\\/quienes-somos\\\/#primaryimage\"},\"thumbnailUrl\":\"https:\\\/\\\/toofabric.com\\\/wp-content\\\/uploads\\\/2024\\\/07\\\/4050KirmiziS-5.jpg\",\"datePublished\":\"2023-10-01T17:47:35+00:00\",\"dateModified\":\"2023-10-01T21:05:04+00:00\",\"description\":\"Estamos listos para materializar tus sue\u00f1os con producci\u00f3n personalizada de camisetas y sudaderas, gracias a nuestro equipo especializado.\",\"breadcrumb\":{\"@id\":\"https:\\\/\\\/toofabric.com\\\/es\\\/quienes-somos\\\/#breadcrumb\"},\"inLanguage\":\"es\",\"potentialAction\":[{\"@type\":\"ReadAction\",\"target\":[\"https:\\\/\\\/toofabric.com\\\/es\\\/quienes-somos\\\/\"]}]},{\"@type\":\"ImageObject\",\"inLanguage\":\"es\",\"@id\":\"https:\\\/\\\/toofabric.com\\\/es\\\/quienes-somos\\\/#primaryimage\",\"url\":\"https:\\\/\\\/toofabric.com\\\/wp-content\\\/uploads\\\/2024\\\/07\\\/4050KirmiziS-5.jpg\",\"contentUrl\":\"https:\\\/\\\/toofabric.com\\\/wp-content\\\/uploads\\\/2024\\\/07\\\/4050KirmiziS-5.jpg\",\"width\":1200,\"height\":1800,\"caption\":\"4050 (Red) | Too Fabric | Wholesale Lingerie Manufacturer\"},{\"@type\":\"BreadcrumbList\",\"@id\":\"https:\\\/\\\/toofabric.com\\\/es\\\/quienes-somos\\\/#breadcrumb\",\"itemListElement\":[{\"@type\":\"ListItem\",\"position\":1,\"name\":\"Home\",\"item\":\"https:\\\/\\\/toofabric.com\\\/es\\\/fabricante-de-ropa-personalizada-en-turquia\\\/\"},{\"@type\":\"ListItem\",\"position\":2,\"name\":\"Qui\u00e9nes somos\"}]},{\"@type\":\"WebSite\",\"@id\":\"https:\\\/\\\/toofabric.com\\\/es\\\/#website\",\"url\":\"https:\\\/\\\/toofabric.com\\\/es\\\/\",\"name\":\"Too Fabric\",\"description\":\"Custom Clothing Manufacturer\",\"publisher\":{\"@id\":\"https:\\\/\\\/toofabric.com\\\/es\\\/#organization\"},\"potentialAction\":[{\"@type\":\"SearchAction\",\"target\":{\"@type\":\"EntryPoint\",\"urlTemplate\":\"https:\\\/\\\/toofabric.com\\\/es\\\/?s={search_term_string}\"},\"query-input\":{\"@type\":\"PropertyValueSpecification\",\"valueRequired\":true,\"valueName\":\"search_term_string\"}}],\"inLanguage\":\"es\"},{\"@type\":\"Organization\",\"@id\":\"https:\\\/\\\/toofabric.com\\\/es\\\/#organization\",\"name\":\"Too Fabric\",\"url\":\"https:\\\/\\\/toofabric.com\\\/es\\\/\",\"logo\":{\"@type\":\"ImageObject\",\"inLanguage\":\"es\",\"@id\":\"https:\\\/\\\/toofabric.com\\\/es\\\/#\\\/schema\\\/logo\\\/image\\\/\",\"url\":\"https:\\\/\\\/toofabric.com\\\/wp-content\\\/uploads\\\/2019\\\/08\\\/Too-Fabric-1.svg\",\"contentUrl\":\"https:\\\/\\\/toofabric.com\\\/wp-content\\\/uploads\\\/2019\\\/08\\\/Too-Fabric-1.svg\",\"width\":1,\"height\":1,\"caption\":\"Too Fabric\"},\"image\":{\"@id\":\"https:\\\/\\\/toofabric.com\\\/es\\\/#\\\/schema\\\/logo\\\/image\\\/\"},\"sameAs\":[\"https:\\\/\\\/www.instagram.com\\\/toofabric\\\/\",\"https:\\\/\\\/tr.linkedin.com\\\/company\\\/too-fabric?trk=public_profile_topcard_current_company\",\"https:\\\/\\\/www.youtube.com\\\/channel\\\/UCSlIhMOl6lVRT7kZd8_iBRg\"]}]}<\/script>\n<!-- \/ Yoast SEO plugin. -->","yoast_head_json":{"title":"Qui\u00e9nes somos | Too Fabric | Fabricante de Ropa Personalizada en Turqu\u00eda","description":"Estamos listos para materializar tus sue\u00f1os con producci\u00f3n personalizada de camisetas y sudaderas, gracias a nuestro equipo especializado.","robots":{"index":"index","follow":"follow","max-snippet":"max-snippet:-1","max-image-preview":"max-image-preview:large","max-video-preview":"max-video-preview:-1"},"canonical":"https:\/\/toofabric.com\/es\/quienes-somos\/","og_locale":"es_ES","og_type":"article","og_title":"Qui\u00e9nes somos | Too Fabric | Fabricante de Ropa Personalizada en Turqu\u00eda","og_description":"Estamos listos para materializar tus sue\u00f1os con producci\u00f3n personalizada de camisetas y sudaderas, gracias a nuestro equipo especializado.","og_url":"https:\/\/toofabric.com\/es\/quienes-somos\/","og_site_name":"Too Fabric","article_modified_time":"2023-10-01T21:05:04+00:00","og_image":[{"width":945,"height":634,"url":"https:\/\/toofabric.com\/wp-content\/uploads\/2023\/01\/Too-Fabric-Who-We-Are-Custom-T-shirt-and-Hoodie-Manufacturer-1.jpg","type":"image\/jpeg"}],"twitter_card":"summary_large_image","twitter_misc":{"Tiempo de lectura":"2 minutos"},"schema":{"@context":"https:\/\/schema.org","@graph":[{"@type":"WebPage","@id":"https:\/\/toofabric.com\/es\/quienes-somos\/","url":"https:\/\/toofabric.com\/es\/quienes-somos\/","name":"Qui\u00e9nes somos | Too Fabric | Fabricante de Ropa Personalizada en Turqu\u00eda","isPartOf":{"@id":"https:\/\/toofabric.com\/es\/#website"},"primaryImageOfPage":{"@id":"https:\/\/toofabric.com\/es\/quienes-somos\/#primaryimage"},"image":{"@id":"https:\/\/toofabric.com\/es\/quienes-somos\/#primaryimage"},"thumbnailUrl":"https:\/\/toofabric.com\/wp-content\/uploads\/2024\/07\/4050KirmiziS-5.jpg","datePublished":"2023-10-01T17:47:35+00:00","dateModified":"2023-10-01T21:05:04+00:00","description":"Estamos listos para materializar tus sue\u00f1os con producci\u00f3n personalizada de camisetas y sudaderas, gracias a nuestro equipo especializado.","breadcrumb":{"@id":"https:\/\/toofabric.com\/es\/quienes-somos\/#breadcrumb"},"inLanguage":"es","potentialAction":[{"@type":"ReadAction","target":["https:\/\/toofabric.com\/es\/quienes-somos\/"]}]},{"@type":"ImageObject","inLanguage":"es","@id":"https:\/\/toofabric.com\/es\/quienes-somos\/#primaryimage","url":"https:\/\/toofabric.com\/wp-content\/uploads\/2024\/07\/4050KirmiziS-5.jpg","contentUrl":"https:\/\/toofabric.com\/wp-content\/uploads\/2024\/07\/4050KirmiziS-5.jpg","width":1200,"height":1800,"caption":"4050 (Red) | Too Fabric | Wholesale Lingerie Manufacturer"},{"@type":"BreadcrumbList","@id":"https:\/\/toofabric.com\/es\/quienes-somos\/#breadcrumb","itemListElement":[{"@type":"ListItem","position":1,"name":"Home","item":"https:\/\/toofabric.com\/es\/fabricante-de-ropa-personalizada-en-turquia\/"},{"@type":"ListItem","position":2,"name":"Qui\u00e9nes somos"}]},{"@type":"WebSite","@id":"https:\/\/toofabric.com\/es\/#website","url":"https:\/\/toofabric.com\/es\/","name":"Too Fabric","description":"Custom Clothing Manufacturer","publisher":{"@id":"https:\/\/toofabric.com\/es\/#organization"},"potentialAction":[{"@type":"SearchAction","target":{"@type":"EntryPoint","urlTemplate":"https:\/\/toofabric.com\/es\/?s={search_term_string}"},"query-input":{"@type":"PropertyValueSpecification","valueRequired":true,"valueName":"search_term_string"}}],"inLanguage":"es"},{"@type":"Organization","@id":"https:\/\/toofabric.com\/es\/#organization","name":"Too Fabric","url":"https:\/\/toofabric.com\/es\/","logo":{"@type":"ImageObject","inLanguage":"es","@id":"https:\/\/toofabric.com\/es\/#\/schema\/logo\/image\/","url":"https:\/\/toofabric.com\/wp-content\/uploads\/2019\/08\/Too-Fabric-1.svg","contentUrl":"https:\/\/toofabric.com\/wp-content\/uploads\/2019\/08\/Too-Fabric-1.svg","width":1,"height":1,"caption":"Too Fabric"},"image":{"@id":"https:\/\/toofabric.com\/es\/#\/schema\/logo\/image\/"},"sameAs":["https:\/\/www.instagram.com\/toofabric\/","https:\/\/tr.linkedin.com\/company\/too-fabric?trk=public_profile_topcard_current_company","https:\/\/www.youtube.com\/channel\/UCSlIhMOl6lVRT7kZd8_iBRg"]}]}},"_links":{"self":[{"href":"https:\/\/toofabric.com\/es\/wp-json\/wp\/v2\/pages\/31514","targetHints":{"allow":["GET"]}}],"collection":[{"href":"https:\/\/toofabric.com\/es\/wp-json\/wp\/v2\/pages"}],"about":[{"href":"https:\/\/toofabric.com\/es\/wp-json\/wp\/v2\/types\/page"}],"author":[{"embeddable":true,"href":"https:\/\/toofabric.com\/es\/wp-json\/wp\/v2\/users\/1"}],"replies":[{"embeddable":true,"href":"https:\/\/toofabric.com\/es\/wp-json\/wp\/v2\/comments?post=31514"}],"version-history":[{"count":0,"href":"https:\/\/toofabric.com\/es\/wp-json\/wp\/v2\/pages\/31514\/revisions"}],"wp:featuredmedia":[{"embeddable":true,"href":"https:\/\/toofabric.com\/es\/wp-json\/wp\/v2\/media\/37427"}],"wp:attachment":[{"href":"https:\/\/toofabric.com\/es\/wp-json\/wp\/v2\/media?parent=31514"}],"curies":[{"name":"wp","href":"https:\/\/api.w.org\/{rel}","templated":true}]}}