{"id":6868,"date":"2020-08-13T12:49:26","date_gmt":"2020-08-13T12:49:26","guid":{"rendered":"https:\/\/toofabric.com\/?page_id=6868"},"modified":"2023-02-27T14:27:19","modified_gmt":"2023-02-27T14:27:19","slug":"qui-sommes-nous","status":"publish","type":"page","link":"https:\/\/toofabric.com\/fr\/qui-sommes-nous\/","title":{"rendered":"Qui sommes-nous"},"content":{"rendered":"\t\t<div data-elementor-type=\"wp-page\" data-elementor-id=\"6868\" class=\"elementor elementor-6868\" data-elementor-post-type=\"page\">\n\t\t\t\t<div class=\"elementor-element elementor-element-f53c4e3 e-flex e-con-boxed e-con e-parent\" data-id=\"f53c4e3\" data-element_type=\"container\" data-e-type=\"container\" data-settings=\"{&quot;jet_parallax_layout_list&quot;:[]}\">\n\t\t\t\t\t<div class=\"e-con-inner\">\n\t\t<div class=\"elementor-element elementor-element-82fd0d6 e-con-full e-flex e-con e-child\" data-id=\"82fd0d6\" data-element_type=\"container\" data-e-type=\"container\" data-settings=\"{&quot;jet_parallax_layout_list&quot;:[]}\">\n\t\t\t\t<div class=\"elementor-element elementor-element-dbf2d0e premium-header-inline premium-box-lq__none elementor-widget elementor-widget-premium-addon-dual-header\" data-id=\"dbf2d0e\" data-element_type=\"widget\" data-e-type=\"widget\" data-widget_type=\"premium-addon-dual-header.default\">\n\t\t\t\t\t\n\t\t<div class=\"elementor-widget-container\">\n\t\t\t\t\t<h1 class=\"premium-dual-header-first-header premium-dual-header-first-clip\"><span class=\"premium-dual-header-first-span\">Qui sommes-nous <\/span><\/h1> \t\t\t\t<\/div>\n\n\t\t\t\t\t\t<\/div>\n\t\t\t\t<div class=\"elementor-element elementor-element-828186f elementor-widget elementor-widget-text-editor\" data-id=\"828186f\" data-element_type=\"widget\" data-e-type=\"widget\" data-widget_type=\"text-editor.default\">\n\t\t\t\t<div class=\"elementor-widget-container\">\n\t\t\t\t\t\t\t\t\t<p>Que diriez-vous de raconter la position de votre marque, avec une touche de vision plus personnalis\u00e9e ? Nous sommes pr\u00eats \u00e0 r\u00e9aliser vos r\u00eaves en vous proposant une production personnalis\u00e9e de T-shirts, hoodies et joggers gr\u00e2ce \u00e0 la cr\u00e9ativit\u00e9 de notre \u00e9quipe de sp\u00e9cialistes.<\/p>\t\t\t\t\t\t\t\t<\/div>\n\t\t\t\t<\/div>\n\t\t<div class=\"elementor-element elementor-element-b07d7ca e-con-full e-flex e-con e-child\" data-id=\"b07d7ca\" data-element_type=\"container\" data-e-type=\"container\" data-settings=\"{&quot;jet_parallax_layout_list&quot;:[]}\">\n\t\t\t\t<div class=\"elementor-element elementor-element-ff7d16e elementor-widget-tablet__width-initial elementor-widget-mobile__width-auto premium-lq__none elementor-widget elementor-widget-premium-addon-button\" data-id=\"ff7d16e\" data-element_type=\"widget\" data-e-type=\"widget\" data-widget_type=\"premium-addon-button.default\">\n\t\t\t\t<div class=\"elementor-widget-container\">\n\t\t\t\t\t\n\n\t\t<a class=\"premium-button premium-button-none premium-btn-lg premium-button-none\" href=\"https:\/\/toofabric.com\/fr\/produits\/\">\n\t\t\t<div class=\"premium-button-text-icon-wrapper\">\n\t\t\t\t\n\t\t\t\t\t\t\t\t\t<span >\n\t\t\t\t\t\tVoir les produits\t\t\t\t\t<\/span>\n\t\t\t\t\t\t\t<\/div>\n\n\t\t\t\n\t\t\t\n\t\t\t\n\t\t<\/a>\n\n\n\t\t\t\t\t\t<\/div>\n\t\t\t\t<\/div>\n\t\t\t\t<div class=\"elementor-element elementor-element-65f2ecd elementor-widget-mobile__width-auto premium-lq__none elementor-widget elementor-widget-premium-addon-button\" data-id=\"65f2ecd\" data-element_type=\"widget\" data-e-type=\"widget\" data-widget_type=\"premium-addon-button.default\">\n\t\t\t\t<div class=\"elementor-widget-container\">\n\t\t\t\t\t\n\n\t\t<a class=\"premium-button premium-button-none premium-btn-lg premium-button-none\" href=\"https:\/\/toofabric.com\/fr\/contact\/\">\n\t\t\t<div class=\"premium-button-text-icon-wrapper\">\n\t\t\t\t\n\t\t\t\t\t\t\t\t\t<span >\n\t\t\t\t\t\tObtenir un devis\t\t\t\t\t<\/span>\n\t\t\t\t\t\t\t<\/div>\n\n\t\t\t\n\t\t\t\n\t\t\t\n\t\t<\/a>\n\n\n\t\t\t\t\t\t<\/div>\n\t\t\t\t<\/div>\n\t\t\t\t<\/div>\n\t\t\t\t<\/div>\n\t\t<div class=\"elementor-element elementor-element-4fc5ccd e-con-full e-flex e-con e-child\" data-id=\"4fc5ccd\" data-element_type=\"container\" data-e-type=\"container\" data-settings=\"{&quot;jet_parallax_layout_list&quot;:[]}\">\n\t\t\t\t<div class=\"elementor-element elementor-element-5461a05 elementor-widget elementor-widget-image\" data-id=\"5461a05\" data-element_type=\"widget\" data-e-type=\"widget\" data-widget_type=\"image.default\">\n\t\t\t\t<div class=\"elementor-widget-container\">\n\t\t\t\t\t\t\t\t\t\t\t\t\t\t\t<img fetchpriority=\"high\" decoding=\"async\" width=\"945\" height=\"634\" src=\"https:\/\/toofabric.com\/wp-content\/uploads\/2023\/01\/Too-Fabric-Who-We-Are-Custom-T-shirt-and-Hoodie-Manufacturer-1.jpg\" class=\"attachment-large size-large wp-image-23507\" alt=\"Too Fabric | Qui sommes-nous | Fabricant de v\u00eatements sur mesure en Turquie\" srcset=\"https:\/\/toofabric.com\/wp-content\/uploads\/2023\/01\/Too-Fabric-Who-We-Are-Custom-T-shirt-and-Hoodie-Manufacturer-1.jpg 945w, https:\/\/toofabric.com\/wp-content\/uploads\/2023\/01\/Too-Fabric-Who-We-Are-Custom-T-shirt-and-Hoodie-Manufacturer-1-300x201.jpg 300w, https:\/\/toofabric.com\/wp-content\/uploads\/2023\/01\/Too-Fabric-Who-We-Are-Custom-T-shirt-and-Hoodie-Manufacturer-1-768x515.jpg 768w\" sizes=\"(max-width: 945px) 100vw, 945px\" \/>\t\t\t\t\t\t\t\t\t\t\t\t\t\t\t<\/div>\n\t\t\t\t<\/div>\n\t\t\t\t<\/div>\n\t\t\t\t\t<\/div>\n\t\t\t\t<\/div>\n\t\t<div class=\"elementor-element elementor-element-a48aa58 e-flex e-con-boxed e-con e-parent\" data-id=\"a48aa58\" data-element_type=\"container\" data-e-type=\"container\" data-settings=\"{&quot;background_background&quot;:&quot;classic&quot;,&quot;jet_parallax_layout_list&quot;:[]}\">\n\t\t\t\t\t<div class=\"e-con-inner\">\n\t\t<div class=\"elementor-element elementor-element-260c17d e-con-full elementor-hidden-tablet e-flex e-con e-child\" data-id=\"260c17d\" data-element_type=\"container\" data-e-type=\"container\" data-settings=\"{&quot;jet_parallax_layout_list&quot;:[]}\">\n\t\t\t\t<div class=\"elementor-element elementor-element-4394bca elementor-widget elementor-widget-image\" data-id=\"4394bca\" data-element_type=\"widget\" data-e-type=\"widget\" data-widget_type=\"image.default\">\n\t\t\t\t<div class=\"elementor-widget-container\">\n\t\t\t\t\t\t\t\t\t\t\t\t\t\t\t<img decoding=\"async\" width=\"627\" height=\"577\" src=\"https:\/\/toofabric.com\/wp-content\/uploads\/2023\/01\/Too-Fabric-Who-We-Are-Custom-T-shirt-and-Hoodie-Manufacturer-2.png\" class=\"attachment-full size-full wp-image-23493\" alt=\"Too Fabric | Qui sommes-nous | Fabricant de v\u00eatements sur mesure en Turquie\" srcset=\"https:\/\/toofabric.com\/wp-content\/uploads\/2023\/01\/Too-Fabric-Who-We-Are-Custom-T-shirt-and-Hoodie-Manufacturer-2.png 627w, https:\/\/toofabric.com\/wp-content\/uploads\/2023\/01\/Too-Fabric-Who-We-Are-Custom-T-shirt-and-Hoodie-Manufacturer-2-300x276.png 300w\" sizes=\"(max-width: 627px) 100vw, 627px\" \/>\t\t\t\t\t\t\t\t\t\t\t\t\t\t\t<\/div>\n\t\t\t\t<\/div>\n\t\t\t\t<\/div>\n\t\t<div class=\"elementor-element elementor-element-cf3d596 e-con-full e-flex e-con e-child\" data-id=\"cf3d596\" data-element_type=\"container\" data-e-type=\"container\" data-settings=\"{&quot;jet_parallax_layout_list&quot;:[]}\">\n\t\t\t\t<div class=\"elementor-element elementor-element-64832ad premium-header-inline premium-box-lq__none elementor-widget elementor-widget-premium-addon-dual-header\" data-id=\"64832ad\" data-element_type=\"widget\" data-e-type=\"widget\" data-widget_type=\"premium-addon-dual-header.default\">\n\t\t\t\t\t\n\t\t<div class=\"elementor-widget-container\">\n\t\t\t\t\t<h2 class=\"premium-dual-header-first-header premium-dual-header-first-clip\"><span class=\"premium-dual-header-first-span\">Am\u00e9liorer la notori\u00e9t\u00e9<br>de votre marque <\/span><\/h2> \t\t\t\t<\/div>\n\n\t\t\t\t\t\t<\/div>\n\t\t\t\t<div class=\"elementor-element elementor-element-4ae90e4 elementor-widget elementor-widget-text-editor\" data-id=\"4ae90e4\" data-element_type=\"widget\" data-e-type=\"widget\" data-widget_type=\"text-editor.default\">\n\t\t\t\t<div class=\"elementor-widget-container\">\n\t\t\t\t\t\t\t\t\t<p>Nous fournissons un service de haute qualit\u00e9 avec des unit\u00e9s de coupe, d&rsquo;impression et de broderie, de couture, de repassage et d&#8217;emballage et de contr\u00f4le de la qualit\u00e9 avec nos 60 employ\u00e9s qualifi\u00e9s en donnant de l&rsquo;importance aux conditions de travail et aux droits sociaux dans notre zone de production de 1000 m\u00b2 situ\u00e9e \u00e0 Istanbul. Nous travaillons dans de nombreux domaines, notamment les v\u00eatements de mode, les v\u00eatements de travail, les uniformes scolaires et les articles promotionnels, ainsi que la production de v\u00eatements sophistiqu\u00e9s.<\/p><p>Notre \u00e9quipe de professionnels passionn\u00e9s et exp\u00e9riment\u00e9s s&rsquo;engage \u00e0 vous aider \u00e0 cr\u00e9er un design unique et accrocheur qui refl\u00e8te la mission et les valeurs de votre marque. Notre service client\u00e8le de premier ordre est l\u00e0 pour s&rsquo;assurer que votre v\u00eatement se d\u00e9marque des autres. Gr\u00e2ce \u00e0 la vision cr\u00e9ative de notre \u00e9quipe, vous pouvez \u00eatre s\u00fbr que vos v\u00eatements seront fabriqu\u00e9s avec qualit\u00e9 et pr\u00e9cision.<\/p><p>Nous sommes l\u00e0 pour vous aider \u00e0 cr\u00e9er vos v\u00eatements parfaits. Que vous souhaitiez cr\u00e9er quelque chose de totalement nouveau et unique, ou que vous souhaitiez apporter quelques modifications \u00e0 un mod\u00e8le existant, notre \u00e9quipe est pr\u00eate \u00e0 vous aider \u00e0 donner vie \u00e0 votre mod\u00e8le. Nous sommes impatients de travailler avec vous et de vous aider \u00e0 faire de votre vision une r\u00e9alit\u00e9.<\/p>\t\t\t\t\t\t\t\t<\/div>\n\t\t\t\t<\/div>\n\t\t\t\t<\/div>\n\t\t\t\t\t<\/div>\n\t\t\t\t<\/div>\n\t\t<div class=\"elementor-element elementor-element-64f1fdf e-flex e-con-boxed e-con e-parent\" data-id=\"64f1fdf\" data-element_type=\"container\" data-e-type=\"container\" data-settings=\"{&quot;background_background&quot;:&quot;classic&quot;,&quot;jet_parallax_layout_list&quot;:[]}\">\n\t\t\t\t\t<div class=\"e-con-inner\">\n\t\t<div class=\"elementor-element elementor-element-2ce68de e-con-full elementor-hidden-mobile e-flex e-con e-child\" data-id=\"2ce68de\" data-element_type=\"container\" data-e-type=\"container\" data-settings=\"{&quot;jet_parallax_layout_list&quot;:[]}\">\n\t\t\t\t<div class=\"elementor-element elementor-element-c670f39 elementor-widget-mobile__width-initial elementor-widget-tablet__width-initial elementor-widget elementor-widget-image\" data-id=\"c670f39\" data-element_type=\"widget\" data-e-type=\"widget\" data-widget_type=\"image.default\">\n\t\t\t\t<div class=\"elementor-widget-container\">\n\t\t\t\t\t\t\t\t\t\t\t\t\t\t\t<img decoding=\"async\" src=\"https:\/\/toofabric.com\/wp-content\/uploads\/2023\/02\/Too-Fabric-Clock.png\" title=\"Too Fabric | Fabricant de v\u00eatements sur mesure en Turquie\" alt=\"Too Fabric Production T-shirt and Hoodie Manufacturer in Turkey\" loading=\"lazy\" \/>\t\t\t\t\t\t\t\t\t\t\t\t\t\t\t<\/div>\n\t\t\t\t<\/div>\n\t\t\t\t<\/div>\n\t\t<div class=\"elementor-element elementor-element-b3456d4 e-flex e-con-boxed e-con e-child\" data-id=\"b3456d4\" data-element_type=\"container\" data-e-type=\"container\" data-settings=\"{&quot;jet_parallax_layout_list&quot;:[]}\">\n\t\t\t\t\t<div class=\"e-con-inner\">\n\t\t\t\t<div class=\"elementor-element elementor-element-4253135 elementor-widget__width-initial premium-header-inline premium-box-lq__none elementor-widget elementor-widget-premium-addon-dual-header\" data-id=\"4253135\" data-element_type=\"widget\" data-e-type=\"widget\" data-widget_type=\"premium-addon-dual-header.default\">\n\t\t\t\t\t\n\t\t<div class=\"elementor-widget-container\">\n\t\t\t\t\t<h2 class=\"premium-dual-header-first-header premium-dual-header-first-clip\"><span class=\"premium-dual-header-first-span\">Temps de r\u00e9ponse moyen : 1 heure <\/span><\/h2> \t\t\t\t<\/div>\n\n\t\t\t\t\t\t<\/div>\n\t\t\t\t<div class=\"elementor-element elementor-element-2d9b716 elementor-widget elementor-widget-text-editor\" data-id=\"2d9b716\" data-element_type=\"widget\" data-e-type=\"widget\" data-widget_type=\"text-editor.default\">\n\t\t\t\t<div class=\"elementor-widget-container\">\n\t\t\t\t\t\t\t\t\t<p>Nous r\u00e9pondons \u00e0 nos clients en une heure seulement pendant les heures de travail.<br \/>Le moyen le plus rapide et le plus simple de cr\u00e9er votre projet !<\/p>\t\t\t\t\t\t\t\t<\/div>\n\t\t\t\t<\/div>\n\t\t\t\t<div class=\"elementor-element elementor-element-3b36dbc pa-icon-pos-after premium-lq__none elementor-widget elementor-widget-premium-addon-button\" data-id=\"3b36dbc\" data-element_type=\"widget\" data-e-type=\"widget\" data-widget_type=\"premium-addon-button.default\">\n\t\t\t\t<div class=\"elementor-widget-container\">\n\t\t\t\t\t\n\n\t\t<a class=\"premium-button premium-button-none premium-btn-lg premium-button-none\" href=\"https:\/\/toofabric.com\/fr\/contact\/\">\n\t\t\t<div class=\"premium-button-text-icon-wrapper\">\n\t\t\t\t\n\t\t\t\t\t\t\t\t\t\t\t\t\t\t\t\t\t\t<svg class=\"svg-inline--fas-fa-angle-right premium-drawable-icon premium-svg-nodraw\" aria-hidden='true' xmlns='http:\/\/www.w3.org\/2000\/svg' viewBox='0 0 256 512'><path d=\"M224.3 273l-136 136c-9.4 9.4-24.6 9.4-33.9 0l-22.6-22.6c-9.4-9.4-9.4-24.6 0-33.9l96.4-96.4-96.4-96.4c-9.4-9.4-9.4-24.6 0-33.9L54.3 103c9.4-9.4 24.6-9.4 33.9 0l136 136c9.5 9.4 9.5 24.6.1 34z\"><\/path><\/svg>\t\t\t\t\t\t\t\t\t\t\t\t\t\t\t\n\t\t\t\t\t\t\t\t\t<span >\n\t\t\t\t\t\tObtenir un devis\t\t\t\t\t<\/span>\n\t\t\t\t\t\t\t<\/div>\n\n\t\t\t\n\t\t\t\n\t\t\t\n\t\t<\/a>\n\n\n\t\t\t\t\t\t<\/div>\n\t\t\t\t<\/div>\n\t\t\t\t\t<\/div>\n\t\t\t\t<\/div>\n\t\t\t\t\t<\/div>\n\t\t\t\t<\/div>\n\t\t<div class=\"elementor-element elementor-element-9d84d8d e-con-full elementor-hidden-desktop elementor-hidden-tablet e-flex e-con e-parent\" data-id=\"9d84d8d\" data-element_type=\"container\" data-e-type=\"container\" data-settings=\"{&quot;jet_parallax_layout_list&quot;:[]}\">\n\t\t\t\t<div class=\"elementor-element elementor-element-a16419e elementor-shape-circle e-grid-align-right elementor-grid-0 elementor-invisible elementor-widget elementor-widget-social-icons\" data-id=\"a16419e\" data-element_type=\"widget\" data-e-type=\"widget\" data-settings=\"{&quot;motion_fx_motion_fx_scrolling&quot;:&quot;yes&quot;,&quot;sticky&quot;:&quot;bottom&quot;,&quot;sticky_offset&quot;:20,&quot;_animation&quot;:&quot;fadeIn&quot;,&quot;motion_fx_devices&quot;:[&quot;desktop&quot;,&quot;tablet&quot;,&quot;mobile&quot;],&quot;sticky_on&quot;:[&quot;desktop&quot;,&quot;tablet&quot;,&quot;mobile&quot;],&quot;sticky_effects_offset&quot;:0,&quot;sticky_anchor_link_offset&quot;:0}\" data-widget_type=\"social-icons.default\">\n\t\t\t\t<div class=\"elementor-widget-container\">\n\t\t\t\t\t\t\t<div class=\"elementor-social-icons-wrapper elementor-grid\">\n\t\t\t\t\t\t\t<span class=\"elementor-grid-item\">\n\t\t\t\t\t<a class=\"elementor-icon elementor-social-icon elementor-social-icon-whatsapp elementor-repeater-item-fd23a32\" href=\"https:\/\/wa.me\/905456264401\" target=\"_blank\">\n\t\t\t\t\t\t<span class=\"elementor-screen-only\">Whatsapp<\/span>\n\t\t\t\t\t\t<i aria-hidden=\"true\" class=\"fab fa-whatsapp\"><\/i>\t\t\t\t\t<\/a>\n\t\t\t\t<\/span>\n\t\t\t\t\t<\/div>\n\t\t\t\t\t\t<\/div>\n\t\t\t\t<\/div>\n\t\t\t\t<\/div>\n\t\t\t\t<\/div>\n\t\t","protected":false},"excerpt":{"rendered":"<p>Qui sommes-nous Que diriez-vous de raconter la position de votre marque, avec une touche de vision plus personnalis\u00e9e ? Nous sommes pr\u00eats \u00e0 r\u00e9aliser vos r\u00eaves en vous proposant une production personnalis\u00e9e de T-shirts, hoodies et joggers gr\u00e2ce \u00e0 la cr\u00e9ativit\u00e9 de notre \u00e9quipe de sp\u00e9cialistes. Voir les produits Obtenir un devis Am\u00e9liorer la notori\u00e9t\u00e9de &#8230; <a title=\"Qui sommes-nous\" class=\"read-more\" href=\"https:\/\/toofabric.com\/fr\/qui-sommes-nous\/\" aria-label=\"En savoir plus sur Qui sommes-nous\">Lire la suite<\/a><\/p>\n","protected":false},"author":1,"featured_media":37423,"parent":0,"menu_order":0,"comment_status":"closed","ping_status":"closed","template":"","meta":{"inline_featured_image":false,"footnotes":""},"class_list":["post-6868","page","type-page","status-publish","has-post-thumbnail"],"yoast_head":"<!-- This site is optimized with the Yoast SEO plugin v27.3 - https:\/\/yoast.com\/product\/yoast-seo-wordpress\/ -->\n<title>Qui sommes-nous | Too Fabric | Fabricant de V\u00eatements en Turquie<\/title>\n<meta name=\"description\" content=\"Souhaitez-vous parler de la position et la vision de votre marque avec une perspective plus individualis\u00e9e ?\" \/>\n<meta name=\"robots\" content=\"index, follow, max-snippet:-1, max-image-preview:large, max-video-preview:-1\" \/>\n<link rel=\"canonical\" href=\"https:\/\/toofabric.com\/fr\/qui-sommes-nous\/\" \/>\n<meta property=\"og:locale\" content=\"fr_FR\" \/>\n<meta property=\"og:type\" content=\"article\" \/>\n<meta property=\"og:title\" content=\"Qui sommes-nous | Too Fabric | Fabricant de V\u00eatements en Turquie\" \/>\n<meta property=\"og:description\" content=\"Souhaitez-vous parler de la position et la vision de votre marque avec une perspective plus individualis\u00e9e ?\" \/>\n<meta property=\"og:url\" content=\"https:\/\/toofabric.com\/fr\/qui-sommes-nous\/\" \/>\n<meta property=\"og:site_name\" content=\"Too Fabric\" \/>\n<meta property=\"article:modified_time\" content=\"2023-02-27T14:27:19+00:00\" \/>\n<meta property=\"og:image\" content=\"https:\/\/toofabric.com\/wp-content\/uploads\/2023\/01\/Too-Fabric-Who-We-Are-Custom-T-shirt-and-Hoodie-Manufacturer-1.jpg\" \/>\n\t<meta property=\"og:image:width\" content=\"945\" \/>\n\t<meta property=\"og:image:height\" content=\"634\" \/>\n\t<meta property=\"og:image:type\" content=\"image\/jpeg\" \/>\n<meta name=\"twitter:card\" content=\"summary_large_image\" \/>\n<meta name=\"twitter:label1\" content=\"Dur\u00e9e de lecture estim\u00e9e\" \/>\n\t<meta name=\"twitter:data1\" content=\"2 minutes\" \/>\n<script type=\"application\/ld+json\" class=\"yoast-schema-graph\">{\"@context\":\"https:\\\/\\\/schema.org\",\"@graph\":[{\"@type\":\"WebPage\",\"@id\":\"https:\\\/\\\/toofabric.com\\\/fr\\\/qui-sommes-nous\\\/\",\"url\":\"https:\\\/\\\/toofabric.com\\\/fr\\\/qui-sommes-nous\\\/\",\"name\":\"Qui sommes-nous | Too Fabric | Fabricant de V\u00eatements en Turquie\",\"isPartOf\":{\"@id\":\"https:\\\/\\\/toofabric.com\\\/fr\\\/#website\"},\"primaryImageOfPage\":{\"@id\":\"https:\\\/\\\/toofabric.com\\\/fr\\\/qui-sommes-nous\\\/#primaryimage\"},\"image\":{\"@id\":\"https:\\\/\\\/toofabric.com\\\/fr\\\/qui-sommes-nous\\\/#primaryimage\"},\"thumbnailUrl\":\"https:\\\/\\\/toofabric.com\\\/wp-content\\\/uploads\\\/2024\\\/07\\\/4050KirmiziS-5.jpg\",\"datePublished\":\"2020-08-13T12:49:26+00:00\",\"dateModified\":\"2023-02-27T14:27:19+00:00\",\"description\":\"Souhaitez-vous parler de la position et la vision de votre marque avec une perspective plus individualis\u00e9e ?\",\"breadcrumb\":{\"@id\":\"https:\\\/\\\/toofabric.com\\\/fr\\\/qui-sommes-nous\\\/#breadcrumb\"},\"inLanguage\":\"fr-FR\",\"potentialAction\":[{\"@type\":\"ReadAction\",\"target\":[\"https:\\\/\\\/toofabric.com\\\/fr\\\/qui-sommes-nous\\\/\"]}]},{\"@type\":\"ImageObject\",\"inLanguage\":\"fr-FR\",\"@id\":\"https:\\\/\\\/toofabric.com\\\/fr\\\/qui-sommes-nous\\\/#primaryimage\",\"url\":\"https:\\\/\\\/toofabric.com\\\/wp-content\\\/uploads\\\/2024\\\/07\\\/4050KirmiziS-5.jpg\",\"contentUrl\":\"https:\\\/\\\/toofabric.com\\\/wp-content\\\/uploads\\\/2024\\\/07\\\/4050KirmiziS-5.jpg\",\"width\":1200,\"height\":1800,\"caption\":\"4050 (Red) | Too Fabric | Wholesale Lingerie Manufacturer\"},{\"@type\":\"BreadcrumbList\",\"@id\":\"https:\\\/\\\/toofabric.com\\\/fr\\\/qui-sommes-nous\\\/#breadcrumb\",\"itemListElement\":[{\"@type\":\"ListItem\",\"position\":1,\"name\":\"Home\",\"item\":\"https:\\\/\\\/toofabric.com\\\/fr\\\/fabricant-de-vetements-sur-mesure-en-turquie\\\/\"},{\"@type\":\"ListItem\",\"position\":2,\"name\":\"Qui sommes-nous\"}]},{\"@type\":\"WebSite\",\"@id\":\"https:\\\/\\\/toofabric.com\\\/fr\\\/#website\",\"url\":\"https:\\\/\\\/toofabric.com\\\/fr\\\/\",\"name\":\"Too Fabric\",\"description\":\"Custom Clothing Manufacturer\",\"publisher\":{\"@id\":\"https:\\\/\\\/toofabric.com\\\/fr\\\/#organization\"},\"potentialAction\":[{\"@type\":\"SearchAction\",\"target\":{\"@type\":\"EntryPoint\",\"urlTemplate\":\"https:\\\/\\\/toofabric.com\\\/fr\\\/?s={search_term_string}\"},\"query-input\":{\"@type\":\"PropertyValueSpecification\",\"valueRequired\":true,\"valueName\":\"search_term_string\"}}],\"inLanguage\":\"fr-FR\"},{\"@type\":\"Organization\",\"@id\":\"https:\\\/\\\/toofabric.com\\\/fr\\\/#organization\",\"name\":\"Too Fabric\",\"url\":\"https:\\\/\\\/toofabric.com\\\/fr\\\/\",\"logo\":{\"@type\":\"ImageObject\",\"inLanguage\":\"fr-FR\",\"@id\":\"https:\\\/\\\/toofabric.com\\\/fr\\\/#\\\/schema\\\/logo\\\/image\\\/\",\"url\":\"https:\\\/\\\/toofabric.com\\\/wp-content\\\/uploads\\\/2019\\\/08\\\/Too-Fabric-1.svg\",\"contentUrl\":\"https:\\\/\\\/toofabric.com\\\/wp-content\\\/uploads\\\/2019\\\/08\\\/Too-Fabric-1.svg\",\"width\":1,\"height\":1,\"caption\":\"Too Fabric\"},\"image\":{\"@id\":\"https:\\\/\\\/toofabric.com\\\/fr\\\/#\\\/schema\\\/logo\\\/image\\\/\"},\"sameAs\":[\"https:\\\/\\\/www.instagram.com\\\/toofabric\\\/\",\"https:\\\/\\\/tr.linkedin.com\\\/company\\\/too-fabric?trk=public_profile_topcard_current_company\",\"https:\\\/\\\/www.youtube.com\\\/channel\\\/UCSlIhMOl6lVRT7kZd8_iBRg\"]}]}<\/script>\n<!-- \/ Yoast SEO plugin. -->","yoast_head_json":{"title":"Qui sommes-nous | Too Fabric | Fabricant de V\u00eatements en Turquie","description":"Souhaitez-vous parler de la position et la vision de votre marque avec une perspective plus individualis\u00e9e ?","robots":{"index":"index","follow":"follow","max-snippet":"max-snippet:-1","max-image-preview":"max-image-preview:large","max-video-preview":"max-video-preview:-1"},"canonical":"https:\/\/toofabric.com\/fr\/qui-sommes-nous\/","og_locale":"fr_FR","og_type":"article","og_title":"Qui sommes-nous | Too Fabric | Fabricant de V\u00eatements en Turquie","og_description":"Souhaitez-vous parler de la position et la vision de votre marque avec une perspective plus individualis\u00e9e ?","og_url":"https:\/\/toofabric.com\/fr\/qui-sommes-nous\/","og_site_name":"Too Fabric","article_modified_time":"2023-02-27T14:27:19+00:00","og_image":[{"width":945,"height":634,"url":"https:\/\/toofabric.com\/wp-content\/uploads\/2023\/01\/Too-Fabric-Who-We-Are-Custom-T-shirt-and-Hoodie-Manufacturer-1.jpg","type":"image\/jpeg"}],"twitter_card":"summary_large_image","twitter_misc":{"Dur\u00e9e de lecture estim\u00e9e":"2 minutes"},"schema":{"@context":"https:\/\/schema.org","@graph":[{"@type":"WebPage","@id":"https:\/\/toofabric.com\/fr\/qui-sommes-nous\/","url":"https:\/\/toofabric.com\/fr\/qui-sommes-nous\/","name":"Qui sommes-nous | Too Fabric | Fabricant de V\u00eatements en Turquie","isPartOf":{"@id":"https:\/\/toofabric.com\/fr\/#website"},"primaryImageOfPage":{"@id":"https:\/\/toofabric.com\/fr\/qui-sommes-nous\/#primaryimage"},"image":{"@id":"https:\/\/toofabric.com\/fr\/qui-sommes-nous\/#primaryimage"},"thumbnailUrl":"https:\/\/toofabric.com\/wp-content\/uploads\/2024\/07\/4050KirmiziS-5.jpg","datePublished":"2020-08-13T12:49:26+00:00","dateModified":"2023-02-27T14:27:19+00:00","description":"Souhaitez-vous parler de la position et la vision de votre marque avec une perspective plus individualis\u00e9e ?","breadcrumb":{"@id":"https:\/\/toofabric.com\/fr\/qui-sommes-nous\/#breadcrumb"},"inLanguage":"fr-FR","potentialAction":[{"@type":"ReadAction","target":["https:\/\/toofabric.com\/fr\/qui-sommes-nous\/"]}]},{"@type":"ImageObject","inLanguage":"fr-FR","@id":"https:\/\/toofabric.com\/fr\/qui-sommes-nous\/#primaryimage","url":"https:\/\/toofabric.com\/wp-content\/uploads\/2024\/07\/4050KirmiziS-5.jpg","contentUrl":"https:\/\/toofabric.com\/wp-content\/uploads\/2024\/07\/4050KirmiziS-5.jpg","width":1200,"height":1800,"caption":"4050 (Red) | Too Fabric | Wholesale Lingerie Manufacturer"},{"@type":"BreadcrumbList","@id":"https:\/\/toofabric.com\/fr\/qui-sommes-nous\/#breadcrumb","itemListElement":[{"@type":"ListItem","position":1,"name":"Home","item":"https:\/\/toofabric.com\/fr\/fabricant-de-vetements-sur-mesure-en-turquie\/"},{"@type":"ListItem","position":2,"name":"Qui sommes-nous"}]},{"@type":"WebSite","@id":"https:\/\/toofabric.com\/fr\/#website","url":"https:\/\/toofabric.com\/fr\/","name":"Too Fabric","description":"Custom Clothing Manufacturer","publisher":{"@id":"https:\/\/toofabric.com\/fr\/#organization"},"potentialAction":[{"@type":"SearchAction","target":{"@type":"EntryPoint","urlTemplate":"https:\/\/toofabric.com\/fr\/?s={search_term_string}"},"query-input":{"@type":"PropertyValueSpecification","valueRequired":true,"valueName":"search_term_string"}}],"inLanguage":"fr-FR"},{"@type":"Organization","@id":"https:\/\/toofabric.com\/fr\/#organization","name":"Too Fabric","url":"https:\/\/toofabric.com\/fr\/","logo":{"@type":"ImageObject","inLanguage":"fr-FR","@id":"https:\/\/toofabric.com\/fr\/#\/schema\/logo\/image\/","url":"https:\/\/toofabric.com\/wp-content\/uploads\/2019\/08\/Too-Fabric-1.svg","contentUrl":"https:\/\/toofabric.com\/wp-content\/uploads\/2019\/08\/Too-Fabric-1.svg","width":1,"height":1,"caption":"Too Fabric"},"image":{"@id":"https:\/\/toofabric.com\/fr\/#\/schema\/logo\/image\/"},"sameAs":["https:\/\/www.instagram.com\/toofabric\/","https:\/\/tr.linkedin.com\/company\/too-fabric?trk=public_profile_topcard_current_company","https:\/\/www.youtube.com\/channel\/UCSlIhMOl6lVRT7kZd8_iBRg"]}]}},"_links":{"self":[{"href":"https:\/\/toofabric.com\/fr\/wp-json\/wp\/v2\/pages\/6868","targetHints":{"allow":["GET"]}}],"collection":[{"href":"https:\/\/toofabric.com\/fr\/wp-json\/wp\/v2\/pages"}],"about":[{"href":"https:\/\/toofabric.com\/fr\/wp-json\/wp\/v2\/types\/page"}],"author":[{"embeddable":true,"href":"https:\/\/toofabric.com\/fr\/wp-json\/wp\/v2\/users\/1"}],"replies":[{"embeddable":true,"href":"https:\/\/toofabric.com\/fr\/wp-json\/wp\/v2\/comments?post=6868"}],"version-history":[{"count":0,"href":"https:\/\/toofabric.com\/fr\/wp-json\/wp\/v2\/pages\/6868\/revisions"}],"wp:featuredmedia":[{"embeddable":true,"href":"https:\/\/toofabric.com\/fr\/wp-json\/wp\/v2\/media\/37423"}],"wp:attachment":[{"href":"https:\/\/toofabric.com\/fr\/wp-json\/wp\/v2\/media?parent=6868"}],"curies":[{"name":"wp","href":"https:\/\/api.w.org\/{rel}","templated":true}]}}