{"id":6900,"date":"2020-08-13T13:46:19","date_gmt":"2020-08-13T13:46:19","guid":{"rendered":"https:\/\/toofabric.com\/?page_id=6900"},"modified":"2026-03-18T09:49:10","modified_gmt":"2026-03-18T09:49:10","slug":"contact","status":"publish","type":"page","link":"https:\/\/toofabric.com\/fr\/contact\/","title":{"rendered":"Contact"},"content":{"rendered":"\t\t<div data-elementor-type=\"wp-post\" data-elementor-id=\"6900\" class=\"elementor elementor-6900\" data-elementor-post-type=\"page\">\n\t\t\t\t<div class=\"elementor-element elementor-element-b4dcee7 e-flex e-con-boxed e-con e-parent\" data-id=\"b4dcee7\" data-element_type=\"container\" data-e-type=\"container\" data-settings=\"{&quot;jet_parallax_layout_list&quot;:[]}\">\n\t\t\t\t\t<div class=\"e-con-inner\">\n\t\t<div class=\"elementor-element elementor-element-45bdd29 e-con-full e-flex e-con e-child\" data-id=\"45bdd29\" data-element_type=\"container\" data-e-type=\"container\" data-settings=\"{&quot;jet_parallax_layout_list&quot;:[]}\">\n\t\t\t\t<div class=\"elementor-element elementor-element-cdc93fe premium-header-inline premium-box-lq__none elementor-widget elementor-widget-premium-addon-dual-header\" data-id=\"cdc93fe\" data-element_type=\"widget\" data-e-type=\"widget\" data-widget_type=\"premium-addon-dual-header.default\">\n\t\t\t\t\t\n\t\t<div class=\"elementor-widget-container\">\n\t\t\t\t\t<h1 class=\"premium-dual-header-first-header premium-dual-header-first-clip\"><span class=\"premium-dual-header-first-span\">Contact <\/span><\/h1> \t\t\t\t<\/div>\n\n\t\t\t\t\t\t<\/div>\n\t\t\t\t<div class=\"elementor-element elementor-element-5f8da55 elementor-widget elementor-widget-text-editor\" data-id=\"5f8da55\" data-element_type=\"widget\" data-e-type=\"widget\" data-widget_type=\"text-editor.default\">\n\t\t\t\t<div class=\"elementor-widget-container\">\n\t\t\t\t\t\t\t\t\t<p style=\"text-align: center;\">Kozyatagi Mh. Kircicegi Sk. No: 1, Istanbul, Turkey<\/p>\t\t\t\t\t\t\t\t<\/div>\n\t\t\t\t<\/div>\n\t\t\t\t<div class=\"elementor-element elementor-element-5e412f3 elementor-align-start elementor-list-item-link-full_width elementor-widget elementor-widget-icon-list\" data-id=\"5e412f3\" data-element_type=\"widget\" data-e-type=\"widget\" data-widget_type=\"icon-list.default\">\n\t\t\t\t<div class=\"elementor-widget-container\">\n\t\t\t\t\t\t\t<ul class=\"elementor-icon-list-items\">\n\t\t\t\t\t\t\t<li class=\"elementor-icon-list-item\">\n\t\t\t\t\t\t\t\t\t\t\t<span class=\"elementor-icon-list-icon\">\n\t\t\t\t\t\t\t<i aria-hidden=\"true\" class=\"fas fa-mobile-alt\"><\/i>\t\t\t\t\t\t<\/span>\n\t\t\t\t\t\t\t\t\t\t<span class=\"elementor-icon-list-text\">+90 545 626 44 01<\/span>\n\t\t\t\t\t\t\t\t\t<\/li>\n\t\t\t\t\t\t\t\t<li class=\"elementor-icon-list-item\">\n\t\t\t\t\t\t\t\t\t\t\t<span class=\"elementor-icon-list-icon\">\n\t\t\t\t\t\t\t<i aria-hidden=\"true\" class=\"fas fa-paper-plane\"><\/i>\t\t\t\t\t\t<\/span>\n\t\t\t\t\t\t\t\t\t\t<span class=\"elementor-icon-list-text\">info@toofabric.com<\/span>\n\t\t\t\t\t\t\t\t\t<\/li>\n\t\t\t\t\t\t<\/ul>\n\t\t\t\t\t\t<\/div>\n\t\t\t\t<\/div>\n\t\t\t\t<div class=\"elementor-element elementor-element-fa094be elementor-widget elementor-widget-text-editor\" data-id=\"fa094be\" data-element_type=\"widget\" data-e-type=\"widget\" data-widget_type=\"text-editor.default\">\n\t\t\t\t<div class=\"elementor-widget-container\">\n\t\t\t\t\t\t\t\t\t<p style=\"font-weight: 400; text-align: center;\"><strong><span style=\"text-decoration: underline;\">Veuillez noter que nos services ne sont propos\u00e9s qu&rsquo;en anglais.<\/span><\/strong><\/p>\t\t\t\t\t\t\t\t<\/div>\n\t\t\t\t<\/div>\n\t\t\t\t<\/div>\n\t\t\t\t\t<\/div>\n\t\t\t\t<\/div>\n\t\t<div class=\"elementor-element elementor-element-9de5a13 e-con-full e-flex e-con e-parent\" data-id=\"9de5a13\" data-element_type=\"container\" data-e-type=\"container\" data-settings=\"{&quot;jet_parallax_layout_list&quot;:[]}\">\n\t\t\t\t<div class=\"elementor-element elementor-element-b2cab8e elementor-widget elementor-widget-google_maps\" data-id=\"b2cab8e\" data-element_type=\"widget\" data-e-type=\"widget\" data-widget_type=\"google_maps.default\">\n\t\t\t\t<div class=\"elementor-widget-container\">\n\t\t\t\t\t\t\t<div class=\"elementor-custom-embed\">\n\t\t\t<iframe loading=\"lazy\"\n\t\t\t\t\tsrc=\"https:\/\/www.google.com\/maps\/embed\/v1\/place?key=AIzaSyAVltOynQae-V1dun6qlOpWJFCXXLKN0fo&#038;q=Too%20Fabric&#038;zoom=8\"\n\t\t\t\t\ttitle=\"Too Fabric\"\n\t\t\t\t\taria-label=\"Too Fabric\"\n\t\t\t><\/iframe>\n\t\t<\/div>\n\t\t\t\t\t\t<\/div>\n\t\t\t\t<\/div>\n\t\t\t\t<\/div>\n\t\t<div class=\"elementor-element elementor-element-8914995 e-flex e-con-boxed e-con e-parent\" data-id=\"8914995\" data-element_type=\"container\" data-e-type=\"container\" data-settings=\"{&quot;background_background&quot;:&quot;classic&quot;,&quot;jet_parallax_layout_list&quot;:[]}\">\n\t\t\t\t\t<div class=\"e-con-inner\">\n\t\t<div class=\"elementor-element elementor-element-80620bd e-con-full e-flex e-con e-child\" data-id=\"80620bd\" data-element_type=\"container\" data-e-type=\"container\" data-settings=\"{&quot;background_background&quot;:&quot;classic&quot;,&quot;jet_parallax_layout_list&quot;:[]}\">\n\t\t\t\t<div class=\"elementor-element elementor-element-a636095 elementor-widget__width-initial premium-header-inline premium-box-lq__none elementor-widget elementor-widget-premium-addon-dual-header\" data-id=\"a636095\" data-element_type=\"widget\" data-e-type=\"widget\" data-widget_type=\"premium-addon-dual-header.default\">\n\t\t\t\t\t\n\t\t<div class=\"elementor-widget-container\">\n\t\t\t\t\t<h2 class=\"premium-dual-header-first-header premium-dual-header-first-clip\"><span class=\"premium-dual-header-first-span\">Prenez contact avec nous <\/span><\/h2> \t\t\t\t<\/div>\n\n\t\t\t\t\t\t<\/div>\n\t\t\t\t<div class=\"elementor-element elementor-element-290d2c0 elementor-widget elementor-widget-text-editor\" data-id=\"290d2c0\" data-element_type=\"widget\" data-e-type=\"widget\" data-widget_type=\"text-editor.default\">\n\t\t\t\t<div class=\"elementor-widget-container\">\n\t\t\t\t\t\t\t\t\t<p>Please submit the following details to send you a price quote after understanding your needs:<\/p><ul><li>Quantit\u00e9 command\u00e9e par style et couleur de tissu<\/li><li>Design et logos<\/li><li>Taille des logos (largeur-hauteur)<\/li><li>Emplacement du logo<\/li><li>Applications du logo (broderie ou impression)<\/li><li>Type de tissu<\/li><\/ul>\t\t\t\t\t\t\t\t<\/div>\n\t\t\t\t<\/div>\n\t\t\t\t<div class=\"elementor-element elementor-element-3dcaaa9 elementor-button-align-center elementor-widget elementor-widget-form\" data-id=\"3dcaaa9\" data-element_type=\"widget\" data-e-type=\"widget\" data-settings=\"{&quot;step_next_label&quot;:&quot;Next&quot;,&quot;step_previous_label&quot;:&quot;Previous&quot;,&quot;button_width&quot;:&quot;100&quot;,&quot;step_type&quot;:&quot;number_text&quot;,&quot;step_icon_shape&quot;:&quot;circle&quot;}\" data-widget_type=\"form.default\">\n\t\t\t\t<div class=\"elementor-widget-container\">\n\t\t\t\t\t\t\t<form class=\"elementor-form\" method=\"post\" name=\"New Form\" aria-label=\"New Form\">\n\t\t\t<input type=\"hidden\" name=\"post_id\" value=\"6900\"\/>\n\t\t\t<input type=\"hidden\" name=\"form_id\" value=\"3dcaaa9\"\/>\n\t\t\t<input type=\"hidden\" name=\"referer_title\" value=\"Contact | Too Fabric | Fabricant de V\u00eatements Sur-mesure en Turquie\" \/>\n\n\t\t\t\t\t\t\t<input type=\"hidden\" name=\"queried_id\" value=\"6900\"\/>\n\t\t\t\n\t\t\t<div class=\"elementor-form-fields-wrapper elementor-labels-\">\n\t\t\t\t\t\t\t\t<div class=\"elementor-field-type-text elementor-field-group elementor-column elementor-field-group-name elementor-col-100 elementor-field-required\">\n\t\t\t\t\t\t\t\t\t\t\t\t<label for=\"form-field-name\" class=\"elementor-field-label elementor-screen-only\">\n\t\t\t\t\t\t\t\tNom\t\t\t\t\t\t\t<\/label>\n\t\t\t\t\t\t\t\t\t\t\t\t\t\t<input size=\"1\" type=\"text\" name=\"form_fields[name]\" id=\"form-field-name\" class=\"elementor-field elementor-size-sm  elementor-field-textual\" placeholder=\"Nom\" required=\"required\">\n\t\t\t\t\t\t\t\t\t\t\t<\/div>\n\t\t\t\t\t\t\t\t<div class=\"elementor-field-type-email elementor-field-group elementor-column elementor-field-group-email elementor-col-100 elementor-field-required\">\n\t\t\t\t\t\t\t\t\t\t\t\t<label for=\"form-field-email\" class=\"elementor-field-label elementor-screen-only\">\n\t\t\t\t\t\t\t\tCourriel\t\t\t\t\t\t\t<\/label>\n\t\t\t\t\t\t\t\t\t\t\t\t\t\t<input size=\"1\" type=\"email\" name=\"form_fields[email]\" id=\"form-field-email\" class=\"elementor-field elementor-size-sm  elementor-field-textual\" placeholder=\"Courriel\" required=\"required\">\n\t\t\t\t\t\t\t\t\t\t\t<\/div>\n\t\t\t\t\t\t\t\t<div class=\"elementor-field-type-tel elementor-field-group elementor-column elementor-field-group-field_1 elementor-col-100 elementor-field-required\">\n\t\t\t\t\t\t\t\t\t\t\t\t<label for=\"form-field-field_1\" class=\"elementor-field-label elementor-screen-only\">\n\t\t\t\t\t\t\t\tNum\u00e9ro de t\u00e9l\u00e9phone\t\t\t\t\t\t\t<\/label>\n\t\t\t\t\t\t\t\t<input size=\"1\" type=\"tel\" name=\"form_fields[field_1]\" id=\"form-field-field_1\" class=\"elementor-field elementor-size-sm  elementor-field-textual\" placeholder=\"Num\u00e9ro de t\u00e9l\u00e9phone\" required=\"required\" pattern=\"[0-9()#&amp;+*-=.]+\" title=\"Seuls les caract\u00e8res de num\u00e9ros de t\u00e9l\u00e9phone (#, -, *, etc.) sont accept\u00e9s.\">\n\n\t\t\t\t\t\t<\/div>\n\t\t\t\t\t\t\t\t<div class=\"elementor-field-type-textarea elementor-field-group elementor-column elementor-field-group-field_2 elementor-col-100 elementor-field-required\">\n\t\t\t\t\t\t\t\t\t\t\t\t<label for=\"form-field-field_2\" class=\"elementor-field-label elementor-screen-only\">\n\t\t\t\t\t\t\t\tMessage\t\t\t\t\t\t\t<\/label>\n\t\t\t\t\t\t<textarea class=\"elementor-field-textual elementor-field  elementor-size-sm\" name=\"form_fields[field_2]\" id=\"form-field-field_2\" rows=\"4\" placeholder=\"Message\" required=\"required\"><\/textarea>\t\t\t\t<\/div>\n\t\t\t\t\t\t\t\t<div class=\"elementor-field-type-upload elementor-field-group elementor-column elementor-field-group-field_3 elementor-col-100\">\n\t\t\t\t\t\t\t\t\t\t\t\t<label for=\"form-field-field_3\" class=\"elementor-field-label elementor-screen-only\">\n\t\t\t\t\t\t\t\tT\u00e9l\u00e9charger\t\t\t\t\t\t\t<\/label>\n\t\t\t\t\t\t\t\t<input type=\"file\" name=\"form_fields[field_3][]\" id=\"form-field-field_3\" class=\"elementor-field elementor-size-sm  elementor-upload-field\" multiple=\"multiple\" data-maxsize=\"2\" data-maxsize-message=\"Ce fichier d\u00e9passe la taille maximale autoris\u00e9e.\">\n\n\t\t\t\t\t\t<\/div>\n\t\t\t\t\t\t\t\t<div class=\"elementor-field-group elementor-column elementor-field-type-submit elementor-col-100 e-form__buttons\">\n\t\t\t\t\t<button class=\"elementor-button elementor-size-md\" type=\"submit\">\n\t\t\t\t\t\t<span class=\"elementor-button-content-wrapper\">\n\t\t\t\t\t\t\t\t\t\t\t\t\t\t\t\t\t\t\t\t\t\t<span class=\"elementor-button-text\">Envoyer un message <\/span>\n\t\t\t\t\t\t\t\t\t\t\t\t\t<\/span>\n\t\t\t\t\t<\/button>\n\t\t\t\t<\/div>\n\t\t\t<\/div>\n\t\t<\/form>\n\t\t\t\t\t\t<\/div>\n\t\t\t\t<\/div>\n\t\t\t\t<\/div>\n\t\t\t\t\t<\/div>\n\t\t\t\t<\/div>\n\t\t\t\t<\/div>\n\t\t","protected":false},"excerpt":{"rendered":"<p>Contact Kozyatagi Mh. Kircicegi Sk. No: 1, Istanbul, Turkey +90 545 626 44 01 info@toofabric.com Veuillez noter que nos services ne sont propos\u00e9s qu&rsquo;en anglais. Prenez contact avec nous Please submit the following details to send you a price quote after understanding your needs: Quantit\u00e9 command\u00e9e par style et couleur de tissu Design et logos &#8230; <a title=\"Contact\" class=\"read-more\" href=\"https:\/\/toofabric.com\/fr\/contact\/\" aria-label=\"En savoir plus sur Contact\">Lire la suite<\/a><\/p>\n","protected":false},"author":1,"featured_media":19584,"parent":0,"menu_order":0,"comment_status":"closed","ping_status":"closed","template":"","meta":{"inline_featured_image":false,"footnotes":""},"class_list":["post-6900","page","type-page","status-publish","has-post-thumbnail"],"yoast_head":"<!-- This site is optimized with the Yoast SEO plugin v27.3 - https:\/\/yoast.com\/product\/yoast-seo-wordpress\/ -->\n<title>Contact | Too Fabric | Fabricant de V\u00eatements Sur-mesure en Turquie<\/title>\n<meta name=\"description\" content=\"Allons plus loin dans vos id\u00e9es ! Contactez-nous d\u00e8s maintenant ! Obtenez une offre de prix et rendez votre marque exclusive !\" \/>\n<meta name=\"robots\" content=\"index, follow, max-snippet:-1, max-image-preview:large, max-video-preview:-1\" \/>\n<link rel=\"canonical\" href=\"https:\/\/toofabric.com\/fr\/contact\/\" \/>\n<meta property=\"og:locale\" content=\"fr_FR\" \/>\n<meta property=\"og:type\" content=\"article\" \/>\n<meta property=\"og:title\" content=\"Contact | Too Fabric | Fabricant de V\u00eatements Sur-mesure en Turquie\" \/>\n<meta property=\"og:description\" content=\"Allons plus loin dans vos id\u00e9es ! Contactez-nous d\u00e8s maintenant ! Obtenez une offre de prix et rendez votre marque exclusive !\" \/>\n<meta property=\"og:url\" content=\"https:\/\/toofabric.com\/fr\/contact\/\" \/>\n<meta property=\"og:site_name\" content=\"Too Fabric\" \/>\n<meta property=\"article:modified_time\" content=\"2026-03-18T09:49:10+00:00\" \/>\n<meta property=\"og:image\" content=\"https:\/\/toofabric.com\/wp-content\/uploads\/2022\/08\/Too-Fabric-Mobile-Logo.png\" \/>\n\t<meta property=\"og:image:width\" content=\"300\" \/>\n\t<meta property=\"og:image:height\" content=\"279\" \/>\n\t<meta property=\"og:image:type\" content=\"image\/png\" \/>\n<meta name=\"twitter:card\" content=\"summary_large_image\" \/>\n<meta name=\"twitter:label1\" content=\"Dur\u00e9e de lecture estim\u00e9e\" \/>\n\t<meta name=\"twitter:data1\" content=\"1 minute\" \/>\n<script type=\"application\/ld+json\" class=\"yoast-schema-graph\">{\"@context\":\"https:\\\/\\\/schema.org\",\"@graph\":[{\"@type\":\"WebPage\",\"@id\":\"https:\\\/\\\/toofabric.com\\\/fr\\\/contact\\\/\",\"url\":\"https:\\\/\\\/toofabric.com\\\/fr\\\/contact\\\/\",\"name\":\"Contact | Too Fabric | Fabricant de V\u00eatements Sur-mesure en Turquie\",\"isPartOf\":{\"@id\":\"https:\\\/\\\/toofabric.com\\\/fr\\\/#website\"},\"primaryImageOfPage\":{\"@id\":\"https:\\\/\\\/toofabric.com\\\/fr\\\/contact\\\/#primaryimage\"},\"image\":{\"@id\":\"https:\\\/\\\/toofabric.com\\\/fr\\\/contact\\\/#primaryimage\"},\"thumbnailUrl\":\"https:\\\/\\\/toofabric.com\\\/wp-content\\\/uploads\\\/2022\\\/08\\\/Too-Fabric-Mobile-Logo.png\",\"datePublished\":\"2020-08-13T13:46:19+00:00\",\"dateModified\":\"2026-03-18T09:49:10+00:00\",\"description\":\"Allons plus loin dans vos id\u00e9es ! Contactez-nous d\u00e8s maintenant ! Obtenez une offre de prix et rendez votre marque exclusive !\",\"breadcrumb\":{\"@id\":\"https:\\\/\\\/toofabric.com\\\/fr\\\/contact\\\/#breadcrumb\"},\"inLanguage\":\"fr-FR\",\"potentialAction\":[{\"@type\":\"ReadAction\",\"target\":[\"https:\\\/\\\/toofabric.com\\\/fr\\\/contact\\\/\"]}]},{\"@type\":\"ImageObject\",\"inLanguage\":\"fr-FR\",\"@id\":\"https:\\\/\\\/toofabric.com\\\/fr\\\/contact\\\/#primaryimage\",\"url\":\"https:\\\/\\\/toofabric.com\\\/wp-content\\\/uploads\\\/2022\\\/08\\\/Too-Fabric-Mobile-Logo.png\",\"contentUrl\":\"https:\\\/\\\/toofabric.com\\\/wp-content\\\/uploads\\\/2022\\\/08\\\/Too-Fabric-Mobile-Logo.png\",\"width\":300,\"height\":279,\"caption\":\"Too Fabric | Fabricant de v\u00eatements sur mesure en Turquie\"},{\"@type\":\"BreadcrumbList\",\"@id\":\"https:\\\/\\\/toofabric.com\\\/fr\\\/contact\\\/#breadcrumb\",\"itemListElement\":[{\"@type\":\"ListItem\",\"position\":1,\"name\":\"Home\",\"item\":\"https:\\\/\\\/toofabric.com\\\/fr\\\/fabricant-de-vetements-sur-mesure-en-turquie\\\/\"},{\"@type\":\"ListItem\",\"position\":2,\"name\":\"Contact\"}]},{\"@type\":\"WebSite\",\"@id\":\"https:\\\/\\\/toofabric.com\\\/fr\\\/#website\",\"url\":\"https:\\\/\\\/toofabric.com\\\/fr\\\/\",\"name\":\"Too Fabric\",\"description\":\"Custom Clothing Manufacturer\",\"publisher\":{\"@id\":\"https:\\\/\\\/toofabric.com\\\/fr\\\/#organization\"},\"potentialAction\":[{\"@type\":\"SearchAction\",\"target\":{\"@type\":\"EntryPoint\",\"urlTemplate\":\"https:\\\/\\\/toofabric.com\\\/fr\\\/?s={search_term_string}\"},\"query-input\":{\"@type\":\"PropertyValueSpecification\",\"valueRequired\":true,\"valueName\":\"search_term_string\"}}],\"inLanguage\":\"fr-FR\"},{\"@type\":\"Organization\",\"@id\":\"https:\\\/\\\/toofabric.com\\\/fr\\\/#organization\",\"name\":\"Too Fabric\",\"url\":\"https:\\\/\\\/toofabric.com\\\/fr\\\/\",\"logo\":{\"@type\":\"ImageObject\",\"inLanguage\":\"fr-FR\",\"@id\":\"https:\\\/\\\/toofabric.com\\\/fr\\\/#\\\/schema\\\/logo\\\/image\\\/\",\"url\":\"https:\\\/\\\/toofabric.com\\\/wp-content\\\/uploads\\\/2019\\\/08\\\/Too-Fabric-1.svg\",\"contentUrl\":\"https:\\\/\\\/toofabric.com\\\/wp-content\\\/uploads\\\/2019\\\/08\\\/Too-Fabric-1.svg\",\"width\":1,\"height\":1,\"caption\":\"Too Fabric\"},\"image\":{\"@id\":\"https:\\\/\\\/toofabric.com\\\/fr\\\/#\\\/schema\\\/logo\\\/image\\\/\"},\"sameAs\":[\"https:\\\/\\\/www.instagram.com\\\/toofabric\\\/\",\"https:\\\/\\\/tr.linkedin.com\\\/company\\\/too-fabric?trk=public_profile_topcard_current_company\",\"https:\\\/\\\/www.youtube.com\\\/channel\\\/UCSlIhMOl6lVRT7kZd8_iBRg\"]}]}<\/script>\n<!-- \/ Yoast SEO plugin. -->","yoast_head_json":{"title":"Contact | Too Fabric | Fabricant de V\u00eatements Sur-mesure en Turquie","description":"Allons plus loin dans vos id\u00e9es ! Contactez-nous d\u00e8s maintenant ! Obtenez une offre de prix et rendez votre marque exclusive !","robots":{"index":"index","follow":"follow","max-snippet":"max-snippet:-1","max-image-preview":"max-image-preview:large","max-video-preview":"max-video-preview:-1"},"canonical":"https:\/\/toofabric.com\/fr\/contact\/","og_locale":"fr_FR","og_type":"article","og_title":"Contact | Too Fabric | Fabricant de V\u00eatements Sur-mesure en Turquie","og_description":"Allons plus loin dans vos id\u00e9es ! Contactez-nous d\u00e8s maintenant ! Obtenez une offre de prix et rendez votre marque exclusive !","og_url":"https:\/\/toofabric.com\/fr\/contact\/","og_site_name":"Too Fabric","article_modified_time":"2026-03-18T09:49:10+00:00","og_image":[{"width":300,"height":279,"url":"https:\/\/toofabric.com\/wp-content\/uploads\/2022\/08\/Too-Fabric-Mobile-Logo.png","type":"image\/png"}],"twitter_card":"summary_large_image","twitter_misc":{"Dur\u00e9e de lecture estim\u00e9e":"1 minute"},"schema":{"@context":"https:\/\/schema.org","@graph":[{"@type":"WebPage","@id":"https:\/\/toofabric.com\/fr\/contact\/","url":"https:\/\/toofabric.com\/fr\/contact\/","name":"Contact | Too Fabric | Fabricant de V\u00eatements Sur-mesure en Turquie","isPartOf":{"@id":"https:\/\/toofabric.com\/fr\/#website"},"primaryImageOfPage":{"@id":"https:\/\/toofabric.com\/fr\/contact\/#primaryimage"},"image":{"@id":"https:\/\/toofabric.com\/fr\/contact\/#primaryimage"},"thumbnailUrl":"https:\/\/toofabric.com\/wp-content\/uploads\/2022\/08\/Too-Fabric-Mobile-Logo.png","datePublished":"2020-08-13T13:46:19+00:00","dateModified":"2026-03-18T09:49:10+00:00","description":"Allons plus loin dans vos id\u00e9es ! Contactez-nous d\u00e8s maintenant ! Obtenez une offre de prix et rendez votre marque exclusive !","breadcrumb":{"@id":"https:\/\/toofabric.com\/fr\/contact\/#breadcrumb"},"inLanguage":"fr-FR","potentialAction":[{"@type":"ReadAction","target":["https:\/\/toofabric.com\/fr\/contact\/"]}]},{"@type":"ImageObject","inLanguage":"fr-FR","@id":"https:\/\/toofabric.com\/fr\/contact\/#primaryimage","url":"https:\/\/toofabric.com\/wp-content\/uploads\/2022\/08\/Too-Fabric-Mobile-Logo.png","contentUrl":"https:\/\/toofabric.com\/wp-content\/uploads\/2022\/08\/Too-Fabric-Mobile-Logo.png","width":300,"height":279,"caption":"Too Fabric | Fabricant de v\u00eatements sur mesure en Turquie"},{"@type":"BreadcrumbList","@id":"https:\/\/toofabric.com\/fr\/contact\/#breadcrumb","itemListElement":[{"@type":"ListItem","position":1,"name":"Home","item":"https:\/\/toofabric.com\/fr\/fabricant-de-vetements-sur-mesure-en-turquie\/"},{"@type":"ListItem","position":2,"name":"Contact"}]},{"@type":"WebSite","@id":"https:\/\/toofabric.com\/fr\/#website","url":"https:\/\/toofabric.com\/fr\/","name":"Too Fabric","description":"Custom Clothing Manufacturer","publisher":{"@id":"https:\/\/toofabric.com\/fr\/#organization"},"potentialAction":[{"@type":"SearchAction","target":{"@type":"EntryPoint","urlTemplate":"https:\/\/toofabric.com\/fr\/?s={search_term_string}"},"query-input":{"@type":"PropertyValueSpecification","valueRequired":true,"valueName":"search_term_string"}}],"inLanguage":"fr-FR"},{"@type":"Organization","@id":"https:\/\/toofabric.com\/fr\/#organization","name":"Too Fabric","url":"https:\/\/toofabric.com\/fr\/","logo":{"@type":"ImageObject","inLanguage":"fr-FR","@id":"https:\/\/toofabric.com\/fr\/#\/schema\/logo\/image\/","url":"https:\/\/toofabric.com\/wp-content\/uploads\/2019\/08\/Too-Fabric-1.svg","contentUrl":"https:\/\/toofabric.com\/wp-content\/uploads\/2019\/08\/Too-Fabric-1.svg","width":1,"height":1,"caption":"Too Fabric"},"image":{"@id":"https:\/\/toofabric.com\/fr\/#\/schema\/logo\/image\/"},"sameAs":["https:\/\/www.instagram.com\/toofabric\/","https:\/\/tr.linkedin.com\/company\/too-fabric?trk=public_profile_topcard_current_company","https:\/\/www.youtube.com\/channel\/UCSlIhMOl6lVRT7kZd8_iBRg"]}]}},"_links":{"self":[{"href":"https:\/\/toofabric.com\/fr\/wp-json\/wp\/v2\/pages\/6900","targetHints":{"allow":["GET"]}}],"collection":[{"href":"https:\/\/toofabric.com\/fr\/wp-json\/wp\/v2\/pages"}],"about":[{"href":"https:\/\/toofabric.com\/fr\/wp-json\/wp\/v2\/types\/page"}],"author":[{"embeddable":true,"href":"https:\/\/toofabric.com\/fr\/wp-json\/wp\/v2\/users\/1"}],"replies":[{"embeddable":true,"href":"https:\/\/toofabric.com\/fr\/wp-json\/wp\/v2\/comments?post=6900"}],"version-history":[{"count":0,"href":"https:\/\/toofabric.com\/fr\/wp-json\/wp\/v2\/pages\/6900\/revisions"}],"wp:featuredmedia":[{"embeddable":true,"href":"https:\/\/toofabric.com\/fr\/wp-json\/wp\/v2\/media\/19584"}],"wp:attachment":[{"href":"https:\/\/toofabric.com\/fr\/wp-json\/wp\/v2\/media?parent=6900"}],"curies":[{"name":"wp","href":"https:\/\/api.w.org\/{rel}","templated":true}]}}