{"id":7353,"date":"2020-09-04T12:48:38","date_gmt":"2020-09-04T12:48:38","guid":{"rendered":"https:\/\/toofabric.com\/?page_id=7353"},"modified":"2020-09-07T13:11:45","modified_gmt":"2020-09-07T13:11:45","slug":"chi-siamo","status":"publish","type":"page","link":"https:\/\/toofabric.com\/it\/chi-siamo\/","title":{"rendered":"Chi Siamo"},"content":{"rendered":"\t\t<div data-elementor-type=\"wp-page\" data-elementor-id=\"7353\" class=\"elementor elementor-7353\" data-elementor-post-type=\"page\">\n\t\t\t\t\t\t<section class=\"elementor-section elementor-top-section elementor-element elementor-element-dd47626 elementor-section-boxed elementor-section-height-default elementor-section-height-default\" data-id=\"dd47626\" data-element_type=\"section\" data-e-type=\"section\" data-settings=\"{&quot;background_background&quot;:&quot;video&quot;,&quot;background_video_link&quot;:&quot;https:\\\/\\\/toofabric.com\\\/wp-content\\\/uploads\\\/2019\\\/12\\\/Who-We-Are-Low.mp4&quot;,&quot;background_play_on_mobile&quot;:&quot;yes&quot;,&quot;jet_parallax_layout_list&quot;:[]}\">\n\t\t\t\t\t\t\t\t<div class=\"elementor-background-video-container\">\n\t\t\t\t\t\t\t\t\t\t\t\t\t<video class=\"elementor-background-video-hosted\" role=\"presentation\" autoplay muted playsinline loop><\/video>\n\t\t\t\t\t\t\t\t\t\t\t<\/div>\n\t\t\t\t\t\t\t\t<div class=\"elementor-container elementor-column-gap-default\">\n\t\t\t\t\t\t<\/div>\n\t\t<\/section>\n\t\t\t\t<section class=\"elementor-section elementor-top-section elementor-element elementor-element-1762778 elementor-section-boxed elementor-section-height-default elementor-section-height-default\" data-id=\"1762778\" data-element_type=\"section\" data-e-type=\"section\" data-settings=\"{&quot;jet_parallax_layout_list&quot;:[]}\">\n\t\t\t\t\t\t<div class=\"elementor-container elementor-column-gap-default\">\n\t\t\t\t\t<div class=\"elementor-column elementor-col-100 elementor-top-column elementor-element elementor-element-6e3087b\" data-id=\"6e3087b\" data-element_type=\"column\" data-e-type=\"column\">\n\t\t\t<div class=\"elementor-widget-wrap elementor-element-populated\">\n\t\t\t\t\t\t<div class=\"elementor-element elementor-element-7d877c0 elementor-widget elementor-widget-heading\" data-id=\"7d877c0\" data-element_type=\"widget\" data-e-type=\"widget\" data-widget_type=\"heading.default\">\n\t\t\t\t<div class=\"elementor-widget-container\">\n\t\t\t\t\t<h1 class=\"elementor-heading-title elementor-size-default\">Chi Siamo<\/h1>\t\t\t\t<\/div>\n\t\t\t\t<\/div>\n\t\t\t\t<div class=\"elementor-element elementor-element-c6110e9 elementor-widget elementor-widget-text-editor\" data-id=\"c6110e9\" data-element_type=\"widget\" data-e-type=\"widget\" data-widget_type=\"text-editor.default\">\n\t\t\t\t<div class=\"elementor-widget-container\">\n\t\t\t\t\t\t\t\t\t<p>Cosa ne dici di raccontare la posizione del tuo marchio, con un tocco di visione pi\u00f9 personalizzato? Noi siamo pronti a trasformare i tuoi sogni in realt\u00e0 preparando dei prodotti tessili speciali grazie alla creativit\u00e0 del nostro team di specialisti.<\/p><p>Siete pronti ad aumentare la vostra consapevolezza? Forniamo un servizio di alta qualit\u00e0 con unit\u00e0 di taglio, stampa e ricamo, cucito, stiratura di imballaggi e controllo qualit\u00e0 con i nostri 60 dipendenti qualificati, dando importanza alle condizioni di lavoro e ai diritti sociali nella nostra area di produzione di 1000 m\u00b2 situata nella parte anatolica di Istanbul. Lavoriamo in molti settori, tra cui l&#8217;abbigliamento di marca, l&#8217;abbigliamento per ufficio, l&#8217;abbigliamento da lavoro, le uniformi scolastiche e gli articoli promozionali, nonch\u00e9 la produzione di abiti sofisticati.<\/p><p>Noi come Too Fabric, vi offriamo vari prodotti speciali come T-Shirt, Polo, Felpe, Polar, Giacche, Cappotti, Parka, Pantaloni, Pantaloncini, Collant, Accessori, Borse, Cappelli, Grembiuli, Grembiuli, Cappellini e Asciugamani.<\/p>\t\t\t\t\t\t\t\t<\/div>\n\t\t\t\t<\/div>\n\t\t\t\t<div class=\"elementor-element elementor-element-e95dfd2 elementor-widget elementor-widget-image\" data-id=\"e95dfd2\" data-element_type=\"widget\" data-e-type=\"widget\" data-widget_type=\"image.default\">\n\t\t\t\t<div class=\"elementor-widget-container\">\n\t\t\t\t\t\t\t\t\t\t\t\t\t\t\t<img decoding=\"async\" width=\"200\" height=\"71\" src=\"https:\/\/toofabric.com\/wp-content\/uploads\/2019\/09\/Who-We-Are.jpg\" class=\"attachment-large size-large wp-image-4034\" alt=\"Who We Are\" \/>\t\t\t\t\t\t\t\t\t\t\t\t\t\t\t<\/div>\n\t\t\t\t<\/div>\n\t\t\t\t\t<\/div>\n\t\t<\/div>\n\t\t\t\t\t<\/div>\n\t\t<\/section>\n\t\t\t\t<section class=\"elementor-section elementor-top-section elementor-element elementor-element-49ec6e1 elementor-section-boxed elementor-section-height-default elementor-section-height-default\" data-id=\"49ec6e1\" data-element_type=\"section\" data-e-type=\"section\" data-settings=\"{&quot;background_background&quot;:&quot;classic&quot;,&quot;jet_parallax_layout_list&quot;:[]}\">\n\t\t\t\t\t\t<div class=\"elementor-container elementor-column-gap-default\">\n\t\t\t\t\t<div class=\"elementor-column elementor-col-100 elementor-top-column elementor-element elementor-element-c5f2f04\" data-id=\"c5f2f04\" data-element_type=\"column\" data-e-type=\"column\">\n\t\t\t<div class=\"elementor-widget-wrap elementor-element-populated\">\n\t\t\t\t\t\t<div class=\"elementor-element elementor-element-e8a080c elementor-widget elementor-widget-heading\" data-id=\"e8a080c\" data-element_type=\"widget\" data-e-type=\"widget\" data-widget_type=\"heading.default\">\n\t\t\t\t<div class=\"elementor-widget-container\">\n\t\t\t\t\t<h2 class=\"elementor-heading-title elementor-size-default\"><b>Ottieni un Preventivo<\/b><br> Rendi Esclusivo il Tuo Brand<\/h2>\t\t\t\t<\/div>\n\t\t\t\t<\/div>\n\t\t\t\t<div class=\"elementor-element elementor-element-eb435d8 elementor-align-center elementor-widget elementor-widget-button\" data-id=\"eb435d8\" data-element_type=\"widget\" data-e-type=\"widget\" data-widget_type=\"button.default\">\n\t\t\t\t<div class=\"elementor-widget-container\">\n\t\t\t\t\t\t\t\t\t<div class=\"elementor-button-wrapper\">\n\t\t\t\t\t<a class=\"elementor-button elementor-button-link elementor-size-md\" href=\"https:\/\/toofabric.com\/it\/contatto\/\">\n\t\t\t\t\t\t<span class=\"elementor-button-content-wrapper\">\n\t\t\t\t\t\t<span class=\"elementor-button-icon\">\n\t\t\t\t\t\t\t<\/span>\n\t\t\t\t\t\t\t\t\t<span class=\"elementor-button-text\">Contattaci<\/span>\n\t\t\t\t\t<\/span>\n\t\t\t\t\t<\/a>\n\t\t\t\t<\/div>\n\t\t\t\t\t\t\t\t<\/div>\n\t\t\t\t<\/div>\n\t\t\t\t\t<\/div>\n\t\t<\/div>\n\t\t\t\t\t<\/div>\n\t\t<\/section>\n\t\t\t\t<\/div>\n\t\t","protected":false},"excerpt":{"rendered":"<p>Chi Siamo Cosa ne dici di raccontare la posizione del tuo marchio, con un tocco di visione pi\u00f9 personalizzato? Noi siamo pronti a trasformare i tuoi sogni in realt\u00e0 preparando dei prodotti tessili speciali grazie alla creativit\u00e0 del nostro team di specialisti. Siete pronti ad aumentare la vostra consapevolezza? Forniamo un servizio di alta qualit\u00e0 &#8230; <a title=\"Chi Siamo\" class=\"read-more\" href=\"https:\/\/toofabric.com\/it\/chi-siamo\/\" aria-label=\"Per saperne di pi\u00f9 su Chi Siamo\">Leggi tutto<\/a><\/p>\n","protected":false},"author":1,"featured_media":37425,"parent":0,"menu_order":0,"comment_status":"closed","ping_status":"closed","template":"","meta":{"inline_featured_image":false,"footnotes":""},"class_list":["post-7353","page","type-page","status-publish","has-post-thumbnail"],"yoast_head":"<!-- This site is optimized with the Yoast SEO plugin v27.4 - https:\/\/yoast.com\/product\/yoast-seo-wordpress\/ -->\n<title>Chi Siamo | Too Fabric | Produttore di abbigliamento personalizzato<\/title>\n<meta name=\"description\" content=\"Cosa ne dici di raccontare la posizione del tuo marchio, con un tocco di visione pi\u00f9 personalizzato? Scopri chi siamo.\" \/>\n<meta name=\"robots\" content=\"index, follow, max-snippet:-1, max-image-preview:large, max-video-preview:-1\" \/>\n<link rel=\"canonical\" href=\"https:\/\/toofabric.com\/it\/chi-siamo\/\" \/>\n<meta property=\"og:locale\" content=\"it_IT\" \/>\n<meta property=\"og:type\" content=\"article\" \/>\n<meta property=\"og:title\" content=\"Chi Siamo | Too Fabric | Produttore di abbigliamento personalizzato\" \/>\n<meta property=\"og:description\" content=\"Cosa ne dici di raccontare la posizione del tuo marchio, con un tocco di visione pi\u00f9 personalizzato? Scopri chi siamo.\" \/>\n<meta property=\"og:url\" content=\"https:\/\/toofabric.com\/it\/chi-siamo\/\" \/>\n<meta property=\"og:site_name\" content=\"Too Fabric\" \/>\n<meta property=\"article:modified_time\" content=\"2020-09-07T13:11:45+00:00\" \/>\n<meta property=\"og:image\" content=\"https:\/\/toofabric.com\/wp-content\/uploads\/2019\/09\/Who-We-Are.jpg\" \/>\n<meta name=\"twitter:card\" content=\"summary_large_image\" \/>\n<meta name=\"twitter:label1\" content=\"Tempo di lettura stimato\" \/>\n\t<meta name=\"twitter:data1\" content=\"1 minuto\" \/>\n<script type=\"application\/ld+json\" class=\"yoast-schema-graph\">{\"@context\":\"https:\\\/\\\/schema.org\",\"@graph\":[{\"@type\":\"WebPage\",\"@id\":\"https:\\\/\\\/toofabric.com\\\/it\\\/chi-siamo\\\/\",\"url\":\"https:\\\/\\\/toofabric.com\\\/it\\\/chi-siamo\\\/\",\"name\":\"Chi Siamo | Too Fabric | Produttore di abbigliamento personalizzato\",\"isPartOf\":{\"@id\":\"https:\\\/\\\/toofabric.com\\\/it\\\/#website\"},\"primaryImageOfPage\":{\"@id\":\"https:\\\/\\\/toofabric.com\\\/it\\\/chi-siamo\\\/#primaryimage\"},\"image\":{\"@id\":\"https:\\\/\\\/toofabric.com\\\/it\\\/chi-siamo\\\/#primaryimage\"},\"thumbnailUrl\":\"https:\\\/\\\/toofabric.com\\\/wp-content\\\/uploads\\\/2024\\\/07\\\/4050KirmiziS-5.jpg\",\"datePublished\":\"2020-09-04T12:48:38+00:00\",\"dateModified\":\"2020-09-07T13:11:45+00:00\",\"description\":\"Cosa ne dici di raccontare la posizione del tuo marchio, con un tocco di visione pi\u00f9 personalizzato? Scopri chi siamo.\",\"breadcrumb\":{\"@id\":\"https:\\\/\\\/toofabric.com\\\/it\\\/chi-siamo\\\/#breadcrumb\"},\"inLanguage\":\"it-IT\",\"potentialAction\":[{\"@type\":\"ReadAction\",\"target\":[\"https:\\\/\\\/toofabric.com\\\/it\\\/chi-siamo\\\/\"]}]},{\"@type\":\"ImageObject\",\"inLanguage\":\"it-IT\",\"@id\":\"https:\\\/\\\/toofabric.com\\\/it\\\/chi-siamo\\\/#primaryimage\",\"url\":\"https:\\\/\\\/toofabric.com\\\/wp-content\\\/uploads\\\/2024\\\/07\\\/4050KirmiziS-5.jpg\",\"contentUrl\":\"https:\\\/\\\/toofabric.com\\\/wp-content\\\/uploads\\\/2024\\\/07\\\/4050KirmiziS-5.jpg\",\"width\":1200,\"height\":1800,\"caption\":\"4050 (Red) | Too Fabric | Wholesale Lingerie Manufacturer\"},{\"@type\":\"BreadcrumbList\",\"@id\":\"https:\\\/\\\/toofabric.com\\\/it\\\/chi-siamo\\\/#breadcrumb\",\"itemListElement\":[{\"@type\":\"ListItem\",\"position\":1,\"name\":\"Home\",\"item\":\"https:\\\/\\\/toofabric.com\\\/it\\\/\"},{\"@type\":\"ListItem\",\"position\":2,\"name\":\"Chi Siamo\"}]},{\"@type\":\"WebSite\",\"@id\":\"https:\\\/\\\/toofabric.com\\\/it\\\/#website\",\"url\":\"https:\\\/\\\/toofabric.com\\\/it\\\/\",\"name\":\"Too Fabric\",\"description\":\"Custom Clothing Manufacturer\",\"publisher\":{\"@id\":\"https:\\\/\\\/toofabric.com\\\/it\\\/#organization\"},\"potentialAction\":[{\"@type\":\"SearchAction\",\"target\":{\"@type\":\"EntryPoint\",\"urlTemplate\":\"https:\\\/\\\/toofabric.com\\\/it\\\/?s={search_term_string}\"},\"query-input\":{\"@type\":\"PropertyValueSpecification\",\"valueRequired\":true,\"valueName\":\"search_term_string\"}}],\"inLanguage\":\"it-IT\"},{\"@type\":\"Organization\",\"@id\":\"https:\\\/\\\/toofabric.com\\\/it\\\/#organization\",\"name\":\"Too Fabric\",\"url\":\"https:\\\/\\\/toofabric.com\\\/it\\\/\",\"logo\":{\"@type\":\"ImageObject\",\"inLanguage\":\"it-IT\",\"@id\":\"https:\\\/\\\/toofabric.com\\\/it\\\/#\\\/schema\\\/logo\\\/image\\\/\",\"url\":\"https:\\\/\\\/toofabric.com\\\/wp-content\\\/uploads\\\/2019\\\/08\\\/Too-Fabric-1.svg\",\"contentUrl\":\"https:\\\/\\\/toofabric.com\\\/wp-content\\\/uploads\\\/2019\\\/08\\\/Too-Fabric-1.svg\",\"width\":1,\"height\":1,\"caption\":\"Too Fabric\"},\"image\":{\"@id\":\"https:\\\/\\\/toofabric.com\\\/it\\\/#\\\/schema\\\/logo\\\/image\\\/\"},\"sameAs\":[\"https:\\\/\\\/www.instagram.com\\\/toofabric\\\/\",\"https:\\\/\\\/tr.linkedin.com\\\/company\\\/too-fabric?trk=public_profile_topcard_current_company\",\"https:\\\/\\\/www.youtube.com\\\/channel\\\/UCSlIhMOl6lVRT7kZd8_iBRg\"]}]}<\/script>\n<!-- \/ Yoast SEO plugin. -->","yoast_head_json":{"title":"Chi Siamo | Too Fabric | Produttore di abbigliamento personalizzato","description":"Cosa ne dici di raccontare la posizione del tuo marchio, con un tocco di visione pi\u00f9 personalizzato? Scopri chi siamo.","robots":{"index":"index","follow":"follow","max-snippet":"max-snippet:-1","max-image-preview":"max-image-preview:large","max-video-preview":"max-video-preview:-1"},"canonical":"https:\/\/toofabric.com\/it\/chi-siamo\/","og_locale":"it_IT","og_type":"article","og_title":"Chi Siamo | Too Fabric | Produttore di abbigliamento personalizzato","og_description":"Cosa ne dici di raccontare la posizione del tuo marchio, con un tocco di visione pi\u00f9 personalizzato? Scopri chi siamo.","og_url":"https:\/\/toofabric.com\/it\/chi-siamo\/","og_site_name":"Too Fabric","article_modified_time":"2020-09-07T13:11:45+00:00","og_image":[{"url":"https:\/\/toofabric.com\/wp-content\/uploads\/2019\/09\/Who-We-Are.jpg","type":"","width":"","height":""}],"twitter_card":"summary_large_image","twitter_misc":{"Tempo di lettura stimato":"1 minuto"},"schema":{"@context":"https:\/\/schema.org","@graph":[{"@type":"WebPage","@id":"https:\/\/toofabric.com\/it\/chi-siamo\/","url":"https:\/\/toofabric.com\/it\/chi-siamo\/","name":"Chi Siamo | Too Fabric | Produttore di abbigliamento personalizzato","isPartOf":{"@id":"https:\/\/toofabric.com\/it\/#website"},"primaryImageOfPage":{"@id":"https:\/\/toofabric.com\/it\/chi-siamo\/#primaryimage"},"image":{"@id":"https:\/\/toofabric.com\/it\/chi-siamo\/#primaryimage"},"thumbnailUrl":"https:\/\/toofabric.com\/wp-content\/uploads\/2024\/07\/4050KirmiziS-5.jpg","datePublished":"2020-09-04T12:48:38+00:00","dateModified":"2020-09-07T13:11:45+00:00","description":"Cosa ne dici di raccontare la posizione del tuo marchio, con un tocco di visione pi\u00f9 personalizzato? Scopri chi siamo.","breadcrumb":{"@id":"https:\/\/toofabric.com\/it\/chi-siamo\/#breadcrumb"},"inLanguage":"it-IT","potentialAction":[{"@type":"ReadAction","target":["https:\/\/toofabric.com\/it\/chi-siamo\/"]}]},{"@type":"ImageObject","inLanguage":"it-IT","@id":"https:\/\/toofabric.com\/it\/chi-siamo\/#primaryimage","url":"https:\/\/toofabric.com\/wp-content\/uploads\/2024\/07\/4050KirmiziS-5.jpg","contentUrl":"https:\/\/toofabric.com\/wp-content\/uploads\/2024\/07\/4050KirmiziS-5.jpg","width":1200,"height":1800,"caption":"4050 (Red) | Too Fabric | Wholesale Lingerie Manufacturer"},{"@type":"BreadcrumbList","@id":"https:\/\/toofabric.com\/it\/chi-siamo\/#breadcrumb","itemListElement":[{"@type":"ListItem","position":1,"name":"Home","item":"https:\/\/toofabric.com\/it\/"},{"@type":"ListItem","position":2,"name":"Chi Siamo"}]},{"@type":"WebSite","@id":"https:\/\/toofabric.com\/it\/#website","url":"https:\/\/toofabric.com\/it\/","name":"Too Fabric","description":"Custom Clothing Manufacturer","publisher":{"@id":"https:\/\/toofabric.com\/it\/#organization"},"potentialAction":[{"@type":"SearchAction","target":{"@type":"EntryPoint","urlTemplate":"https:\/\/toofabric.com\/it\/?s={search_term_string}"},"query-input":{"@type":"PropertyValueSpecification","valueRequired":true,"valueName":"search_term_string"}}],"inLanguage":"it-IT"},{"@type":"Organization","@id":"https:\/\/toofabric.com\/it\/#organization","name":"Too Fabric","url":"https:\/\/toofabric.com\/it\/","logo":{"@type":"ImageObject","inLanguage":"it-IT","@id":"https:\/\/toofabric.com\/it\/#\/schema\/logo\/image\/","url":"https:\/\/toofabric.com\/wp-content\/uploads\/2019\/08\/Too-Fabric-1.svg","contentUrl":"https:\/\/toofabric.com\/wp-content\/uploads\/2019\/08\/Too-Fabric-1.svg","width":1,"height":1,"caption":"Too Fabric"},"image":{"@id":"https:\/\/toofabric.com\/it\/#\/schema\/logo\/image\/"},"sameAs":["https:\/\/www.instagram.com\/toofabric\/","https:\/\/tr.linkedin.com\/company\/too-fabric?trk=public_profile_topcard_current_company","https:\/\/www.youtube.com\/channel\/UCSlIhMOl6lVRT7kZd8_iBRg"]}]}},"_links":{"self":[{"href":"https:\/\/toofabric.com\/it\/wp-json\/wp\/v2\/pages\/7353","targetHints":{"allow":["GET"]}}],"collection":[{"href":"https:\/\/toofabric.com\/it\/wp-json\/wp\/v2\/pages"}],"about":[{"href":"https:\/\/toofabric.com\/it\/wp-json\/wp\/v2\/types\/page"}],"author":[{"embeddable":true,"href":"https:\/\/toofabric.com\/it\/wp-json\/wp\/v2\/users\/1"}],"replies":[{"embeddable":true,"href":"https:\/\/toofabric.com\/it\/wp-json\/wp\/v2\/comments?post=7353"}],"version-history":[{"count":0,"href":"https:\/\/toofabric.com\/it\/wp-json\/wp\/v2\/pages\/7353\/revisions"}],"wp:featuredmedia":[{"embeddable":true,"href":"https:\/\/toofabric.com\/it\/wp-json\/wp\/v2\/media\/37425"}],"wp:attachment":[{"href":"https:\/\/toofabric.com\/it\/wp-json\/wp\/v2\/media?parent=7353"}],"curies":[{"name":"wp","href":"https:\/\/api.w.org\/{rel}","templated":true}]}}