{"id":8067,"date":"2020-11-01T12:45:55","date_gmt":"2020-11-01T12:45:55","guid":{"rendered":"https:\/\/toofabric.com\/?page_id=8067"},"modified":"2020-11-01T15:07:37","modified_gmt":"2020-11-01T15:07:37","slug":"hvem-vi-er","status":"publish","type":"page","link":"https:\/\/toofabric.com\/no\/hvem-vi-er\/","title":{"rendered":"Hvem Vi Er"},"content":{"rendered":"\t\t<div data-elementor-type=\"wp-page\" data-elementor-id=\"8067\" class=\"elementor elementor-8067\" data-elementor-post-type=\"page\">\n\t\t\t\t\t\t<section class=\"elementor-section elementor-top-section elementor-element elementor-element-dd47626 elementor-section-boxed elementor-section-height-default elementor-section-height-default\" data-id=\"dd47626\" data-element_type=\"section\" data-e-type=\"section\" data-settings=\"{&quot;background_background&quot;:&quot;video&quot;,&quot;background_video_link&quot;:&quot;https:\\\/\\\/toofabric.com\\\/wp-content\\\/uploads\\\/2019\\\/12\\\/Who-We-Are-Low.mp4&quot;,&quot;background_play_on_mobile&quot;:&quot;yes&quot;,&quot;jet_parallax_layout_list&quot;:[]}\">\n\t\t\t\t\t\t\t\t<div class=\"elementor-background-video-container\">\n\t\t\t\t\t\t\t\t\t\t\t\t\t<video class=\"elementor-background-video-hosted\" role=\"presentation\" autoplay muted playsinline loop><\/video>\n\t\t\t\t\t\t\t\t\t\t\t<\/div>\n\t\t\t\t\t\t\t\t<div class=\"elementor-container elementor-column-gap-default\">\n\t\t\t\t\t\t<\/div>\n\t\t<\/section>\n\t\t\t\t<section class=\"elementor-section elementor-top-section elementor-element elementor-element-1762778 elementor-section-boxed elementor-section-height-default elementor-section-height-default\" data-id=\"1762778\" data-element_type=\"section\" data-e-type=\"section\" data-settings=\"{&quot;jet_parallax_layout_list&quot;:[]}\">\n\t\t\t\t\t\t<div class=\"elementor-container elementor-column-gap-default\">\n\t\t\t\t\t<div class=\"elementor-column elementor-col-100 elementor-top-column elementor-element elementor-element-6e3087b\" data-id=\"6e3087b\" data-element_type=\"column\" data-e-type=\"column\">\n\t\t\t<div class=\"elementor-widget-wrap elementor-element-populated\">\n\t\t\t\t\t\t<div class=\"elementor-element elementor-element-7d877c0 elementor-widget elementor-widget-heading\" data-id=\"7d877c0\" data-element_type=\"widget\" data-e-type=\"widget\" data-widget_type=\"heading.default\">\n\t\t\t\t<div class=\"elementor-widget-container\">\n\t\t\t\t\t<h1 class=\"elementor-heading-title elementor-size-default\">Hvem Vi Er<\/h1>\t\t\t\t<\/div>\n\t\t\t\t<\/div>\n\t\t\t\t<div class=\"elementor-element elementor-element-c6110e9 elementor-widget elementor-widget-text-editor\" data-id=\"c6110e9\" data-element_type=\"widget\" data-e-type=\"widget\" data-widget_type=\"text-editor.default\">\n\t\t\t\t<div class=\"elementor-widget-container\">\n\t\t\t\t\t\t\t\t\t<p>Hva med \u00e5 fremstille merket ditt med en mer personlig og spesialtilpasset visjon? Vi st\u00e5r klare til \u00e5 gj\u00f8re dine dr\u00f8mmer til virkelighet ved \u00e5 forberede spesielle tekstilprodukter med hjelp av kreativiteten til v\u00e5rt spesialistteam.<\/p><p>Er du klar for \u00e5 bli mer kjent? Vi tilbyr tjenester av h\u00f8y kvalitet, som kuttting, trykking &amp; brodering, sying, stryking, pakking, og kvalitetskontrollsenheter med v\u00e5re 50, god kvalifiserte ansatte ved \u00e5 legge fokus p\u00e5 arbeidsforhold og rettigheter p\u00e5 v\u00e5rt produksjonsomr\u00e5de p\u00e5 1000 m\u00b2 i Istanbul. Vi arbeider innenfor mange omr\u00e5der, inkluder hverdagskl\u00e6r, kontorantrekk, arbeidskl\u00e6r, skoleuniformer, og kampanjeprodukter, i tillegg til at vi produserer sofistikerte kl\u00e6r.<\/p><p>Vi, som Too Fabric, tilbyr deg ulike spesialtilpassede produkter, som T-Skjorter, Poloer, Gensere, Hettegensere, Polarjakker, Jakker, Frakker, Parkaer, Bukser, Shorts, Tights, Tilbeh\u00f8r, Bagger &amp; Vesker, Hatter, Forkl\u00e6r, Capser, og H\u00e5ndkl\u00e6r.<\/p>\t\t\t\t\t\t\t\t<\/div>\n\t\t\t\t<\/div>\n\t\t\t\t<div class=\"elementor-element elementor-element-e95dfd2 elementor-widget elementor-widget-image\" data-id=\"e95dfd2\" data-element_type=\"widget\" data-e-type=\"widget\" data-widget_type=\"image.default\">\n\t\t\t\t<div class=\"elementor-widget-container\">\n\t\t\t\t\t\t\t\t\t\t\t\t\t\t\t<img decoding=\"async\" width=\"200\" height=\"71\" src=\"https:\/\/toofabric.com\/wp-content\/uploads\/2019\/09\/Who-We-Are.jpg\" class=\"attachment-large size-large wp-image-4034\" alt=\"Who We Are\" \/>\t\t\t\t\t\t\t\t\t\t\t\t\t\t\t<\/div>\n\t\t\t\t<\/div>\n\t\t\t\t\t<\/div>\n\t\t<\/div>\n\t\t\t\t\t<\/div>\n\t\t<\/section>\n\t\t\t\t<section class=\"elementor-section elementor-top-section elementor-element elementor-element-49ec6e1 elementor-section-boxed elementor-section-height-default elementor-section-height-default\" data-id=\"49ec6e1\" data-element_type=\"section\" data-e-type=\"section\" data-settings=\"{&quot;background_background&quot;:&quot;classic&quot;,&quot;jet_parallax_layout_list&quot;:[]}\">\n\t\t\t\t\t\t<div class=\"elementor-container elementor-column-gap-default\">\n\t\t\t\t\t<div class=\"elementor-column elementor-col-100 elementor-top-column elementor-element elementor-element-c5f2f04\" data-id=\"c5f2f04\" data-element_type=\"column\" data-e-type=\"column\">\n\t\t\t<div class=\"elementor-widget-wrap elementor-element-populated\">\n\t\t\t\t\t\t<div class=\"elementor-element elementor-element-e8a080c elementor-widget elementor-widget-heading\" data-id=\"e8a080c\" data-element_type=\"widget\" data-e-type=\"widget\" data-widget_type=\"heading.default\">\n\t\t\t\t<div class=\"elementor-widget-container\">\n\t\t\t\t\t<h2 class=\"elementor-heading-title elementor-size-default\"><b>F\u00e5 Et Pristilbud<\/b><br>Gj\u00f8r Merket Ditt Eksklusivt<\/h2>\t\t\t\t<\/div>\n\t\t\t\t<\/div>\n\t\t\t\t<div class=\"elementor-element elementor-element-eb435d8 elementor-align-center elementor-widget elementor-widget-button\" data-id=\"eb435d8\" data-element_type=\"widget\" data-e-type=\"widget\" data-widget_type=\"button.default\">\n\t\t\t\t<div class=\"elementor-widget-container\">\n\t\t\t\t\t\t\t\t\t<div class=\"elementor-button-wrapper\">\n\t\t\t\t\t<a class=\"elementor-button elementor-button-link elementor-size-md\" href=\"https:\/\/toofabric.com\/no\/kontakt\/\">\n\t\t\t\t\t\t<span class=\"elementor-button-content-wrapper\">\n\t\t\t\t\t\t<span class=\"elementor-button-icon\">\n\t\t\t\t\t\t\t<\/span>\n\t\t\t\t\t\t\t\t\t<span class=\"elementor-button-text\">Kontakt Oss<\/span>\n\t\t\t\t\t<\/span>\n\t\t\t\t\t<\/a>\n\t\t\t\t<\/div>\n\t\t\t\t\t\t\t\t<\/div>\n\t\t\t\t<\/div>\n\t\t\t\t\t<\/div>\n\t\t<\/div>\n\t\t\t\t\t<\/div>\n\t\t<\/section>\n\t\t\t\t<\/div>\n\t\t","protected":false},"excerpt":{"rendered":"<p>Hvem Vi Er Hva med \u00e5 fremstille merket ditt med en mer personlig og spesialtilpasset visjon? Vi st\u00e5r klare til \u00e5 gj\u00f8re dine dr\u00f8mmer til virkelighet ved \u00e5 forberede spesielle tekstilprodukter med hjelp av kreativiteten til v\u00e5rt spesialistteam. Er du klar for \u00e5 bli mer kjent? Vi tilbyr tjenester av h\u00f8y kvalitet, som kuttting, trykking &#8230; <a title=\"Hvem Vi Er\" class=\"read-more\" href=\"https:\/\/toofabric.com\/no\/hvem-vi-er\/\" aria-label=\"Read more about Hvem Vi Er\">Les mer<\/a><\/p>\n","protected":false},"author":1,"featured_media":37426,"parent":0,"menu_order":0,"comment_status":"closed","ping_status":"closed","template":"","meta":{"inline_featured_image":false,"footnotes":""},"class_list":["post-8067","page","type-page","status-publish","has-post-thumbnail"],"yoast_head":"<!-- This site is optimized with the Yoast SEO plugin v27.3 - https:\/\/yoast.com\/product\/yoast-seo-wordpress\/ -->\n<title>Hvem Vi Er | Too Fabric | Spesialtilpasset klesprodusent i Tyrkia<\/title>\n<meta name=\"description\" content=\"Hva med \u00e5 fremstille merket ditt med en mer personlig og spesialtilpasset visjon? L\u00e6r hvem vi er og hvordan vi kan markedsf\u00f8re merkevaren din!\" \/>\n<meta name=\"robots\" content=\"index, follow, max-snippet:-1, max-image-preview:large, max-video-preview:-1\" \/>\n<link rel=\"canonical\" href=\"https:\/\/toofabric.com\/no\/hvem-vi-er\/\" \/>\n<meta property=\"og:locale\" content=\"nb_NO\" \/>\n<meta property=\"og:type\" content=\"article\" \/>\n<meta property=\"og:title\" content=\"Hvem Vi Er | Too Fabric | Spesialtilpasset klesprodusent i Tyrkia\" \/>\n<meta property=\"og:description\" content=\"Hva med \u00e5 fremstille merket ditt med en mer personlig og spesialtilpasset visjon? L\u00e6r hvem vi er og hvordan vi kan markedsf\u00f8re merkevaren din!\" \/>\n<meta property=\"og:url\" content=\"https:\/\/toofabric.com\/no\/hvem-vi-er\/\" \/>\n<meta property=\"og:site_name\" content=\"Too Fabric\" \/>\n<meta property=\"article:modified_time\" content=\"2020-11-01T15:07:37+00:00\" \/>\n<meta property=\"og:image\" content=\"https:\/\/toofabric.com\/wp-content\/uploads\/2019\/09\/Who-We-Are.jpg\" \/>\n<meta name=\"twitter:card\" content=\"summary_large_image\" \/>\n<meta name=\"twitter:label1\" content=\"Ansl. lesetid\" \/>\n\t<meta name=\"twitter:data1\" content=\"1 minutt\" \/>\n<script type=\"application\/ld+json\" class=\"yoast-schema-graph\">{\"@context\":\"https:\\\/\\\/schema.org\",\"@graph\":[{\"@type\":\"WebPage\",\"@id\":\"https:\\\/\\\/toofabric.com\\\/no\\\/hvem-vi-er\\\/\",\"url\":\"https:\\\/\\\/toofabric.com\\\/no\\\/hvem-vi-er\\\/\",\"name\":\"Hvem Vi Er | Too Fabric | Spesialtilpasset klesprodusent i Tyrkia\",\"isPartOf\":{\"@id\":\"https:\\\/\\\/toofabric.com\\\/no\\\/#website\"},\"primaryImageOfPage\":{\"@id\":\"https:\\\/\\\/toofabric.com\\\/no\\\/hvem-vi-er\\\/#primaryimage\"},\"image\":{\"@id\":\"https:\\\/\\\/toofabric.com\\\/no\\\/hvem-vi-er\\\/#primaryimage\"},\"thumbnailUrl\":\"https:\\\/\\\/toofabric.com\\\/wp-content\\\/uploads\\\/2024\\\/07\\\/4050KirmiziS-5.jpg\",\"datePublished\":\"2020-11-01T12:45:55+00:00\",\"dateModified\":\"2020-11-01T15:07:37+00:00\",\"description\":\"Hva med \u00e5 fremstille merket ditt med en mer personlig og spesialtilpasset visjon? L\u00e6r hvem vi er og hvordan vi kan markedsf\u00f8re merkevaren din!\",\"breadcrumb\":{\"@id\":\"https:\\\/\\\/toofabric.com\\\/no\\\/hvem-vi-er\\\/#breadcrumb\"},\"inLanguage\":\"nb-NO\",\"potentialAction\":[{\"@type\":\"ReadAction\",\"target\":[\"https:\\\/\\\/toofabric.com\\\/no\\\/hvem-vi-er\\\/\"]}]},{\"@type\":\"ImageObject\",\"inLanguage\":\"nb-NO\",\"@id\":\"https:\\\/\\\/toofabric.com\\\/no\\\/hvem-vi-er\\\/#primaryimage\",\"url\":\"https:\\\/\\\/toofabric.com\\\/wp-content\\\/uploads\\\/2024\\\/07\\\/4050KirmiziS-5.jpg\",\"contentUrl\":\"https:\\\/\\\/toofabric.com\\\/wp-content\\\/uploads\\\/2024\\\/07\\\/4050KirmiziS-5.jpg\",\"width\":1200,\"height\":1800,\"caption\":\"4050 (Red) | Too Fabric | Wholesale Lingerie Manufacturer\"},{\"@type\":\"BreadcrumbList\",\"@id\":\"https:\\\/\\\/toofabric.com\\\/no\\\/hvem-vi-er\\\/#breadcrumb\",\"itemListElement\":[{\"@type\":\"ListItem\",\"position\":1,\"name\":\"Home\",\"item\":\"https:\\\/\\\/toofabric.com\\\/no\\\/\"},{\"@type\":\"ListItem\",\"position\":2,\"name\":\"Hvem Vi Er\"}]},{\"@type\":\"WebSite\",\"@id\":\"https:\\\/\\\/toofabric.com\\\/no\\\/#website\",\"url\":\"https:\\\/\\\/toofabric.com\\\/no\\\/\",\"name\":\"Too Fabric\",\"description\":\"Custom Clothing Manufacturer\",\"publisher\":{\"@id\":\"https:\\\/\\\/toofabric.com\\\/no\\\/#organization\"},\"potentialAction\":[{\"@type\":\"SearchAction\",\"target\":{\"@type\":\"EntryPoint\",\"urlTemplate\":\"https:\\\/\\\/toofabric.com\\\/no\\\/?s={search_term_string}\"},\"query-input\":{\"@type\":\"PropertyValueSpecification\",\"valueRequired\":true,\"valueName\":\"search_term_string\"}}],\"inLanguage\":\"nb-NO\"},{\"@type\":\"Organization\",\"@id\":\"https:\\\/\\\/toofabric.com\\\/no\\\/#organization\",\"name\":\"Too Fabric\",\"url\":\"https:\\\/\\\/toofabric.com\\\/no\\\/\",\"logo\":{\"@type\":\"ImageObject\",\"inLanguage\":\"nb-NO\",\"@id\":\"https:\\\/\\\/toofabric.com\\\/no\\\/#\\\/schema\\\/logo\\\/image\\\/\",\"url\":\"https:\\\/\\\/toofabric.com\\\/wp-content\\\/uploads\\\/2019\\\/08\\\/Too-Fabric-1.svg\",\"contentUrl\":\"https:\\\/\\\/toofabric.com\\\/wp-content\\\/uploads\\\/2019\\\/08\\\/Too-Fabric-1.svg\",\"width\":1,\"height\":1,\"caption\":\"Too Fabric\"},\"image\":{\"@id\":\"https:\\\/\\\/toofabric.com\\\/no\\\/#\\\/schema\\\/logo\\\/image\\\/\"},\"sameAs\":[\"https:\\\/\\\/www.instagram.com\\\/toofabric\\\/\",\"https:\\\/\\\/tr.linkedin.com\\\/company\\\/too-fabric?trk=public_profile_topcard_current_company\",\"https:\\\/\\\/www.youtube.com\\\/channel\\\/UCSlIhMOl6lVRT7kZd8_iBRg\"]}]}<\/script>\n<!-- \/ Yoast SEO plugin. -->","yoast_head_json":{"title":"Hvem Vi Er | Too Fabric | Spesialtilpasset klesprodusent i Tyrkia","description":"Hva med \u00e5 fremstille merket ditt med en mer personlig og spesialtilpasset visjon? L\u00e6r hvem vi er og hvordan vi kan markedsf\u00f8re merkevaren din!","robots":{"index":"index","follow":"follow","max-snippet":"max-snippet:-1","max-image-preview":"max-image-preview:large","max-video-preview":"max-video-preview:-1"},"canonical":"https:\/\/toofabric.com\/no\/hvem-vi-er\/","og_locale":"nb_NO","og_type":"article","og_title":"Hvem Vi Er | Too Fabric | Spesialtilpasset klesprodusent i Tyrkia","og_description":"Hva med \u00e5 fremstille merket ditt med en mer personlig og spesialtilpasset visjon? L\u00e6r hvem vi er og hvordan vi kan markedsf\u00f8re merkevaren din!","og_url":"https:\/\/toofabric.com\/no\/hvem-vi-er\/","og_site_name":"Too Fabric","article_modified_time":"2020-11-01T15:07:37+00:00","og_image":[{"url":"https:\/\/toofabric.com\/wp-content\/uploads\/2019\/09\/Who-We-Are.jpg","type":"","width":"","height":""}],"twitter_card":"summary_large_image","twitter_misc":{"Ansl. lesetid":"1 minutt"},"schema":{"@context":"https:\/\/schema.org","@graph":[{"@type":"WebPage","@id":"https:\/\/toofabric.com\/no\/hvem-vi-er\/","url":"https:\/\/toofabric.com\/no\/hvem-vi-er\/","name":"Hvem Vi Er | Too Fabric | Spesialtilpasset klesprodusent i Tyrkia","isPartOf":{"@id":"https:\/\/toofabric.com\/no\/#website"},"primaryImageOfPage":{"@id":"https:\/\/toofabric.com\/no\/hvem-vi-er\/#primaryimage"},"image":{"@id":"https:\/\/toofabric.com\/no\/hvem-vi-er\/#primaryimage"},"thumbnailUrl":"https:\/\/toofabric.com\/wp-content\/uploads\/2024\/07\/4050KirmiziS-5.jpg","datePublished":"2020-11-01T12:45:55+00:00","dateModified":"2020-11-01T15:07:37+00:00","description":"Hva med \u00e5 fremstille merket ditt med en mer personlig og spesialtilpasset visjon? L\u00e6r hvem vi er og hvordan vi kan markedsf\u00f8re merkevaren din!","breadcrumb":{"@id":"https:\/\/toofabric.com\/no\/hvem-vi-er\/#breadcrumb"},"inLanguage":"nb-NO","potentialAction":[{"@type":"ReadAction","target":["https:\/\/toofabric.com\/no\/hvem-vi-er\/"]}]},{"@type":"ImageObject","inLanguage":"nb-NO","@id":"https:\/\/toofabric.com\/no\/hvem-vi-er\/#primaryimage","url":"https:\/\/toofabric.com\/wp-content\/uploads\/2024\/07\/4050KirmiziS-5.jpg","contentUrl":"https:\/\/toofabric.com\/wp-content\/uploads\/2024\/07\/4050KirmiziS-5.jpg","width":1200,"height":1800,"caption":"4050 (Red) | Too Fabric | Wholesale Lingerie Manufacturer"},{"@type":"BreadcrumbList","@id":"https:\/\/toofabric.com\/no\/hvem-vi-er\/#breadcrumb","itemListElement":[{"@type":"ListItem","position":1,"name":"Home","item":"https:\/\/toofabric.com\/no\/"},{"@type":"ListItem","position":2,"name":"Hvem Vi Er"}]},{"@type":"WebSite","@id":"https:\/\/toofabric.com\/no\/#website","url":"https:\/\/toofabric.com\/no\/","name":"Too Fabric","description":"Custom Clothing Manufacturer","publisher":{"@id":"https:\/\/toofabric.com\/no\/#organization"},"potentialAction":[{"@type":"SearchAction","target":{"@type":"EntryPoint","urlTemplate":"https:\/\/toofabric.com\/no\/?s={search_term_string}"},"query-input":{"@type":"PropertyValueSpecification","valueRequired":true,"valueName":"search_term_string"}}],"inLanguage":"nb-NO"},{"@type":"Organization","@id":"https:\/\/toofabric.com\/no\/#organization","name":"Too Fabric","url":"https:\/\/toofabric.com\/no\/","logo":{"@type":"ImageObject","inLanguage":"nb-NO","@id":"https:\/\/toofabric.com\/no\/#\/schema\/logo\/image\/","url":"https:\/\/toofabric.com\/wp-content\/uploads\/2019\/08\/Too-Fabric-1.svg","contentUrl":"https:\/\/toofabric.com\/wp-content\/uploads\/2019\/08\/Too-Fabric-1.svg","width":1,"height":1,"caption":"Too Fabric"},"image":{"@id":"https:\/\/toofabric.com\/no\/#\/schema\/logo\/image\/"},"sameAs":["https:\/\/www.instagram.com\/toofabric\/","https:\/\/tr.linkedin.com\/company\/too-fabric?trk=public_profile_topcard_current_company","https:\/\/www.youtube.com\/channel\/UCSlIhMOl6lVRT7kZd8_iBRg"]}]}},"_links":{"self":[{"href":"https:\/\/toofabric.com\/no\/wp-json\/wp\/v2\/pages\/8067","targetHints":{"allow":["GET"]}}],"collection":[{"href":"https:\/\/toofabric.com\/no\/wp-json\/wp\/v2\/pages"}],"about":[{"href":"https:\/\/toofabric.com\/no\/wp-json\/wp\/v2\/types\/page"}],"author":[{"embeddable":true,"href":"https:\/\/toofabric.com\/no\/wp-json\/wp\/v2\/users\/1"}],"replies":[{"embeddable":true,"href":"https:\/\/toofabric.com\/no\/wp-json\/wp\/v2\/comments?post=8067"}],"version-history":[{"count":0,"href":"https:\/\/toofabric.com\/no\/wp-json\/wp\/v2\/pages\/8067\/revisions"}],"wp:featuredmedia":[{"embeddable":true,"href":"https:\/\/toofabric.com\/no\/wp-json\/wp\/v2\/media\/37426"}],"wp:attachment":[{"href":"https:\/\/toofabric.com\/no\/wp-json\/wp\/v2\/media?parent=8067"}],"curies":[{"name":"wp","href":"https:\/\/api.w.org\/{rel}","templated":true}]}}