{"id":8211,"date":"2020-11-01T14:49:17","date_gmt":"2020-11-01T14:49:17","guid":{"rendered":"https:\/\/toofabric.com\/?page_id=8211"},"modified":"2026-03-18T09:49:31","modified_gmt":"2026-03-18T09:49:31","slug":"kontakt","status":"publish","type":"page","link":"https:\/\/toofabric.com\/no\/kontakt\/","title":{"rendered":"Kontakt"},"content":{"rendered":"\t\t<div data-elementor-type=\"wp-post\" data-elementor-id=\"8211\" class=\"elementor elementor-8211\" data-elementor-post-type=\"page\">\n\t\t\t\t\t\t<section class=\"elementor-section elementor-top-section elementor-element elementor-element-4356873 elementor-section-boxed elementor-section-height-default elementor-section-height-default\" data-id=\"4356873\" data-element_type=\"section\" data-e-type=\"section\" data-settings=\"{&quot;jet_parallax_layout_list&quot;:[]}\">\n\t\t\t\t\t\t<div class=\"elementor-container elementor-column-gap-no\">\n\t\t\t\t\t<div class=\"elementor-column elementor-col-100 elementor-top-column elementor-element elementor-element-f35888f\" data-id=\"f35888f\" data-element_type=\"column\" data-e-type=\"column\">\n\t\t\t<div class=\"elementor-widget-wrap elementor-element-populated\">\n\t\t\t\t\t\t<div class=\"elementor-element elementor-element-f3f75a8 elementor-widget elementor-widget-heading\" data-id=\"f3f75a8\" data-element_type=\"widget\" data-e-type=\"widget\" data-widget_type=\"heading.default\">\n\t\t\t\t<div class=\"elementor-widget-container\">\n\t\t\t\t\t<h1 class=\"elementor-heading-title elementor-size-default\">Kontakt<\/h1>\t\t\t\t<\/div>\n\t\t\t\t<\/div>\n\t\t\t\t<div class=\"elementor-element elementor-element-7d0ef1f elementor-widget elementor-widget-text-editor\" data-id=\"7d0ef1f\" data-element_type=\"widget\" data-e-type=\"widget\" data-widget_type=\"text-editor.default\">\n\t\t\t\t<div class=\"elementor-widget-container\">\n\t\t\t\t\t\t\t\t\t<p>Kozyatagi Mh. Kircicegi Sk. No: 1, Istanbul, Turkey<\/p><p><span style=\"font-weight: 800;\">+90 545 626 44 01<br \/>info@toofabric.com<\/span><\/p>\t\t\t\t\t\t\t\t<\/div>\n\t\t\t\t<\/div>\n\t\t\t\t\t<\/div>\n\t\t<\/div>\n\t\t\t\t\t<\/div>\n\t\t<\/section>\n\t\t\t\t<section class=\"elementor-section elementor-top-section elementor-element elementor-element-d94ffb6 elementor-section-full_width elementor-section-height-default elementor-section-height-default\" data-id=\"d94ffb6\" data-element_type=\"section\" data-e-type=\"section\" data-settings=\"{&quot;jet_parallax_layout_list&quot;:[]}\">\n\t\t\t\t\t\t<div class=\"elementor-container elementor-column-gap-no\">\n\t\t\t\t\t<div class=\"elementor-column elementor-col-100 elementor-top-column elementor-element elementor-element-c91613b\" data-id=\"c91613b\" data-element_type=\"column\" data-e-type=\"column\">\n\t\t\t<div class=\"elementor-widget-wrap elementor-element-populated\">\n\t\t\t\t\t\t<div class=\"elementor-element elementor-element-0fd01e3 elementor-widget elementor-widget-text-editor\" data-id=\"0fd01e3\" data-element_type=\"widget\" data-e-type=\"widget\" data-widget_type=\"text-editor.default\">\n\t\t\t\t<div class=\"elementor-widget-container\">\n\t\t\t\t\t\t\t\t\t<p class=\"font_7\"><strong><span style=\"text-decoration: underline;\">Please note that our services are only offered in English.<\/span><\/strong><br \/><span style=\"text-decoration: underline;\"><strong>V\u00e6r oppmerksom p\u00e5 at tjenestene v\u00e5re kun tilbys p\u00e5 engelsk.<\/strong><\/span><\/p>\t\t\t\t\t\t\t\t<\/div>\n\t\t\t\t<\/div>\n\t\t\t\t<div class=\"elementor-element elementor-element-2917bdd elementor-widget elementor-widget-google_maps\" data-id=\"2917bdd\" data-element_type=\"widget\" data-e-type=\"widget\" data-widget_type=\"google_maps.default\">\n\t\t\t\t<div class=\"elementor-widget-container\">\n\t\t\t\t\t\t\t<div class=\"elementor-custom-embed\">\n\t\t\t<iframe loading=\"lazy\"\n\t\t\t\t\tsrc=\"https:\/\/www.google.com\/maps\/embed\/v1\/place?key=AIzaSyAVltOynQae-V1dun6qlOpWJFCXXLKN0fo&#038;q=Too%20Fabric&#038;zoom=8\"\n\t\t\t\t\ttitle=\"Too Fabric\"\n\t\t\t\t\taria-label=\"Too Fabric\"\n\t\t\t><\/iframe>\n\t\t<\/div>\n\t\t\t\t\t\t<\/div>\n\t\t\t\t<\/div>\n\t\t\t\t\t<\/div>\n\t\t<\/div>\n\t\t\t\t\t<\/div>\n\t\t<\/section>\n\t\t\t\t<section class=\"elementor-section elementor-top-section elementor-element elementor-element-6f17a770 elementor-section-content-middle elementor-section-boxed elementor-section-height-default elementor-section-height-default\" data-id=\"6f17a770\" data-element_type=\"section\" data-e-type=\"section\" data-settings=\"{&quot;background_background&quot;:&quot;classic&quot;,&quot;jet_parallax_layout_list&quot;:[]}\">\n\t\t\t\t\t\t<div class=\"elementor-container elementor-column-gap-no\">\n\t\t\t\t\t<div class=\"elementor-column elementor-col-100 elementor-top-column elementor-element elementor-element-4bf22892\" data-id=\"4bf22892\" data-element_type=\"column\" data-e-type=\"column\" data-settings=\"{&quot;background_background&quot;:&quot;classic&quot;}\">\n\t\t\t<div class=\"elementor-widget-wrap elementor-element-populated\">\n\t\t\t\t\t\t<div class=\"elementor-element elementor-element-256b4ab7 elementor-widget elementor-widget-heading\" data-id=\"256b4ab7\" data-element_type=\"widget\" data-e-type=\"widget\" data-widget_type=\"heading.default\">\n\t\t\t\t<div class=\"elementor-widget-container\">\n\t\t\t\t\t<h2 class=\"elementor-heading-title elementor-size-default\">Kontakt Oss<\/h2>\t\t\t\t<\/div>\n\t\t\t\t<\/div>\n\t\t\t\t<div class=\"elementor-element elementor-element-36e8133 elementor-widget elementor-widget-text-editor\" data-id=\"36e8133\" data-element_type=\"widget\" data-e-type=\"widget\" data-widget_type=\"text-editor.default\">\n\t\t\t\t<div class=\"elementor-widget-container\">\n\t\t\t\t\t\t\t\t\t<p>Vi \u00f8nsker at du sender oss f\u00f8lgende detaljer for \u00e5 kunne gi deg et pristilbud:<\/p><ul><li>Ordreantall per stil og stoffarge<\/li><li>Design og bilder som beskriver produktene<\/li><li>Logoer som skal brukes p\u00e5 produktene med dimensjoner (bredden er nok, h\u00f8yden vil kalkuleres proporsjonalt)<\/li><li>Logoenes posisjon p\u00e5 produktene<\/li><li>P\u00e5f\u00f8ringsteknikk (brodering, skjermtrykking, digital trykking, flokktrykking, sublimering, osv.)<\/li><li>Stofftype (dersom du ikke har informasjon relatert til det beste stoffet til ditt prosjekt, veileder vi deg gjerne.)<\/li><li>Vennligst last opp design og bilder som beskriver produktene<\/li><li>Vennligst last opp logoene du \u00f8nsker \u00e5 bruke p\u00e5 produktene<\/li><\/ul><div><p>Send oss gjerne en e-post eller ring oss dersom du har sp\u00f8rsm\u00e5l.<\/p><\/div>\t\t\t\t\t\t\t\t<\/div>\n\t\t\t\t<\/div>\n\t\t\t\t<div class=\"elementor-element elementor-element-5fb98cf4 elementor-button-align-center elementor-widget elementor-widget-form\" data-id=\"5fb98cf4\" data-element_type=\"widget\" data-e-type=\"widget\" data-settings=\"{&quot;step_next_label&quot;:&quot;Next&quot;,&quot;step_previous_label&quot;:&quot;Previous&quot;,&quot;button_width&quot;:&quot;100&quot;,&quot;step_type&quot;:&quot;number_text&quot;,&quot;step_icon_shape&quot;:&quot;circle&quot;}\" data-widget_type=\"form.default\">\n\t\t\t\t<div class=\"elementor-widget-container\">\n\t\t\t\t\t\t\t<form class=\"elementor-form\" method=\"post\" name=\"New Form\" aria-label=\"New Form\">\n\t\t\t<input type=\"hidden\" name=\"post_id\" value=\"8211\"\/>\n\t\t\t<input type=\"hidden\" name=\"form_id\" value=\"5fb98cf4\"\/>\n\t\t\t<input type=\"hidden\" name=\"referer_title\" value=\"Kontakt | Too Fabric | Spesialtilpasset klesprodusent i Tyrkia\" \/>\n\n\t\t\t\t\t\t\t<input type=\"hidden\" name=\"queried_id\" value=\"8211\"\/>\n\t\t\t\n\t\t\t<div class=\"elementor-form-fields-wrapper elementor-labels-\">\n\t\t\t\t\t\t\t\t<div class=\"elementor-field-type-text elementor-field-group elementor-column elementor-field-group-name elementor-col-100 elementor-field-required\">\n\t\t\t\t\t\t\t\t\t\t\t\t<label for=\"form-field-name\" class=\"elementor-field-label elementor-screen-only\">\n\t\t\t\t\t\t\t\tNavn\t\t\t\t\t\t\t<\/label>\n\t\t\t\t\t\t\t\t\t\t\t\t\t\t<input size=\"1\" type=\"text\" name=\"form_fields[name]\" id=\"form-field-name\" class=\"elementor-field elementor-size-sm  elementor-field-textual\" placeholder=\"Navn\" required=\"required\">\n\t\t\t\t\t\t\t\t\t\t\t<\/div>\n\t\t\t\t\t\t\t\t<div class=\"elementor-field-type-email elementor-field-group elementor-column elementor-field-group-email elementor-col-100 elementor-field-required\">\n\t\t\t\t\t\t\t\t\t\t\t\t<label for=\"form-field-email\" class=\"elementor-field-label elementor-screen-only\">\n\t\t\t\t\t\t\t\tE-post\t\t\t\t\t\t\t<\/label>\n\t\t\t\t\t\t\t\t\t\t\t\t\t\t<input size=\"1\" type=\"email\" name=\"form_fields[email]\" id=\"form-field-email\" class=\"elementor-field elementor-size-sm  elementor-field-textual\" placeholder=\"E-post\" required=\"required\">\n\t\t\t\t\t\t\t\t\t\t\t<\/div>\n\t\t\t\t\t\t\t\t<div class=\"elementor-field-type-tel elementor-field-group elementor-column elementor-field-group-field_1 elementor-col-100 elementor-field-required\">\n\t\t\t\t\t\t\t\t\t\t\t\t<label for=\"form-field-field_1\" class=\"elementor-field-label elementor-screen-only\">\n\t\t\t\t\t\t\t\tTelefon\t\t\t\t\t\t\t<\/label>\n\t\t\t\t\t\t\t\t<input size=\"1\" type=\"tel\" name=\"form_fields[field_1]\" id=\"form-field-field_1\" class=\"elementor-field elementor-size-sm  elementor-field-textual\" placeholder=\"Telefon\" required=\"required\" pattern=\"[0-9()#&amp;+*-=.]+\" title=\"Only numbers and phone characters (#, -, *, etc) are accepted.\">\n\n\t\t\t\t\t\t<\/div>\n\t\t\t\t\t\t\t\t<div class=\"elementor-field-type-textarea elementor-field-group elementor-column elementor-field-group-field_2 elementor-col-100 elementor-field-required\">\n\t\t\t\t\t\t\t\t\t\t\t\t<label for=\"form-field-field_2\" class=\"elementor-field-label elementor-screen-only\">\n\t\t\t\t\t\t\t\tMelding\t\t\t\t\t\t\t<\/label>\n\t\t\t\t\t\t<textarea class=\"elementor-field-textual elementor-field  elementor-size-sm\" name=\"form_fields[field_2]\" id=\"form-field-field_2\" rows=\"4\" placeholder=\"Melding\" required=\"required\"><\/textarea>\t\t\t\t<\/div>\n\t\t\t\t\t\t\t\t<div class=\"elementor-field-type-upload elementor-field-group elementor-column elementor-field-group-field_3 elementor-col-100\">\n\t\t\t\t\t\t\t\t\t\t\t\t<label for=\"form-field-field_3\" class=\"elementor-field-label elementor-screen-only\">\n\t\t\t\t\t\t\t\tLast Opp Filer\t\t\t\t\t\t\t<\/label>\n\t\t\t\t\t\t\t\t<input type=\"file\" name=\"form_fields[field_3][]\" id=\"form-field-field_3\" class=\"elementor-field elementor-size-sm  elementor-upload-field\" multiple=\"multiple\" data-maxsize=\"2\" data-maxsize-message=\"This file exceeds the maximum allowed size.\">\n\n\t\t\t\t\t\t<\/div>\n\t\t\t\t\t\t\t\t<div class=\"elementor-field-group elementor-column elementor-field-type-submit elementor-col-100 e-form__buttons\">\n\t\t\t\t\t<button class=\"elementor-button elementor-size-md\" type=\"submit\">\n\t\t\t\t\t\t<span class=\"elementor-button-content-wrapper\">\n\t\t\t\t\t\t\t\t\t\t\t\t\t\t\t\t\t\t\t\t\t\t<span class=\"elementor-button-text\">Send Melding<\/span>\n\t\t\t\t\t\t\t\t\t\t\t\t\t<\/span>\n\t\t\t\t\t<\/button>\n\t\t\t\t<\/div>\n\t\t\t<\/div>\n\t\t<\/form>\n\t\t\t\t\t\t<\/div>\n\t\t\t\t<\/div>\n\t\t\t\t\t<\/div>\n\t\t<\/div>\n\t\t\t\t\t<\/div>\n\t\t<\/section>\n\t\t\t\t<\/div>\n\t\t","protected":false},"excerpt":{"rendered":"<p>Kontakt Kozyatagi Mh. Kircicegi Sk. No: 1, Istanbul, Turkey +90 545 626 44 01info@toofabric.com Please note that our services are only offered in English.V\u00e6r oppmerksom p\u00e5 at tjenestene v\u00e5re kun tilbys p\u00e5 engelsk. Kontakt Oss Vi \u00f8nsker at du sender oss f\u00f8lgende detaljer for \u00e5 kunne gi deg et pristilbud: Ordreantall per stil og stoffarge &#8230; <a title=\"Kontakt\" class=\"read-more\" href=\"https:\/\/toofabric.com\/no\/kontakt\/\" aria-label=\"Read more about Kontakt\">Les mer<\/a><\/p>\n","protected":false},"author":1,"featured_media":19587,"parent":0,"menu_order":0,"comment_status":"closed","ping_status":"closed","template":"","meta":{"inline_featured_image":false,"footnotes":""},"class_list":["post-8211","page","type-page","status-publish","has-post-thumbnail"],"yoast_head":"<!-- This site is optimized with the Yoast SEO plugin v27.4 - https:\/\/yoast.com\/product\/yoast-seo-wordpress\/ -->\n<title>Kontakt | Too Fabric | Spesialtilpasset klesprodusent i Tyrkia<\/title>\n<meta name=\"description\" content=\"Kontakt oss n\u00e5! F\u00e5 et pristilbud og gj\u00f8r merkevaren din eksklusiv! Vi ser frem til \u00e5 motta din e-post eller ringe.\" \/>\n<meta name=\"robots\" content=\"index, follow, max-snippet:-1, max-image-preview:large, max-video-preview:-1\" \/>\n<link rel=\"canonical\" href=\"https:\/\/toofabric.com\/no\/kontakt\/\" \/>\n<meta property=\"og:locale\" content=\"nb_NO\" \/>\n<meta property=\"og:type\" content=\"article\" \/>\n<meta property=\"og:title\" content=\"Kontakt | Too Fabric | Spesialtilpasset klesprodusent i Tyrkia\" \/>\n<meta property=\"og:description\" content=\"Kontakt oss n\u00e5! F\u00e5 et pristilbud og gj\u00f8r merkevaren din eksklusiv! Vi ser frem til \u00e5 motta din e-post eller ringe.\" \/>\n<meta property=\"og:url\" content=\"https:\/\/toofabric.com\/no\/kontakt\/\" \/>\n<meta property=\"og:site_name\" content=\"Too Fabric\" \/>\n<meta property=\"article:modified_time\" content=\"2026-03-18T09:49:31+00:00\" \/>\n<meta property=\"og:image\" content=\"https:\/\/toofabric.com\/wp-content\/uploads\/2022\/08\/Too-Fabric-Mobile-Logo.png\" \/>\n\t<meta property=\"og:image:width\" content=\"300\" \/>\n\t<meta property=\"og:image:height\" content=\"279\" \/>\n\t<meta property=\"og:image:type\" content=\"image\/png\" \/>\n<meta name=\"twitter:card\" content=\"summary_large_image\" \/>\n<meta name=\"twitter:label1\" content=\"Ansl. lesetid\" \/>\n\t<meta name=\"twitter:data1\" content=\"1 minutt\" \/>\n<script type=\"application\/ld+json\" class=\"yoast-schema-graph\">{\"@context\":\"https:\\\/\\\/schema.org\",\"@graph\":[{\"@type\":\"WebPage\",\"@id\":\"https:\\\/\\\/toofabric.com\\\/no\\\/kontakt\\\/\",\"url\":\"https:\\\/\\\/toofabric.com\\\/no\\\/kontakt\\\/\",\"name\":\"Kontakt | Too Fabric | Spesialtilpasset klesprodusent i Tyrkia\",\"isPartOf\":{\"@id\":\"https:\\\/\\\/toofabric.com\\\/no\\\/#website\"},\"primaryImageOfPage\":{\"@id\":\"https:\\\/\\\/toofabric.com\\\/no\\\/kontakt\\\/#primaryimage\"},\"image\":{\"@id\":\"https:\\\/\\\/toofabric.com\\\/no\\\/kontakt\\\/#primaryimage\"},\"thumbnailUrl\":\"https:\\\/\\\/toofabric.com\\\/wp-content\\\/uploads\\\/2022\\\/08\\\/Too-Fabric-Mobile-Logo.png\",\"datePublished\":\"2020-11-01T14:49:17+00:00\",\"dateModified\":\"2026-03-18T09:49:31+00:00\",\"description\":\"Kontakt oss n\u00e5! F\u00e5 et pristilbud og gj\u00f8r merkevaren din eksklusiv! Vi ser frem til \u00e5 motta din e-post eller ringe.\",\"breadcrumb\":{\"@id\":\"https:\\\/\\\/toofabric.com\\\/no\\\/kontakt\\\/#breadcrumb\"},\"inLanguage\":\"nb-NO\",\"potentialAction\":[{\"@type\":\"ReadAction\",\"target\":[\"https:\\\/\\\/toofabric.com\\\/no\\\/kontakt\\\/\"]}]},{\"@type\":\"ImageObject\",\"inLanguage\":\"nb-NO\",\"@id\":\"https:\\\/\\\/toofabric.com\\\/no\\\/kontakt\\\/#primaryimage\",\"url\":\"https:\\\/\\\/toofabric.com\\\/wp-content\\\/uploads\\\/2022\\\/08\\\/Too-Fabric-Mobile-Logo.png\",\"contentUrl\":\"https:\\\/\\\/toofabric.com\\\/wp-content\\\/uploads\\\/2022\\\/08\\\/Too-Fabric-Mobile-Logo.png\",\"width\":300,\"height\":279,\"caption\":\"Too Fabric Custom T-shirt and Hoodie Manufacturer\"},{\"@type\":\"BreadcrumbList\",\"@id\":\"https:\\\/\\\/toofabric.com\\\/no\\\/kontakt\\\/#breadcrumb\",\"itemListElement\":[{\"@type\":\"ListItem\",\"position\":1,\"name\":\"Home\",\"item\":\"https:\\\/\\\/toofabric.com\\\/no\\\/\"},{\"@type\":\"ListItem\",\"position\":2,\"name\":\"Kontakt\"}]},{\"@type\":\"WebSite\",\"@id\":\"https:\\\/\\\/toofabric.com\\\/no\\\/#website\",\"url\":\"https:\\\/\\\/toofabric.com\\\/no\\\/\",\"name\":\"Too Fabric\",\"description\":\"Custom Clothing Manufacturer\",\"publisher\":{\"@id\":\"https:\\\/\\\/toofabric.com\\\/no\\\/#organization\"},\"potentialAction\":[{\"@type\":\"SearchAction\",\"target\":{\"@type\":\"EntryPoint\",\"urlTemplate\":\"https:\\\/\\\/toofabric.com\\\/no\\\/?s={search_term_string}\"},\"query-input\":{\"@type\":\"PropertyValueSpecification\",\"valueRequired\":true,\"valueName\":\"search_term_string\"}}],\"inLanguage\":\"nb-NO\"},{\"@type\":\"Organization\",\"@id\":\"https:\\\/\\\/toofabric.com\\\/no\\\/#organization\",\"name\":\"Too Fabric\",\"url\":\"https:\\\/\\\/toofabric.com\\\/no\\\/\",\"logo\":{\"@type\":\"ImageObject\",\"inLanguage\":\"nb-NO\",\"@id\":\"https:\\\/\\\/toofabric.com\\\/no\\\/#\\\/schema\\\/logo\\\/image\\\/\",\"url\":\"https:\\\/\\\/toofabric.com\\\/wp-content\\\/uploads\\\/2019\\\/08\\\/Too-Fabric-1.svg\",\"contentUrl\":\"https:\\\/\\\/toofabric.com\\\/wp-content\\\/uploads\\\/2019\\\/08\\\/Too-Fabric-1.svg\",\"width\":1,\"height\":1,\"caption\":\"Too Fabric\"},\"image\":{\"@id\":\"https:\\\/\\\/toofabric.com\\\/no\\\/#\\\/schema\\\/logo\\\/image\\\/\"},\"sameAs\":[\"https:\\\/\\\/www.instagram.com\\\/toofabric\\\/\",\"https:\\\/\\\/tr.linkedin.com\\\/company\\\/too-fabric?trk=public_profile_topcard_current_company\",\"https:\\\/\\\/www.youtube.com\\\/channel\\\/UCSlIhMOl6lVRT7kZd8_iBRg\"]}]}<\/script>\n<!-- \/ Yoast SEO plugin. -->","yoast_head_json":{"title":"Kontakt | Too Fabric | Spesialtilpasset klesprodusent i Tyrkia","description":"Kontakt oss n\u00e5! F\u00e5 et pristilbud og gj\u00f8r merkevaren din eksklusiv! Vi ser frem til \u00e5 motta din e-post eller ringe.","robots":{"index":"index","follow":"follow","max-snippet":"max-snippet:-1","max-image-preview":"max-image-preview:large","max-video-preview":"max-video-preview:-1"},"canonical":"https:\/\/toofabric.com\/no\/kontakt\/","og_locale":"nb_NO","og_type":"article","og_title":"Kontakt | Too Fabric | Spesialtilpasset klesprodusent i Tyrkia","og_description":"Kontakt oss n\u00e5! F\u00e5 et pristilbud og gj\u00f8r merkevaren din eksklusiv! Vi ser frem til \u00e5 motta din e-post eller ringe.","og_url":"https:\/\/toofabric.com\/no\/kontakt\/","og_site_name":"Too Fabric","article_modified_time":"2026-03-18T09:49:31+00:00","og_image":[{"width":300,"height":279,"url":"https:\/\/toofabric.com\/wp-content\/uploads\/2022\/08\/Too-Fabric-Mobile-Logo.png","type":"image\/png"}],"twitter_card":"summary_large_image","twitter_misc":{"Ansl. lesetid":"1 minutt"},"schema":{"@context":"https:\/\/schema.org","@graph":[{"@type":"WebPage","@id":"https:\/\/toofabric.com\/no\/kontakt\/","url":"https:\/\/toofabric.com\/no\/kontakt\/","name":"Kontakt | Too Fabric | Spesialtilpasset klesprodusent i Tyrkia","isPartOf":{"@id":"https:\/\/toofabric.com\/no\/#website"},"primaryImageOfPage":{"@id":"https:\/\/toofabric.com\/no\/kontakt\/#primaryimage"},"image":{"@id":"https:\/\/toofabric.com\/no\/kontakt\/#primaryimage"},"thumbnailUrl":"https:\/\/toofabric.com\/wp-content\/uploads\/2022\/08\/Too-Fabric-Mobile-Logo.png","datePublished":"2020-11-01T14:49:17+00:00","dateModified":"2026-03-18T09:49:31+00:00","description":"Kontakt oss n\u00e5! F\u00e5 et pristilbud og gj\u00f8r merkevaren din eksklusiv! Vi ser frem til \u00e5 motta din e-post eller ringe.","breadcrumb":{"@id":"https:\/\/toofabric.com\/no\/kontakt\/#breadcrumb"},"inLanguage":"nb-NO","potentialAction":[{"@type":"ReadAction","target":["https:\/\/toofabric.com\/no\/kontakt\/"]}]},{"@type":"ImageObject","inLanguage":"nb-NO","@id":"https:\/\/toofabric.com\/no\/kontakt\/#primaryimage","url":"https:\/\/toofabric.com\/wp-content\/uploads\/2022\/08\/Too-Fabric-Mobile-Logo.png","contentUrl":"https:\/\/toofabric.com\/wp-content\/uploads\/2022\/08\/Too-Fabric-Mobile-Logo.png","width":300,"height":279,"caption":"Too Fabric Custom T-shirt and Hoodie Manufacturer"},{"@type":"BreadcrumbList","@id":"https:\/\/toofabric.com\/no\/kontakt\/#breadcrumb","itemListElement":[{"@type":"ListItem","position":1,"name":"Home","item":"https:\/\/toofabric.com\/no\/"},{"@type":"ListItem","position":2,"name":"Kontakt"}]},{"@type":"WebSite","@id":"https:\/\/toofabric.com\/no\/#website","url":"https:\/\/toofabric.com\/no\/","name":"Too Fabric","description":"Custom Clothing Manufacturer","publisher":{"@id":"https:\/\/toofabric.com\/no\/#organization"},"potentialAction":[{"@type":"SearchAction","target":{"@type":"EntryPoint","urlTemplate":"https:\/\/toofabric.com\/no\/?s={search_term_string}"},"query-input":{"@type":"PropertyValueSpecification","valueRequired":true,"valueName":"search_term_string"}}],"inLanguage":"nb-NO"},{"@type":"Organization","@id":"https:\/\/toofabric.com\/no\/#organization","name":"Too Fabric","url":"https:\/\/toofabric.com\/no\/","logo":{"@type":"ImageObject","inLanguage":"nb-NO","@id":"https:\/\/toofabric.com\/no\/#\/schema\/logo\/image\/","url":"https:\/\/toofabric.com\/wp-content\/uploads\/2019\/08\/Too-Fabric-1.svg","contentUrl":"https:\/\/toofabric.com\/wp-content\/uploads\/2019\/08\/Too-Fabric-1.svg","width":1,"height":1,"caption":"Too Fabric"},"image":{"@id":"https:\/\/toofabric.com\/no\/#\/schema\/logo\/image\/"},"sameAs":["https:\/\/www.instagram.com\/toofabric\/","https:\/\/tr.linkedin.com\/company\/too-fabric?trk=public_profile_topcard_current_company","https:\/\/www.youtube.com\/channel\/UCSlIhMOl6lVRT7kZd8_iBRg"]}]}},"_links":{"self":[{"href":"https:\/\/toofabric.com\/no\/wp-json\/wp\/v2\/pages\/8211","targetHints":{"allow":["GET"]}}],"collection":[{"href":"https:\/\/toofabric.com\/no\/wp-json\/wp\/v2\/pages"}],"about":[{"href":"https:\/\/toofabric.com\/no\/wp-json\/wp\/v2\/types\/page"}],"author":[{"embeddable":true,"href":"https:\/\/toofabric.com\/no\/wp-json\/wp\/v2\/users\/1"}],"replies":[{"embeddable":true,"href":"https:\/\/toofabric.com\/no\/wp-json\/wp\/v2\/comments?post=8211"}],"version-history":[{"count":0,"href":"https:\/\/toofabric.com\/no\/wp-json\/wp\/v2\/pages\/8211\/revisions"}],"wp:featuredmedia":[{"embeddable":true,"href":"https:\/\/toofabric.com\/no\/wp-json\/wp\/v2\/media\/19587"}],"wp:attachment":[{"href":"https:\/\/toofabric.com\/no\/wp-json\/wp\/v2\/media?parent=8211"}],"curies":[{"name":"wp","href":"https:\/\/api.w.org\/{rel}","templated":true}]}}