{"id":8694,"date":"2020-11-08T12:21:25","date_gmt":"2020-11-08T12:21:25","guid":{"rendered":"https:\/\/toofabric.com\/?page_id=8694"},"modified":"2023-03-13T00:20:36","modified_gmt":"2023-03-13T00:20:36","slug":"vilka-vi-ar","status":"publish","type":"page","link":"https:\/\/toofabric.com\/sv\/vilka-vi-ar\/","title":{"rendered":"Vilka Vi \u00c4r"},"content":{"rendered":"\t\t<div data-elementor-type=\"wp-page\" data-elementor-id=\"8694\" class=\"elementor elementor-8694\" data-elementor-post-type=\"page\">\n\t\t\t\t<div class=\"elementor-element elementor-element-f5b5ac6 e-flex e-con-boxed e-con e-parent\" data-id=\"f5b5ac6\" data-element_type=\"container\" data-e-type=\"container\" data-settings=\"{&quot;jet_parallax_layout_list&quot;:[]}\">\n\t\t\t\t\t<div class=\"e-con-inner\">\n\t\t<div class=\"elementor-element elementor-element-033a1f5 e-con-full e-flex e-con e-child\" data-id=\"033a1f5\" data-element_type=\"container\" data-e-type=\"container\" data-settings=\"{&quot;jet_parallax_layout_list&quot;:[]}\">\n\t\t\t\t<div class=\"elementor-element elementor-element-13a080b premium-header-inline premium-box-lq__none elementor-widget elementor-widget-premium-addon-dual-header\" data-id=\"13a080b\" data-element_type=\"widget\" data-e-type=\"widget\" data-widget_type=\"premium-addon-dual-header.default\">\n\t\t\t\t\t\n\t\t<div class=\"elementor-widget-container\">\n\t\t\t\t\t<h1 class=\"premium-dual-header-first-header premium-dual-header-first-clip\"><span class=\"premium-dual-header-first-span\">Vilka vi \u00e4r <\/span><\/h1> \t\t\t\t<\/div>\n\n\t\t\t\t\t\t<\/div>\n\t\t\t\t<div class=\"elementor-element elementor-element-800233f elementor-widget elementor-widget-text-editor\" data-id=\"800233f\" data-element_type=\"widget\" data-e-type=\"widget\" data-widget_type=\"text-editor.default\">\n\t\t\t\t<div class=\"elementor-widget-container\">\n\t\t\t\t\t\t\t\t\t<p>Vad s\u00e4gs om att ber\u00e4tta om positionen f\u00f6r ditt varum\u00e4rke med en mer personlig touch? Vi \u00e4r redo att f\u00f6rverkliga dina dr\u00f6mmar genom att erbjuda produktion av skr\u00e4ddarsydda T-shirts, hoodies och joggers med v\u00e5rt specialistteams kreativitet.<\/p>\t\t\t\t\t\t\t\t<\/div>\n\t\t\t\t<\/div>\n\t\t<div class=\"elementor-element elementor-element-62f1f1e e-con-full e-flex e-con e-child\" data-id=\"62f1f1e\" data-element_type=\"container\" data-e-type=\"container\" data-settings=\"{&quot;jet_parallax_layout_list&quot;:[]}\">\n\t\t\t\t<div class=\"elementor-element elementor-element-ef5796d elementor-widget-tablet__width-initial elementor-widget-mobile__width-auto premium-lq__none elementor-widget elementor-widget-premium-addon-button\" data-id=\"ef5796d\" data-element_type=\"widget\" data-e-type=\"widget\" data-widget_type=\"premium-addon-button.default\">\n\t\t\t\t<div class=\"elementor-widget-container\">\n\t\t\t\t\t\n\n\t\t<a class=\"premium-button premium-button-none premium-btn-lg premium-button-none\" href=\"https:\/\/toofabric.com\/sv\/produkter\/\">\n\t\t\t<div class=\"premium-button-text-icon-wrapper\">\n\t\t\t\t\n\t\t\t\t\t\t\t\t\t<span >\n\t\t\t\t\t\tVisa produkter\t\t\t\t\t<\/span>\n\t\t\t\t\t\t\t<\/div>\n\n\t\t\t\n\t\t\t\n\t\t\t\n\t\t<\/a>\n\n\n\t\t\t\t\t\t<\/div>\n\t\t\t\t<\/div>\n\t\t\t\t<div class=\"elementor-element elementor-element-ed83d26 elementor-widget-mobile__width-auto premium-lq__none elementor-widget elementor-widget-premium-addon-button\" data-id=\"ed83d26\" data-element_type=\"widget\" data-e-type=\"widget\" data-widget_type=\"premium-addon-button.default\">\n\t\t\t\t<div class=\"elementor-widget-container\">\n\t\t\t\t\t\n\n\t\t<a class=\"premium-button premium-button-none premium-btn-lg premium-button-none\" href=\"https:\/\/toofabric.com\/sv\/kontakt\/\">\n\t\t\t<div class=\"premium-button-text-icon-wrapper\">\n\t\t\t\t\n\t\t\t\t\t\t\t\t\t<span >\n\t\t\t\t\t\tKontakta oss\t\t\t\t\t<\/span>\n\t\t\t\t\t\t\t<\/div>\n\n\t\t\t\n\t\t\t\n\t\t\t\n\t\t<\/a>\n\n\n\t\t\t\t\t\t<\/div>\n\t\t\t\t<\/div>\n\t\t\t\t<\/div>\n\t\t\t\t<\/div>\n\t\t<div class=\"elementor-element elementor-element-b4bda76 e-con-full e-flex e-con e-child\" data-id=\"b4bda76\" data-element_type=\"container\" data-e-type=\"container\" data-settings=\"{&quot;jet_parallax_layout_list&quot;:[]}\">\n\t\t\t\t<div class=\"elementor-element elementor-element-c4d3163 elementor-widget elementor-widget-image\" data-id=\"c4d3163\" data-element_type=\"widget\" data-e-type=\"widget\" data-widget_type=\"image.default\">\n\t\t\t\t<div class=\"elementor-widget-container\">\n\t\t\t\t\t\t\t\t\t\t\t\t\t\t\t<img fetchpriority=\"high\" decoding=\"async\" width=\"945\" height=\"634\" src=\"https:\/\/toofabric.com\/wp-content\/uploads\/2023\/01\/Too-Fabric-Who-We-Are-Custom-T-shirt-and-Hoodie-Manufacturer-1.jpg\" class=\"attachment-large size-large wp-image-23511\" alt=\"Vilka Vi \u00c4r | Too Fabric | Tillverkare av skr\u00e4ddarsydda kl\u00e4der i Turkiet\" srcset=\"https:\/\/toofabric.com\/wp-content\/uploads\/2023\/01\/Too-Fabric-Who-We-Are-Custom-T-shirt-and-Hoodie-Manufacturer-1.jpg 945w, https:\/\/toofabric.com\/wp-content\/uploads\/2023\/01\/Too-Fabric-Who-We-Are-Custom-T-shirt-and-Hoodie-Manufacturer-1-300x201.jpg 300w, https:\/\/toofabric.com\/wp-content\/uploads\/2023\/01\/Too-Fabric-Who-We-Are-Custom-T-shirt-and-Hoodie-Manufacturer-1-768x515.jpg 768w\" sizes=\"(max-width: 945px) 100vw, 945px\" \/>\t\t\t\t\t\t\t\t\t\t\t\t\t\t\t<\/div>\n\t\t\t\t<\/div>\n\t\t\t\t<\/div>\n\t\t\t\t\t<\/div>\n\t\t\t\t<\/div>\n\t\t<div class=\"elementor-element elementor-element-133d89a e-flex e-con-boxed e-con e-parent\" data-id=\"133d89a\" data-element_type=\"container\" data-e-type=\"container\" data-settings=\"{&quot;background_background&quot;:&quot;classic&quot;,&quot;jet_parallax_layout_list&quot;:[]}\">\n\t\t\t\t\t<div class=\"e-con-inner\">\n\t\t<div class=\"elementor-element elementor-element-7c338d2 e-con-full elementor-hidden-tablet e-flex e-con e-child\" data-id=\"7c338d2\" data-element_type=\"container\" data-e-type=\"container\" data-settings=\"{&quot;jet_parallax_layout_list&quot;:[]}\">\n\t\t\t\t<div class=\"elementor-element elementor-element-965e5ab elementor-widget elementor-widget-image\" data-id=\"965e5ab\" data-element_type=\"widget\" data-e-type=\"widget\" data-widget_type=\"image.default\">\n\t\t\t\t<div class=\"elementor-widget-container\">\n\t\t\t\t\t\t\t\t\t\t\t\t\t\t\t<img decoding=\"async\" width=\"627\" height=\"577\" src=\"https:\/\/toofabric.com\/wp-content\/uploads\/2023\/01\/Too-Fabric-Who-We-Are-Custom-T-shirt-and-Hoodie-Manufacturer-2.png\" class=\"attachment-full size-full wp-image-23497\" alt=\"Vilka Vi \u00c4r | Too Fabric | Tillverkare av skr\u00e4ddarsydda kl\u00e4der i Turkiet\" srcset=\"https:\/\/toofabric.com\/wp-content\/uploads\/2023\/01\/Too-Fabric-Who-We-Are-Custom-T-shirt-and-Hoodie-Manufacturer-2.png 627w, https:\/\/toofabric.com\/wp-content\/uploads\/2023\/01\/Too-Fabric-Who-We-Are-Custom-T-shirt-and-Hoodie-Manufacturer-2-300x276.png 300w\" sizes=\"(max-width: 627px) 100vw, 627px\" \/>\t\t\t\t\t\t\t\t\t\t\t\t\t\t\t<\/div>\n\t\t\t\t<\/div>\n\t\t\t\t<\/div>\n\t\t<div class=\"elementor-element elementor-element-aea6b8c e-con-full e-flex e-con e-child\" data-id=\"aea6b8c\" data-element_type=\"container\" data-e-type=\"container\" data-settings=\"{&quot;jet_parallax_layout_list&quot;:[]}\">\n\t\t\t\t<div class=\"elementor-element elementor-element-0829413 premium-header-inline premium-box-lq__none elementor-widget elementor-widget-premium-addon-dual-header\" data-id=\"0829413\" data-element_type=\"widget\" data-e-type=\"widget\" data-widget_type=\"premium-addon-dual-header.default\">\n\t\t\t\t\t\n\t\t<div class=\"elementor-widget-container\">\n\t\t\t\t\t<h2 class=\"premium-dual-header-first-header premium-dual-header-first-clip\"><span class=\"premium-dual-header-first-span\">F\u00f6rb\u00e4ttra din varum\u00e4rkesk\u00e4nnedom <\/span><\/h2> \t\t\t\t<\/div>\n\n\t\t\t\t\t\t<\/div>\n\t\t\t\t<div class=\"elementor-element elementor-element-bde131a elementor-widget elementor-widget-text-editor\" data-id=\"bde131a\" data-element_type=\"widget\" data-e-type=\"widget\" data-widget_type=\"text-editor.default\">\n\t\t\t\t<div class=\"elementor-widget-container\">\n\t\t\t\t\t\t\t\t\t<p>Vi erbjuder h\u00f6gkvalitativa tj\u00e4nster med tillsk\u00e4rning, tryck, broderi, s\u00f6mnad, strykning och f\u00f6rpackning samt kvalitetskontroller med v\u00e5ra 60 kvalificerade anst\u00e4llda och l\u00e4gger stor vikt vid arbetsvillkor och sociala r\u00e4ttigheter p\u00e5 v\u00e5r produktionsyta p\u00e5 1 000 m\u00b2 i Istanbul. Vi arbetar inom m\u00e5nga omr\u00e5den inklusive modekl\u00e4der, arbetskl\u00e4der, skoluniformer och reklamartiklar samt produktion av sofistikerade kl\u00e4der.<\/p><p>V\u00e5rt team av passionerade och erfarna yrkesm\u00e4n \u00e4r dedikerade att hj\u00e4lpa dig att skapa en unik, i\u00f6gonfallande design som \u00e5terspeglar ditt varum\u00e4rkes vision och v\u00e4rderingar. V\u00e5r f\u00f6rstklassiga kundservice \u00e4r h\u00e4r f\u00f6r att se till att dina kl\u00e4der sticker ut fr\u00e5n m\u00e4ngden. Med v\u00e5rt teams kreativa vision kan du lita p\u00e5 att dina kl\u00e4der kommer att tillverkas med kvalitet och precision.<\/p><p>Vi \u00e4r h\u00e4r f\u00f6r att hj\u00e4lpa dig att skapa dina perfekta plagg. Oavsett om du vill skapa n\u00e5got helt nytt och unikt eller om du vill g\u00f6ra n\u00e5gra \u00e4ndringar i en befintlig design \u00e4r v\u00e5rt team redo och villiga att hj\u00e4lpa dig att f\u00f6rverkliga din designid\u00e9. Vi ser fram emot att arbeta med dig och hj\u00e4lpa dig att f\u00f6rverkliga din vision.<\/p>\t\t\t\t\t\t\t\t<\/div>\n\t\t\t\t<\/div>\n\t\t\t\t<\/div>\n\t\t\t\t\t<\/div>\n\t\t\t\t<\/div>\n\t\t<div class=\"elementor-element elementor-element-794f335 e-flex e-con-boxed e-con e-parent\" data-id=\"794f335\" data-element_type=\"container\" data-e-type=\"container\" data-settings=\"{&quot;background_background&quot;:&quot;classic&quot;,&quot;jet_parallax_layout_list&quot;:[]}\">\n\t\t\t\t\t<div class=\"e-con-inner\">\n\t\t<div class=\"elementor-element elementor-element-f3751a7 e-con-full elementor-hidden-mobile e-flex e-con e-child\" data-id=\"f3751a7\" data-element_type=\"container\" data-e-type=\"container\" data-settings=\"{&quot;jet_parallax_layout_list&quot;:[]}\">\n\t\t\t\t<div class=\"elementor-element elementor-element-e628dc7 elementor-widget-mobile__width-initial elementor-widget-tablet__width-initial elementor-widget elementor-widget-image\" data-id=\"e628dc7\" data-element_type=\"widget\" data-e-type=\"widget\" data-widget_type=\"image.default\">\n\t\t\t\t<div class=\"elementor-widget-container\">\n\t\t\t\t\t\t\t\t\t\t\t\t\t\t\t<img decoding=\"async\" src=\"https:\/\/toofabric.com\/wp-content\/uploads\/2022\/08\/Too-Fabric-Clock.png\" title=\"Too Fabric | Tillverkare av skr\u00e4ddarsydda kl\u00e4der i Turkiet\" alt=\"Too Fabric | Tillverkare av skr\u00e4ddarsydda kl\u00e4der i Turkiet\" loading=\"lazy\" \/>\t\t\t\t\t\t\t\t\t\t\t\t\t\t\t<\/div>\n\t\t\t\t<\/div>\n\t\t\t\t<\/div>\n\t\t<div class=\"elementor-element elementor-element-b24ed0d e-flex e-con-boxed e-con e-child\" data-id=\"b24ed0d\" data-element_type=\"container\" data-e-type=\"container\" data-settings=\"{&quot;jet_parallax_layout_list&quot;:[]}\">\n\t\t\t\t\t<div class=\"e-con-inner\">\n\t\t\t\t<div class=\"elementor-element elementor-element-b629987 elementor-widget__width-initial premium-header-inline premium-box-lq__none elementor-widget elementor-widget-premium-addon-dual-header\" data-id=\"b629987\" data-element_type=\"widget\" data-e-type=\"widget\" data-widget_type=\"premium-addon-dual-header.default\">\n\t\t\t\t\t\n\t\t<div class=\"elementor-widget-container\">\n\t\t\t\t\t<h2 class=\"premium-dual-header-first-header premium-dual-header-first-clip\"><span class=\"premium-dual-header-first-span\">Genomsnittlig svarstid: 1 timme <\/span><\/h2> \t\t\t\t<\/div>\n\n\t\t\t\t\t\t<\/div>\n\t\t\t\t<div class=\"elementor-element elementor-element-7330081 elementor-widget elementor-widget-text-editor\" data-id=\"7330081\" data-element_type=\"widget\" data-e-type=\"widget\" data-widget_type=\"text-editor.default\">\n\t\t\t\t<div class=\"elementor-widget-container\">\n\t\t\t\t\t\t\t\t\tVi svarar v\u00e5ra kunder inom en timme under arbetstid.\nDet snabbaste och enklaste s\u00e4ttet att skapa ditt projekt!\t\t\t\t\t\t\t\t<\/div>\n\t\t\t\t<\/div>\n\t\t\t\t<div class=\"elementor-element elementor-element-e2e33b9 pa-icon-pos-after premium-lq__none elementor-widget elementor-widget-premium-addon-button\" data-id=\"e2e33b9\" data-element_type=\"widget\" data-e-type=\"widget\" data-widget_type=\"premium-addon-button.default\">\n\t\t\t\t<div class=\"elementor-widget-container\">\n\t\t\t\t\t\n\n\t\t<a class=\"premium-button premium-button-none premium-btn-lg premium-button-none\" href=\"https:\/\/toofabric.com\/sv\/kontakt\/\">\n\t\t\t<div class=\"premium-button-text-icon-wrapper\">\n\t\t\t\t\n\t\t\t\t\t\t\t\t\t\t\t\t\t\t\t\t\t\t<svg class=\"svg-inline--fas-fa-angle-right premium-drawable-icon premium-svg-nodraw\" aria-hidden='true' xmlns='http:\/\/www.w3.org\/2000\/svg' viewBox='0 0 256 512'><path d=\"M224.3 273l-136 136c-9.4 9.4-24.6 9.4-33.9 0l-22.6-22.6c-9.4-9.4-9.4-24.6 0-33.9l96.4-96.4-96.4-96.4c-9.4-9.4-9.4-24.6 0-33.9L54.3 103c9.4-9.4 24.6-9.4 33.9 0l136 136c9.5 9.4 9.5 24.6.1 34z\"><\/path><\/svg>\t\t\t\t\t\t\t\t\t\t\t\t\t\t\t\n\t\t\t\t\t\t\t\t\t<span >\n\t\t\t\t\t\tKontakta f\u00f6rs\u00e4ljning\t\t\t\t\t<\/span>\n\t\t\t\t\t\t\t<\/div>\n\n\t\t\t\n\t\t\t\n\t\t\t\n\t\t<\/a>\n\n\n\t\t\t\t\t\t<\/div>\n\t\t\t\t<\/div>\n\t\t\t\t\t<\/div>\n\t\t\t\t<\/div>\n\t\t\t\t\t<\/div>\n\t\t\t\t<\/div>\n\t\t<div class=\"elementor-element elementor-element-aff64b7 e-con-full elementor-hidden-desktop elementor-hidden-tablet e-flex e-con e-parent\" data-id=\"aff64b7\" data-element_type=\"container\" data-e-type=\"container\" data-settings=\"{&quot;jet_parallax_layout_list&quot;:[]}\">\n\t\t\t\t<div class=\"elementor-element elementor-element-af90ed1 elementor-shape-circle e-grid-align-right elementor-grid-0 elementor-invisible elementor-widget elementor-widget-social-icons\" data-id=\"af90ed1\" data-element_type=\"widget\" data-e-type=\"widget\" data-settings=\"{&quot;motion_fx_motion_fx_scrolling&quot;:&quot;yes&quot;,&quot;sticky&quot;:&quot;bottom&quot;,&quot;sticky_offset&quot;:20,&quot;_animation&quot;:&quot;fadeIn&quot;,&quot;motion_fx_devices&quot;:[&quot;desktop&quot;,&quot;tablet&quot;,&quot;mobile&quot;],&quot;sticky_on&quot;:[&quot;desktop&quot;,&quot;tablet&quot;,&quot;mobile&quot;],&quot;sticky_effects_offset&quot;:0,&quot;sticky_anchor_link_offset&quot;:0}\" data-widget_type=\"social-icons.default\">\n\t\t\t\t<div class=\"elementor-widget-container\">\n\t\t\t\t\t\t\t<div class=\"elementor-social-icons-wrapper elementor-grid\">\n\t\t\t\t\t\t\t<span class=\"elementor-grid-item\">\n\t\t\t\t\t<a class=\"elementor-icon elementor-social-icon elementor-social-icon-whatsapp elementor-repeater-item-fd23a32\" href=\"https:\/\/wa.me\/905456264401\" target=\"_blank\">\n\t\t\t\t\t\t<span class=\"elementor-screen-only\">Whatsapp<\/span>\n\t\t\t\t\t\t<i aria-hidden=\"true\" class=\"fab fa-whatsapp\"><\/i>\t\t\t\t\t<\/a>\n\t\t\t\t<\/span>\n\t\t\t\t\t<\/div>\n\t\t\t\t\t\t<\/div>\n\t\t\t\t<\/div>\n\t\t\t\t<\/div>\n\t\t\t\t<\/div>\n\t\t","protected":false},"excerpt":{"rendered":"<p>Vilka vi \u00e4r Vad s\u00e4gs om att ber\u00e4tta om positionen f\u00f6r ditt varum\u00e4rke med en mer personlig touch? Vi \u00e4r redo att f\u00f6rverkliga dina dr\u00f6mmar genom att erbjuda produktion av skr\u00e4ddarsydda T-shirts, hoodies och joggers med v\u00e5rt specialistteams kreativitet. Visa produkter Kontakta oss F\u00f6rb\u00e4ttra din varum\u00e4rkesk\u00e4nnedom Vi erbjuder h\u00f6gkvalitativa tj\u00e4nster med tillsk\u00e4rning, tryck, broderi, s\u00f6mnad, &#8230; <a title=\"Vilka Vi \u00c4r\" class=\"read-more\" href=\"https:\/\/toofabric.com\/sv\/vilka-vi-ar\/\" aria-label=\"L\u00e4s mer om Vilka Vi \u00c4r\">L\u00e4s mer<\/a><\/p>\n","protected":false},"author":1,"featured_media":37428,"parent":0,"menu_order":0,"comment_status":"closed","ping_status":"closed","template":"","meta":{"inline_featured_image":false,"footnotes":""},"class_list":["post-8694","page","type-page","status-publish","has-post-thumbnail"],"yoast_head":"<!-- This site is optimized with the Yoast SEO plugin v27.4 - https:\/\/yoast.com\/product\/yoast-seo-wordpress\/ -->\n<title>Vilka Vi \u00c4r | Too Fabric | Tillverkare av skr\u00e4ddarsydda kl\u00e4der<\/title>\n<meta name=\"description\" content=\"Vad s\u00e4gs om att ber\u00e4tta om positionen f\u00f6r ditt varum\u00e4rke med en mer personlig touch? Vi \u00e4r h\u00e4r f\u00f6r att hj\u00e4lpa dig att skapa dina perfekta plagg.\" \/>\n<meta name=\"robots\" content=\"index, follow, max-snippet:-1, max-image-preview:large, max-video-preview:-1\" \/>\n<link rel=\"canonical\" href=\"https:\/\/toofabric.com\/sv\/vilka-vi-ar\/\" \/>\n<meta property=\"og:locale\" content=\"sv_SE\" \/>\n<meta property=\"og:type\" content=\"article\" \/>\n<meta property=\"og:title\" content=\"Vilka Vi \u00c4r | Too Fabric | Tillverkare av skr\u00e4ddarsydda kl\u00e4der\" \/>\n<meta property=\"og:description\" content=\"Vad s\u00e4gs om att ber\u00e4tta om positionen f\u00f6r ditt varum\u00e4rke med en mer personlig touch? Vi \u00e4r h\u00e4r f\u00f6r att hj\u00e4lpa dig att skapa dina perfekta plagg.\" \/>\n<meta property=\"og:url\" content=\"https:\/\/toofabric.com\/sv\/vilka-vi-ar\/\" \/>\n<meta property=\"og:site_name\" content=\"Too Fabric\" \/>\n<meta property=\"article:modified_time\" content=\"2023-03-13T00:20:36+00:00\" \/>\n<meta property=\"og:image\" content=\"https:\/\/toofabric.com\/wp-content\/uploads\/2023\/01\/Too-Fabric-Who-We-Are-Custom-T-shirt-and-Hoodie-Manufacturer-1.jpg\" \/>\n\t<meta property=\"og:image:width\" content=\"945\" \/>\n\t<meta property=\"og:image:height\" content=\"634\" \/>\n\t<meta property=\"og:image:type\" content=\"image\/jpeg\" \/>\n<meta name=\"twitter:card\" content=\"summary_large_image\" \/>\n<meta name=\"twitter:label1\" content=\"Ber\u00e4knad l\u00e4stid\" \/>\n\t<meta name=\"twitter:data1\" content=\"2 minuter\" \/>\n<script type=\"application\/ld+json\" class=\"yoast-schema-graph\">{\"@context\":\"https:\\\/\\\/schema.org\",\"@graph\":[{\"@type\":\"WebPage\",\"@id\":\"https:\\\/\\\/toofabric.com\\\/sv\\\/vilka-vi-ar\\\/\",\"url\":\"https:\\\/\\\/toofabric.com\\\/sv\\\/vilka-vi-ar\\\/\",\"name\":\"Vilka Vi \u00c4r | Too Fabric | Tillverkare av skr\u00e4ddarsydda kl\u00e4der\",\"isPartOf\":{\"@id\":\"https:\\\/\\\/toofabric.com\\\/sv\\\/#website\"},\"primaryImageOfPage\":{\"@id\":\"https:\\\/\\\/toofabric.com\\\/sv\\\/vilka-vi-ar\\\/#primaryimage\"},\"image\":{\"@id\":\"https:\\\/\\\/toofabric.com\\\/sv\\\/vilka-vi-ar\\\/#primaryimage\"},\"thumbnailUrl\":\"https:\\\/\\\/toofabric.com\\\/wp-content\\\/uploads\\\/2024\\\/07\\\/4050KirmiziS-5.jpg\",\"datePublished\":\"2020-11-08T12:21:25+00:00\",\"dateModified\":\"2023-03-13T00:20:36+00:00\",\"description\":\"Vad s\u00e4gs om att ber\u00e4tta om positionen f\u00f6r ditt varum\u00e4rke med en mer personlig touch? Vi \u00e4r h\u00e4r f\u00f6r att hj\u00e4lpa dig att skapa dina perfekta plagg.\",\"breadcrumb\":{\"@id\":\"https:\\\/\\\/toofabric.com\\\/sv\\\/vilka-vi-ar\\\/#breadcrumb\"},\"inLanguage\":\"sv-SE\",\"potentialAction\":[{\"@type\":\"ReadAction\",\"target\":[\"https:\\\/\\\/toofabric.com\\\/sv\\\/vilka-vi-ar\\\/\"]}]},{\"@type\":\"ImageObject\",\"inLanguage\":\"sv-SE\",\"@id\":\"https:\\\/\\\/toofabric.com\\\/sv\\\/vilka-vi-ar\\\/#primaryimage\",\"url\":\"https:\\\/\\\/toofabric.com\\\/wp-content\\\/uploads\\\/2024\\\/07\\\/4050KirmiziS-5.jpg\",\"contentUrl\":\"https:\\\/\\\/toofabric.com\\\/wp-content\\\/uploads\\\/2024\\\/07\\\/4050KirmiziS-5.jpg\",\"width\":1200,\"height\":1800,\"caption\":\"4050 (Red) | Too Fabric | Wholesale Lingerie Manufacturer\"},{\"@type\":\"BreadcrumbList\",\"@id\":\"https:\\\/\\\/toofabric.com\\\/sv\\\/vilka-vi-ar\\\/#breadcrumb\",\"itemListElement\":[{\"@type\":\"ListItem\",\"position\":1,\"name\":\"Home\",\"item\":\"https:\\\/\\\/toofabric.com\\\/sv\\\/illverkare-av-skraddarsydda-klader\\\/\"},{\"@type\":\"ListItem\",\"position\":2,\"name\":\"Vilka Vi \u00c4r\"}]},{\"@type\":\"WebSite\",\"@id\":\"https:\\\/\\\/toofabric.com\\\/sv\\\/#website\",\"url\":\"https:\\\/\\\/toofabric.com\\\/sv\\\/\",\"name\":\"Too Fabric\",\"description\":\"Custom Clothing Manufacturer\",\"publisher\":{\"@id\":\"https:\\\/\\\/toofabric.com\\\/sv\\\/#organization\"},\"potentialAction\":[{\"@type\":\"SearchAction\",\"target\":{\"@type\":\"EntryPoint\",\"urlTemplate\":\"https:\\\/\\\/toofabric.com\\\/sv\\\/?s={search_term_string}\"},\"query-input\":{\"@type\":\"PropertyValueSpecification\",\"valueRequired\":true,\"valueName\":\"search_term_string\"}}],\"inLanguage\":\"sv-SE\"},{\"@type\":\"Organization\",\"@id\":\"https:\\\/\\\/toofabric.com\\\/sv\\\/#organization\",\"name\":\"Too Fabric\",\"url\":\"https:\\\/\\\/toofabric.com\\\/sv\\\/\",\"logo\":{\"@type\":\"ImageObject\",\"inLanguage\":\"sv-SE\",\"@id\":\"https:\\\/\\\/toofabric.com\\\/sv\\\/#\\\/schema\\\/logo\\\/image\\\/\",\"url\":\"https:\\\/\\\/toofabric.com\\\/wp-content\\\/uploads\\\/2019\\\/08\\\/Too-Fabric-1.svg\",\"contentUrl\":\"https:\\\/\\\/toofabric.com\\\/wp-content\\\/uploads\\\/2019\\\/08\\\/Too-Fabric-1.svg\",\"width\":1,\"height\":1,\"caption\":\"Too Fabric\"},\"image\":{\"@id\":\"https:\\\/\\\/toofabric.com\\\/sv\\\/#\\\/schema\\\/logo\\\/image\\\/\"},\"sameAs\":[\"https:\\\/\\\/www.instagram.com\\\/toofabric\\\/\",\"https:\\\/\\\/tr.linkedin.com\\\/company\\\/too-fabric?trk=public_profile_topcard_current_company\",\"https:\\\/\\\/www.youtube.com\\\/channel\\\/UCSlIhMOl6lVRT7kZd8_iBRg\"]}]}<\/script>\n<!-- \/ Yoast SEO plugin. -->","yoast_head_json":{"title":"Vilka Vi \u00c4r | Too Fabric | Tillverkare av skr\u00e4ddarsydda kl\u00e4der","description":"Vad s\u00e4gs om att ber\u00e4tta om positionen f\u00f6r ditt varum\u00e4rke med en mer personlig touch? Vi \u00e4r h\u00e4r f\u00f6r att hj\u00e4lpa dig att skapa dina perfekta plagg.","robots":{"index":"index","follow":"follow","max-snippet":"max-snippet:-1","max-image-preview":"max-image-preview:large","max-video-preview":"max-video-preview:-1"},"canonical":"https:\/\/toofabric.com\/sv\/vilka-vi-ar\/","og_locale":"sv_SE","og_type":"article","og_title":"Vilka Vi \u00c4r | Too Fabric | Tillverkare av skr\u00e4ddarsydda kl\u00e4der","og_description":"Vad s\u00e4gs om att ber\u00e4tta om positionen f\u00f6r ditt varum\u00e4rke med en mer personlig touch? Vi \u00e4r h\u00e4r f\u00f6r att hj\u00e4lpa dig att skapa dina perfekta plagg.","og_url":"https:\/\/toofabric.com\/sv\/vilka-vi-ar\/","og_site_name":"Too Fabric","article_modified_time":"2023-03-13T00:20:36+00:00","og_image":[{"width":945,"height":634,"url":"https:\/\/toofabric.com\/wp-content\/uploads\/2023\/01\/Too-Fabric-Who-We-Are-Custom-T-shirt-and-Hoodie-Manufacturer-1.jpg","type":"image\/jpeg"}],"twitter_card":"summary_large_image","twitter_misc":{"Ber\u00e4knad l\u00e4stid":"2 minuter"},"schema":{"@context":"https:\/\/schema.org","@graph":[{"@type":"WebPage","@id":"https:\/\/toofabric.com\/sv\/vilka-vi-ar\/","url":"https:\/\/toofabric.com\/sv\/vilka-vi-ar\/","name":"Vilka Vi \u00c4r | Too Fabric | Tillverkare av skr\u00e4ddarsydda kl\u00e4der","isPartOf":{"@id":"https:\/\/toofabric.com\/sv\/#website"},"primaryImageOfPage":{"@id":"https:\/\/toofabric.com\/sv\/vilka-vi-ar\/#primaryimage"},"image":{"@id":"https:\/\/toofabric.com\/sv\/vilka-vi-ar\/#primaryimage"},"thumbnailUrl":"https:\/\/toofabric.com\/wp-content\/uploads\/2024\/07\/4050KirmiziS-5.jpg","datePublished":"2020-11-08T12:21:25+00:00","dateModified":"2023-03-13T00:20:36+00:00","description":"Vad s\u00e4gs om att ber\u00e4tta om positionen f\u00f6r ditt varum\u00e4rke med en mer personlig touch? Vi \u00e4r h\u00e4r f\u00f6r att hj\u00e4lpa dig att skapa dina perfekta plagg.","breadcrumb":{"@id":"https:\/\/toofabric.com\/sv\/vilka-vi-ar\/#breadcrumb"},"inLanguage":"sv-SE","potentialAction":[{"@type":"ReadAction","target":["https:\/\/toofabric.com\/sv\/vilka-vi-ar\/"]}]},{"@type":"ImageObject","inLanguage":"sv-SE","@id":"https:\/\/toofabric.com\/sv\/vilka-vi-ar\/#primaryimage","url":"https:\/\/toofabric.com\/wp-content\/uploads\/2024\/07\/4050KirmiziS-5.jpg","contentUrl":"https:\/\/toofabric.com\/wp-content\/uploads\/2024\/07\/4050KirmiziS-5.jpg","width":1200,"height":1800,"caption":"4050 (Red) | Too Fabric | Wholesale Lingerie Manufacturer"},{"@type":"BreadcrumbList","@id":"https:\/\/toofabric.com\/sv\/vilka-vi-ar\/#breadcrumb","itemListElement":[{"@type":"ListItem","position":1,"name":"Home","item":"https:\/\/toofabric.com\/sv\/illverkare-av-skraddarsydda-klader\/"},{"@type":"ListItem","position":2,"name":"Vilka Vi \u00c4r"}]},{"@type":"WebSite","@id":"https:\/\/toofabric.com\/sv\/#website","url":"https:\/\/toofabric.com\/sv\/","name":"Too Fabric","description":"Custom Clothing Manufacturer","publisher":{"@id":"https:\/\/toofabric.com\/sv\/#organization"},"potentialAction":[{"@type":"SearchAction","target":{"@type":"EntryPoint","urlTemplate":"https:\/\/toofabric.com\/sv\/?s={search_term_string}"},"query-input":{"@type":"PropertyValueSpecification","valueRequired":true,"valueName":"search_term_string"}}],"inLanguage":"sv-SE"},{"@type":"Organization","@id":"https:\/\/toofabric.com\/sv\/#organization","name":"Too Fabric","url":"https:\/\/toofabric.com\/sv\/","logo":{"@type":"ImageObject","inLanguage":"sv-SE","@id":"https:\/\/toofabric.com\/sv\/#\/schema\/logo\/image\/","url":"https:\/\/toofabric.com\/wp-content\/uploads\/2019\/08\/Too-Fabric-1.svg","contentUrl":"https:\/\/toofabric.com\/wp-content\/uploads\/2019\/08\/Too-Fabric-1.svg","width":1,"height":1,"caption":"Too Fabric"},"image":{"@id":"https:\/\/toofabric.com\/sv\/#\/schema\/logo\/image\/"},"sameAs":["https:\/\/www.instagram.com\/toofabric\/","https:\/\/tr.linkedin.com\/company\/too-fabric?trk=public_profile_topcard_current_company","https:\/\/www.youtube.com\/channel\/UCSlIhMOl6lVRT7kZd8_iBRg"]}]}},"_links":{"self":[{"href":"https:\/\/toofabric.com\/sv\/wp-json\/wp\/v2\/pages\/8694","targetHints":{"allow":["GET"]}}],"collection":[{"href":"https:\/\/toofabric.com\/sv\/wp-json\/wp\/v2\/pages"}],"about":[{"href":"https:\/\/toofabric.com\/sv\/wp-json\/wp\/v2\/types\/page"}],"author":[{"embeddable":true,"href":"https:\/\/toofabric.com\/sv\/wp-json\/wp\/v2\/users\/1"}],"replies":[{"embeddable":true,"href":"https:\/\/toofabric.com\/sv\/wp-json\/wp\/v2\/comments?post=8694"}],"version-history":[{"count":0,"href":"https:\/\/toofabric.com\/sv\/wp-json\/wp\/v2\/pages\/8694\/revisions"}],"wp:featuredmedia":[{"embeddable":true,"href":"https:\/\/toofabric.com\/sv\/wp-json\/wp\/v2\/media\/37428"}],"wp:attachment":[{"href":"https:\/\/toofabric.com\/sv\/wp-json\/wp\/v2\/media?parent=8694"}],"curies":[{"name":"wp","href":"https:\/\/api.w.org\/{rel}","templated":true}]}}