{"id":3704,"date":"2019-08-28T08:04:26","date_gmt":"2019-08-28T08:04:26","guid":{"rendered":"https:\/\/toofabric.com\/?page_id=3704"},"modified":"2020-07-14T20:26:23","modified_gmt":"2020-07-14T20:26:23","slug":"hakkimizda","status":"publish","type":"page","link":"https:\/\/toofabric.com\/tr\/hakkimizda\/","title":{"rendered":"Hakk\u0131m\u0131zda"},"content":{"rendered":"\t\t<div data-elementor-type=\"wp-page\" data-elementor-id=\"3704\" class=\"elementor elementor-3704\" data-elementor-post-type=\"page\">\n\t\t\t\t\t\t<section class=\"elementor-section elementor-top-section elementor-element elementor-element-413bc0f elementor-section-boxed elementor-section-height-default elementor-section-height-default\" data-id=\"413bc0f\" data-element_type=\"section\" data-e-type=\"section\" data-settings=\"{&quot;background_background&quot;:&quot;video&quot;,&quot;background_video_link&quot;:&quot;https:\\\/\\\/toofabric.com\\\/wp-content\\\/uploads\\\/2019\\\/12\\\/Who-We-Are-Low.mp4&quot;,&quot;background_play_on_mobile&quot;:&quot;yes&quot;,&quot;jet_parallax_layout_list&quot;:[]}\">\n\t\t\t\t\t\t\t\t<div class=\"elementor-background-video-container\">\n\t\t\t\t\t\t\t\t\t\t\t\t\t<video class=\"elementor-background-video-hosted\" role=\"presentation\" autoplay muted playsinline loop><\/video>\n\t\t\t\t\t\t\t\t\t\t\t<\/div>\n\t\t\t\t\t\t\t\t<div class=\"elementor-container elementor-column-gap-default\">\n\t\t\t\t\t\t<\/div>\n\t\t<\/section>\n\t\t\t\t<section class=\"elementor-section elementor-top-section elementor-element elementor-element-7260a4e elementor-section-boxed elementor-section-height-default elementor-section-height-default\" data-id=\"7260a4e\" data-element_type=\"section\" data-e-type=\"section\" data-settings=\"{&quot;jet_parallax_layout_list&quot;:[]}\">\n\t\t\t\t\t\t<div class=\"elementor-container elementor-column-gap-default\">\n\t\t\t\t\t<div class=\"elementor-column elementor-col-100 elementor-top-column elementor-element elementor-element-5bdc883\" data-id=\"5bdc883\" data-element_type=\"column\" data-e-type=\"column\">\n\t\t\t<div class=\"elementor-widget-wrap elementor-element-populated\">\n\t\t\t\t\t\t<div class=\"elementor-element elementor-element-53126af elementor-widget elementor-widget-heading\" data-id=\"53126af\" data-element_type=\"widget\" data-e-type=\"widget\" data-widget_type=\"heading.default\">\n\t\t\t\t<div class=\"elementor-widget-container\">\n\t\t\t\t\t<h1 class=\"elementor-heading-title elementor-size-default\">Hakk\u0131m\u0131zda<\/h1>\t\t\t\t<\/div>\n\t\t\t\t<\/div>\n\t\t\t\t<div class=\"elementor-element elementor-element-3bfcaa6 elementor-widget elementor-widget-text-editor\" data-id=\"3bfcaa6\" data-element_type=\"widget\" data-e-type=\"widget\" data-widget_type=\"text-editor.default\">\n\t\t\t\t<div class=\"elementor-widget-container\">\n\t\t\t\t\t\t\t\t\t<p>Markan\u0131z\u0131n duru\u015funu ve vizyonunu daha \u00f6zel bir dokunu\u015fla anlatmaya ne dersiniz? Alan\u0131nda uzmanla\u015fm\u0131\u015f ekibimizin bak\u0131\u015f a\u00e7\u0131s\u0131yla\u00a0\u00f6zel \u00fcretim tekstil \u00fcr\u00fcnleri haz\u0131rlayarak projelerinizi hayata ge\u00e7irmeye haz\u0131r\u0131z.<\/p><p>Peki ya fark\u0131ndal\u0131\u011f\u0131n\u0131z\u0131 art\u0131rmaya haz\u0131r m\u0131s\u0131n\u0131z? Istanbul&#8217;un Anadolu yakas\u0131nda yer alan 1000 m2&#8217;lik \u00fcretim saham\u0131zda, \u00e7al\u0131\u015fma ko\u015fulllar\u0131 ve sosyal haklar\u0131na \u00f6nem verdi\u011fimiz 50 kalifiyeli \u00e7al\u0131\u015fan arkada\u015f\u0131m\u0131zla beraber y\u00fcksek kalitede kesin, bask\u0131 &amp; nak\u0131\u015f, dikim, \u00fct\u00fc paket ve kalite kontrol birimleriyle hizmet veriyoruz. Marka k\u0131yafetleri, ofis \u00e7al\u0131\u015fan k\u0131yafetleri, i\u015f\u00e7i k\u0131yafetleri, okul \u00fcniformalar\u0131 ve promosyon \u00fcr\u00fcnleri gibi bir\u00e7ok alanda faaliyet g\u00f6steriyoruz.<\/p><p>M\u00fc\u015fteri de\u011fil \u00e7\u00f6z\u00fcm orta\u011f\u0131 memnuniyetini daima g\u00f6z \u00f6n\u00fcnde bulunduruyoruz.<\/p><div data-packed=\"false\" data-min-height=\"250\"><p>Ti\u015f\u00f6rt, Polo Yaka, Sweatshirt, Polar, G\u00f6mlek, Ceket, Mont, Parka, Pantolon, \u015eort, Tayt, \u00c7anta, \u015eapka, Aksesuar, \u00d6nl\u00fck ve Havlu gibi \u00e7e\u015fitli \u00f6zel \u00fcretim \u00fcr\u00fcn yelpazemizi Too Fabric ayr\u0131cal\u0131\u011f\u0131yla sizlerle bulu\u015fturuyoruz.<\/p><\/div>\t\t\t\t\t\t\t\t<\/div>\n\t\t\t\t<\/div>\n\t\t\t\t<div class=\"elementor-element elementor-element-f0d0853 elementor-widget elementor-widget-image\" data-id=\"f0d0853\" data-element_type=\"widget\" data-e-type=\"widget\" data-widget_type=\"image.default\">\n\t\t\t\t<div class=\"elementor-widget-container\">\n\t\t\t\t\t\t\t\t\t\t\t\t\t\t\t<img decoding=\"async\" width=\"180\" height=\"145\" src=\"https:\/\/toofabric.com\/wp-content\/uploads\/2019\/09\/Who-We-Are-Ekip.jpeg\" class=\"attachment-large size-large wp-image-4043\" alt=\"\" \/>\t\t\t\t\t\t\t\t\t\t\t\t\t\t\t<\/div>\n\t\t\t\t<\/div>\n\t\t\t\t\t<\/div>\n\t\t<\/div>\n\t\t\t\t\t<\/div>\n\t\t<\/section>\n\t\t\t\t<section class=\"elementor-section elementor-top-section elementor-element elementor-element-24a9086 elementor-section-boxed elementor-section-height-default elementor-section-height-default\" data-id=\"24a9086\" data-element_type=\"section\" data-e-type=\"section\" data-settings=\"{&quot;background_background&quot;:&quot;classic&quot;,&quot;jet_parallax_layout_list&quot;:[]}\">\n\t\t\t\t\t\t<div class=\"elementor-container elementor-column-gap-default\">\n\t\t\t\t\t<div class=\"elementor-column elementor-col-100 elementor-top-column elementor-element elementor-element-aeddf4d\" data-id=\"aeddf4d\" data-element_type=\"column\" data-e-type=\"column\">\n\t\t\t<div class=\"elementor-widget-wrap elementor-element-populated\">\n\t\t\t\t\t\t<div class=\"elementor-element elementor-element-58d377a elementor-widget elementor-widget-heading\" data-id=\"58d377a\" data-element_type=\"widget\" data-e-type=\"widget\" data-widget_type=\"heading.default\">\n\t\t\t\t<div class=\"elementor-widget-container\">\n\t\t\t\t\t<h2 class=\"elementor-heading-title elementor-size-default\"><b>Fiyat Teklifi Al\u0131n<\/b> <br>Markan\u0131z\u0131 \u00d6ne \u00c7\u0131kar\u0131n<\/h2>\t\t\t\t<\/div>\n\t\t\t\t<\/div>\n\t\t\t\t<div class=\"elementor-element elementor-element-fe55061 elementor-align-center elementor-widget elementor-widget-button\" data-id=\"fe55061\" data-element_type=\"widget\" data-e-type=\"widget\" data-widget_type=\"button.default\">\n\t\t\t\t<div class=\"elementor-widget-container\">\n\t\t\t\t\t\t\t\t\t<div class=\"elementor-button-wrapper\">\n\t\t\t\t\t<a class=\"elementor-button elementor-button-link elementor-size-md\" href=\"#\">\n\t\t\t\t\t\t<span class=\"elementor-button-content-wrapper\">\n\t\t\t\t\t\t<span class=\"elementor-button-icon\">\n\t\t\t\t\t\t\t<\/span>\n\t\t\t\t\t\t\t\t\t<span class=\"elementor-button-text\">Bize Ula\u015f\u0131n<\/span>\n\t\t\t\t\t<\/span>\n\t\t\t\t\t<\/a>\n\t\t\t\t<\/div>\n\t\t\t\t\t\t\t\t<\/div>\n\t\t\t\t<\/div>\n\t\t\t\t\t<\/div>\n\t\t<\/div>\n\t\t\t\t\t<\/div>\n\t\t<\/section>\n\t\t\t\t<\/div>\n\t\t","protected":false},"excerpt":{"rendered":"<p>Hakk\u0131m\u0131zda Markan\u0131z\u0131n duru\u015funu ve vizyonunu daha \u00f6zel bir dokunu\u015fla anlatmaya ne dersiniz? Alan\u0131nda uzmanla\u015fm\u0131\u015f ekibimizin bak\u0131\u015f a\u00e7\u0131s\u0131yla\u00a0\u00f6zel \u00fcretim tekstil \u00fcr\u00fcnleri haz\u0131rlayarak projelerinizi hayata ge\u00e7irmeye haz\u0131r\u0131z. Peki ya fark\u0131ndal\u0131\u011f\u0131n\u0131z\u0131 art\u0131rmaya haz\u0131r m\u0131s\u0131n\u0131z? Istanbul&#8217;un Anadolu yakas\u0131nda yer alan 1000 m2&#8217;lik \u00fcretim saham\u0131zda, \u00e7al\u0131\u015fma ko\u015fulllar\u0131 ve sosyal haklar\u0131na \u00f6nem verdi\u011fimiz 50 kalifiyeli \u00e7al\u0131\u015fan arkada\u015f\u0131m\u0131zla beraber y\u00fcksek kalitede kesin, &#8230; <a title=\"Hakk\u0131m\u0131zda\" class=\"read-more\" href=\"https:\/\/toofabric.com\/tr\/hakkimizda\/\" aria-label=\"Read more about Hakk\u0131m\u0131zda\">Devam\u0131n\u0131 oku<\/a><\/p>\n","protected":false},"author":1,"featured_media":37429,"parent":0,"menu_order":0,"comment_status":"closed","ping_status":"closed","template":"","meta":{"inline_featured_image":false,"footnotes":""},"class_list":["post-3704","page","type-page","status-publish","has-post-thumbnail"],"yoast_head":"<!-- This site is optimized with the Yoast SEO plugin v27.4 - https:\/\/yoast.com\/product\/yoast-seo-wordpress\/ -->\n<title>Hakk\u0131m\u0131zda | Too Fabric | Markan\u0131za \u00d6zel Tekstil \u00dcretimi<\/title>\n<meta name=\"description\" content=\"Markan\u0131z\u0131n konumunu daha \u00f6zel bir dokunu\u015fla anlatmaya ne dersiniz? Hakk\u0131m\u0131zda daha fazla bilgi al\u0131n, size nas\u0131l destek olabilece\u011fimizi \u00f6\u011frenin!\" \/>\n<meta name=\"robots\" content=\"index, follow, max-snippet:-1, max-image-preview:large, max-video-preview:-1\" \/>\n<link rel=\"canonical\" href=\"https:\/\/toofabric.com\/tr\/hakkimizda\/\" \/>\n<meta property=\"og:locale\" content=\"tr_TR\" \/>\n<meta property=\"og:type\" content=\"article\" \/>\n<meta property=\"og:title\" content=\"Hakk\u0131m\u0131zda | Too Fabric | Markan\u0131za \u00d6zel Tekstil \u00dcretimi\" \/>\n<meta property=\"og:description\" content=\"Markan\u0131z\u0131n konumunu daha \u00f6zel bir dokunu\u015fla anlatmaya ne dersiniz? Hakk\u0131m\u0131zda daha fazla bilgi al\u0131n, size nas\u0131l destek olabilece\u011fimizi \u00f6\u011frenin!\" \/>\n<meta property=\"og:url\" content=\"https:\/\/toofabric.com\/tr\/hakkimizda\/\" \/>\n<meta property=\"og:site_name\" content=\"Too Fabric\" \/>\n<meta property=\"article:modified_time\" content=\"2020-07-14T20:26:23+00:00\" \/>\n<meta property=\"og:image\" content=\"https:\/\/toofabric.com\/wp-content\/uploads\/2019\/09\/Who-We-Are-Ekip.jpeg\" \/>\n<meta name=\"twitter:card\" content=\"summary_large_image\" \/>\n<meta name=\"twitter:label1\" content=\"Tahmini okuma s\u00fcresi\" \/>\n\t<meta name=\"twitter:data1\" content=\"1 dakika\" \/>\n<script type=\"application\/ld+json\" class=\"yoast-schema-graph\">{\"@context\":\"https:\\\/\\\/schema.org\",\"@graph\":[{\"@type\":\"WebPage\",\"@id\":\"https:\\\/\\\/toofabric.com\\\/tr\\\/hakkimizda\\\/\",\"url\":\"https:\\\/\\\/toofabric.com\\\/tr\\\/hakkimizda\\\/\",\"name\":\"Hakk\u0131m\u0131zda | Too Fabric | Markan\u0131za \u00d6zel Tekstil \u00dcretimi\",\"isPartOf\":{\"@id\":\"https:\\\/\\\/toofabric.com\\\/tr\\\/#website\"},\"primaryImageOfPage\":{\"@id\":\"https:\\\/\\\/toofabric.com\\\/tr\\\/hakkimizda\\\/#primaryimage\"},\"image\":{\"@id\":\"https:\\\/\\\/toofabric.com\\\/tr\\\/hakkimizda\\\/#primaryimage\"},\"thumbnailUrl\":\"https:\\\/\\\/toofabric.com\\\/wp-content\\\/uploads\\\/2024\\\/07\\\/4050KirmiziS-5.jpg\",\"datePublished\":\"2019-08-28T08:04:26+00:00\",\"dateModified\":\"2020-07-14T20:26:23+00:00\",\"description\":\"Markan\u0131z\u0131n konumunu daha \u00f6zel bir dokunu\u015fla anlatmaya ne dersiniz? Hakk\u0131m\u0131zda daha fazla bilgi al\u0131n, size nas\u0131l destek olabilece\u011fimizi \u00f6\u011frenin!\",\"breadcrumb\":{\"@id\":\"https:\\\/\\\/toofabric.com\\\/tr\\\/hakkimizda\\\/#breadcrumb\"},\"inLanguage\":\"tr\",\"potentialAction\":[{\"@type\":\"ReadAction\",\"target\":[\"https:\\\/\\\/toofabric.com\\\/tr\\\/hakkimizda\\\/\"]}]},{\"@type\":\"ImageObject\",\"inLanguage\":\"tr\",\"@id\":\"https:\\\/\\\/toofabric.com\\\/tr\\\/hakkimizda\\\/#primaryimage\",\"url\":\"https:\\\/\\\/toofabric.com\\\/wp-content\\\/uploads\\\/2024\\\/07\\\/4050KirmiziS-5.jpg\",\"contentUrl\":\"https:\\\/\\\/toofabric.com\\\/wp-content\\\/uploads\\\/2024\\\/07\\\/4050KirmiziS-5.jpg\",\"width\":1200,\"height\":1800,\"caption\":\"4050 (Red) | Too Fabric | Wholesale Lingerie Manufacturer\"},{\"@type\":\"BreadcrumbList\",\"@id\":\"https:\\\/\\\/toofabric.com\\\/tr\\\/hakkimizda\\\/#breadcrumb\",\"itemListElement\":[{\"@type\":\"ListItem\",\"position\":1,\"name\":\"Home\",\"item\":\"https:\\\/\\\/toofabric.com\\\/tr\\\/\"},{\"@type\":\"ListItem\",\"position\":2,\"name\":\"Hakk\u0131m\u0131zda\"}]},{\"@type\":\"WebSite\",\"@id\":\"https:\\\/\\\/toofabric.com\\\/tr\\\/#website\",\"url\":\"https:\\\/\\\/toofabric.com\\\/tr\\\/\",\"name\":\"Too Fabric\",\"description\":\"Custom Clothing Manufacturer\",\"publisher\":{\"@id\":\"https:\\\/\\\/toofabric.com\\\/tr\\\/#organization\"},\"potentialAction\":[{\"@type\":\"SearchAction\",\"target\":{\"@type\":\"EntryPoint\",\"urlTemplate\":\"https:\\\/\\\/toofabric.com\\\/tr\\\/?s={search_term_string}\"},\"query-input\":{\"@type\":\"PropertyValueSpecification\",\"valueRequired\":true,\"valueName\":\"search_term_string\"}}],\"inLanguage\":\"tr\"},{\"@type\":\"Organization\",\"@id\":\"https:\\\/\\\/toofabric.com\\\/tr\\\/#organization\",\"name\":\"Too Fabric\",\"url\":\"https:\\\/\\\/toofabric.com\\\/tr\\\/\",\"logo\":{\"@type\":\"ImageObject\",\"inLanguage\":\"tr\",\"@id\":\"https:\\\/\\\/toofabric.com\\\/tr\\\/#\\\/schema\\\/logo\\\/image\\\/\",\"url\":\"https:\\\/\\\/toofabric.com\\\/wp-content\\\/uploads\\\/2019\\\/08\\\/Too-Fabric-1.svg\",\"contentUrl\":\"https:\\\/\\\/toofabric.com\\\/wp-content\\\/uploads\\\/2019\\\/08\\\/Too-Fabric-1.svg\",\"width\":1,\"height\":1,\"caption\":\"Too Fabric\"},\"image\":{\"@id\":\"https:\\\/\\\/toofabric.com\\\/tr\\\/#\\\/schema\\\/logo\\\/image\\\/\"},\"sameAs\":[\"https:\\\/\\\/www.instagram.com\\\/toofabric\\\/\",\"https:\\\/\\\/tr.linkedin.com\\\/company\\\/too-fabric?trk=public_profile_topcard_current_company\",\"https:\\\/\\\/www.youtube.com\\\/channel\\\/UCSlIhMOl6lVRT7kZd8_iBRg\"]}]}<\/script>\n<!-- \/ Yoast SEO plugin. -->","yoast_head_json":{"title":"Hakk\u0131m\u0131zda | Too Fabric | Markan\u0131za \u00d6zel Tekstil \u00dcretimi","description":"Markan\u0131z\u0131n konumunu daha \u00f6zel bir dokunu\u015fla anlatmaya ne dersiniz? Hakk\u0131m\u0131zda daha fazla bilgi al\u0131n, size nas\u0131l destek olabilece\u011fimizi \u00f6\u011frenin!","robots":{"index":"index","follow":"follow","max-snippet":"max-snippet:-1","max-image-preview":"max-image-preview:large","max-video-preview":"max-video-preview:-1"},"canonical":"https:\/\/toofabric.com\/tr\/hakkimizda\/","og_locale":"tr_TR","og_type":"article","og_title":"Hakk\u0131m\u0131zda | Too Fabric | Markan\u0131za \u00d6zel Tekstil \u00dcretimi","og_description":"Markan\u0131z\u0131n konumunu daha \u00f6zel bir dokunu\u015fla anlatmaya ne dersiniz? Hakk\u0131m\u0131zda daha fazla bilgi al\u0131n, size nas\u0131l destek olabilece\u011fimizi \u00f6\u011frenin!","og_url":"https:\/\/toofabric.com\/tr\/hakkimizda\/","og_site_name":"Too Fabric","article_modified_time":"2020-07-14T20:26:23+00:00","og_image":[{"url":"https:\/\/toofabric.com\/wp-content\/uploads\/2019\/09\/Who-We-Are-Ekip.jpeg","type":"","width":"","height":""}],"twitter_card":"summary_large_image","twitter_misc":{"Tahmini okuma s\u00fcresi":"1 dakika"},"schema":{"@context":"https:\/\/schema.org","@graph":[{"@type":"WebPage","@id":"https:\/\/toofabric.com\/tr\/hakkimizda\/","url":"https:\/\/toofabric.com\/tr\/hakkimizda\/","name":"Hakk\u0131m\u0131zda | Too Fabric | Markan\u0131za \u00d6zel Tekstil \u00dcretimi","isPartOf":{"@id":"https:\/\/toofabric.com\/tr\/#website"},"primaryImageOfPage":{"@id":"https:\/\/toofabric.com\/tr\/hakkimizda\/#primaryimage"},"image":{"@id":"https:\/\/toofabric.com\/tr\/hakkimizda\/#primaryimage"},"thumbnailUrl":"https:\/\/toofabric.com\/wp-content\/uploads\/2024\/07\/4050KirmiziS-5.jpg","datePublished":"2019-08-28T08:04:26+00:00","dateModified":"2020-07-14T20:26:23+00:00","description":"Markan\u0131z\u0131n konumunu daha \u00f6zel bir dokunu\u015fla anlatmaya ne dersiniz? Hakk\u0131m\u0131zda daha fazla bilgi al\u0131n, size nas\u0131l destek olabilece\u011fimizi \u00f6\u011frenin!","breadcrumb":{"@id":"https:\/\/toofabric.com\/tr\/hakkimizda\/#breadcrumb"},"inLanguage":"tr","potentialAction":[{"@type":"ReadAction","target":["https:\/\/toofabric.com\/tr\/hakkimizda\/"]}]},{"@type":"ImageObject","inLanguage":"tr","@id":"https:\/\/toofabric.com\/tr\/hakkimizda\/#primaryimage","url":"https:\/\/toofabric.com\/wp-content\/uploads\/2024\/07\/4050KirmiziS-5.jpg","contentUrl":"https:\/\/toofabric.com\/wp-content\/uploads\/2024\/07\/4050KirmiziS-5.jpg","width":1200,"height":1800,"caption":"4050 (Red) | Too Fabric | Wholesale Lingerie Manufacturer"},{"@type":"BreadcrumbList","@id":"https:\/\/toofabric.com\/tr\/hakkimizda\/#breadcrumb","itemListElement":[{"@type":"ListItem","position":1,"name":"Home","item":"https:\/\/toofabric.com\/tr\/"},{"@type":"ListItem","position":2,"name":"Hakk\u0131m\u0131zda"}]},{"@type":"WebSite","@id":"https:\/\/toofabric.com\/tr\/#website","url":"https:\/\/toofabric.com\/tr\/","name":"Too Fabric","description":"Custom Clothing Manufacturer","publisher":{"@id":"https:\/\/toofabric.com\/tr\/#organization"},"potentialAction":[{"@type":"SearchAction","target":{"@type":"EntryPoint","urlTemplate":"https:\/\/toofabric.com\/tr\/?s={search_term_string}"},"query-input":{"@type":"PropertyValueSpecification","valueRequired":true,"valueName":"search_term_string"}}],"inLanguage":"tr"},{"@type":"Organization","@id":"https:\/\/toofabric.com\/tr\/#organization","name":"Too Fabric","url":"https:\/\/toofabric.com\/tr\/","logo":{"@type":"ImageObject","inLanguage":"tr","@id":"https:\/\/toofabric.com\/tr\/#\/schema\/logo\/image\/","url":"https:\/\/toofabric.com\/wp-content\/uploads\/2019\/08\/Too-Fabric-1.svg","contentUrl":"https:\/\/toofabric.com\/wp-content\/uploads\/2019\/08\/Too-Fabric-1.svg","width":1,"height":1,"caption":"Too Fabric"},"image":{"@id":"https:\/\/toofabric.com\/tr\/#\/schema\/logo\/image\/"},"sameAs":["https:\/\/www.instagram.com\/toofabric\/","https:\/\/tr.linkedin.com\/company\/too-fabric?trk=public_profile_topcard_current_company","https:\/\/www.youtube.com\/channel\/UCSlIhMOl6lVRT7kZd8_iBRg"]}]}},"_links":{"self":[{"href":"https:\/\/toofabric.com\/tr\/wp-json\/wp\/v2\/pages\/3704","targetHints":{"allow":["GET"]}}],"collection":[{"href":"https:\/\/toofabric.com\/tr\/wp-json\/wp\/v2\/pages"}],"about":[{"href":"https:\/\/toofabric.com\/tr\/wp-json\/wp\/v2\/types\/page"}],"author":[{"embeddable":true,"href":"https:\/\/toofabric.com\/tr\/wp-json\/wp\/v2\/users\/1"}],"replies":[{"embeddable":true,"href":"https:\/\/toofabric.com\/tr\/wp-json\/wp\/v2\/comments?post=3704"}],"version-history":[{"count":0,"href":"https:\/\/toofabric.com\/tr\/wp-json\/wp\/v2\/pages\/3704\/revisions"}],"wp:featuredmedia":[{"embeddable":true,"href":"https:\/\/toofabric.com\/tr\/wp-json\/wp\/v2\/media\/37429"}],"wp:attachment":[{"href":"https:\/\/toofabric.com\/tr\/wp-json\/wp\/v2\/media?parent=3704"}],"curies":[{"name":"wp","href":"https:\/\/api.w.org\/{rel}","templated":true}]}}